{"id":7862,"date":"2014-08-17T09:45:41","date_gmt":"2014-08-17T13:45:41","guid":{"rendered":"http:\/\/mondien.com\/?page_id=7862"},"modified":"2025-07-04T11:17:40","modified_gmt":"2025-07-04T15:17:40","slug":"accueil","status":"publish","type":"page","link":"https:\/\/mondien.com\/fr\/","title":{"rendered":"Accueil"},"content":{"rendered":"<div class=\"wpb-content-wrapper\">[vc_row style=\u00a0\u00bbmargin-top: 0;\u00a0\u00bb][vc_column width=\u00a0\u00bb1\/1&Prime;]<h1 style=\"text-align: center;\">Nous prenons charge\u00a0de tous vos besoins web.<\/h1>\n[\/vc_column][\/vc_row][vc_row][vc_column width=\u00a0\u00bb1\/1&Prime;]<p style=\"text-align: center;\">Nous nous sp\u00e9cialisons dans la cr\u00e9ation de sites web fonctionnels, esth\u00e9tiques et haut de gamme. Nous avons les bons outils pour construire exactement ce dont vous avez besoin, en partant des sites simples informatifs jusqu&rsquo;\u00e0 la conception de boutiques \u00e9lectroniques ou de sites personnalis\u00e9s. Si vous cherchez \u00e0 augmenter vos profits, vous \u00eates au bon endroit. Nous couvrons tous les aspects du marketing Internet qui peuvent vous am\u00e8ner des clients tout en gardant vos co\u00fbts aussi bas que possible: les campagnes de r\u00e9f\u00e9rencement organique, le pay-per-click et les campagnes de m\u00e9dias sociaux.<\/p>\n<hr  class=\"x-gap\" style=\"margin: 2% 0 0 0;\"><hr  class=\"x-hr\" style=\"padding-bottom:20px;\"><h1 style=\"text-align: center;\">Atteignez le march\u00e9 du mobile avec des sites adaptifs.<\/h1>\n[\/vc_column][\/vc_row][vc_row][vc_column width=\u00a0\u00bb1\/1&Prime;]<p><img loading=\"lazy\" decoding=\"async\" class=\"aligncenter wp-image-7126 size-full\" src=\"http:\/\/mondien.com\/wp-content\/uploads\/2014\/07\/homeresponsiveicon.png\" alt=\"homeresponsiveicon\" width=\"870\" height=\"250\" srcset=\"https:\/\/mondien.com\/wp-content\/uploads\/2014\/07\/homeresponsiveicon.png 870w, https:\/\/mondien.com\/wp-content\/uploads\/2014\/07\/homeresponsiveicon-300x86.png 300w, https:\/\/mondien.com\/wp-content\/uploads\/2014\/07\/homeresponsiveicon-100x28.png 100w, https:\/\/mondien.com\/wp-content\/uploads\/2014\/07\/homeresponsiveicon-846x243.png 846w, https:\/\/mondien.com\/wp-content\/uploads\/2014\/07\/homeresponsiveicon-864x248.png 864w\" sizes=\"auto, (max-width: 870px) 100vw, 870px\" \/><\/p>\n<p>&nbsp;<\/p>\n<p style=\"text-align: center;\">Avec l&rsquo;av\u00e8nement du commerce mobile et la grande pr\u00e9valence des t\u00e9l\u00e9phones int\u00e9lligents utilisant 4G LTE, atteindre les utilisateurs mobiles est devenu une n\u00e9cessit\u00e9 pour toutes les entreprises. Les sites Web mobiles et adaptifs que nous construisons peuvent se redimensionner pour s&rsquo;adapter aux t\u00e9l\u00e9viseurs, moniteurs, tablettes, t\u00e9l\u00e9phones int\u00e9lligents et toute autre r\u00e9solution.<\/p>\n<hr  class=\"x-gap\" style=\"margin: 2% 0 0 0;\"><hr  class=\"x-hr\" ><hr  class=\"x-gap\" style=\"margin: 2% 0 0 0;\"><h1 style=\"text-align: center;\">Arriver la premi\u00e8re page de r\u00e9sultats avec le r\u00e9f\u00e9rencement organique.<\/h1>\n[\/vc_column][\/vc_row][vc_row][vc_column width=\u00a0\u00bb1\/1&Prime;]<p><img loading=\"lazy\" decoding=\"async\" class=\"aligncenter wp-image-7127 size-full\" src=\"http:\/\/mondien.com\/wp-content\/uploads\/2014\/07\/homeseoicon.png\" alt=\"homeseoicon\" width=\"870\" height=\"171\" srcset=\"https:\/\/mondien.com\/wp-content\/uploads\/2014\/07\/homeseoicon.png 870w, https:\/\/mondien.com\/wp-content\/uploads\/2014\/07\/homeseoicon-300x58.png 300w, https:\/\/mondien.com\/wp-content\/uploads\/2014\/07\/homeseoicon-100x19.png 100w, https:\/\/mondien.com\/wp-content\/uploads\/2014\/07\/homeseoicon-846x166.png 846w, https:\/\/mondien.com\/wp-content\/uploads\/2014\/07\/homeseoicon-864x171.png 864w\" sizes=\"auto, (max-width: 870px) 100vw, 870px\" \/><\/p>\n<p style=\"text-align: center;\">Nous accordons une grande confiance \u00e0 notre exp\u00e9rience en marketing et croyons que nous pouvons vous aider \u00e0 atteindre le sommet.<br \/>\nNos campagnes de r\u00e9f\u00e9rencement organique sont connus\u00a0d&rsquo;apporter votre site sur la premi\u00e8re page de r\u00e9sultats des moteurs de recherche pour vos mots-cl\u00e9s d\u00e9sir\u00e9s.<\/p>\n<hr  class=\"x-gap\" style=\"margin: 2% 0 0 0;\"><hr  class=\"x-hr\" ><hr  class=\"x-gap\" style=\"margin: 2% 0 0 0;\"><h1 style=\"text-align: center;\">Pourquoi Mondien est le bon choix pour vous.<\/h1>\n[\/vc_column][\/vc_row][vc_row][vc_column width=\u00a0\u00bb1\/1&Prime;]<h3 style=\"text-align: center;\">Une conception moderne et fonctionnelle<\/h3>\n<p style=\"text-align: center;\">Notre conception graphique et Web esth\u00e9tique et moderne peut conf\u00e9rer facilement l&rsquo;information, \u00e9tablissant une connexion avec les visiteurs et transmettant votre message.<\/p>\n<h3 style=\"text-align: center;\">Des tarifs abordables et une multitude de forfaits<\/h3>\n<p style=\"text-align: center;\">Le lancement d&rsquo;une nouvelle campagne de marketing Internet n&rsquo;est pas une t\u00e2che facile et pour cela nous gardons nos tarifs abordables en vous offrant des forfaits qui vous donnent beaucoup plus \u00e0 moindre co\u00fbt.<\/p>\n<h3 style=\"text-align: center;\">Une communication facile et fiable<\/h3>\n<p style=\"text-align: center;\">Nous essayons de maintenir une relation \u00e9troite avec nos clients afin de mieux comprendre ce dont ils ont besoin et de trouver la meilleure fa\u00e7on de les aider dans leurs projets.<\/p>\n<hr  class=\"x-gap\" style=\"margin: 2% 0 0 0;\"><hr  class=\"x-hr\" ><hr  class=\"x-gap\" style=\"margin: 2% 0 0 0;\">[\/vc_column][\/vc_row][vc_row][vc_column width=\u00a0\u00bb1\/4&Prime;]<h3  class=\"h-custom-headline center-text h3\" ><span>\u00c0 propos de nous<\/span><\/h3><p style=\"text-align: center;\">Mondien\u00a0est une compagnie de conception web et de marketing Internet \u00e0 Montr\u00e9al avec l\u2019objectif d\u2019apporter un service de la plus haute qualit\u00e9 \u00e0 ses clients.<\/p>\n<a  class=\"x-btn x-btn-small x-btn-block\" style=\"margin: 0 auto; width: 173px;\" href=\"http:\/\/mondien.com\/fr\/a-propos\/\"     data-options=\"thumbnail: ''\">\n<p>\u00c0 PROPOS<\/p>\n<\/a>[\/vc_column][vc_column width=\u00a0\u00bb1\/4&Prime;]<h3  class=\"h-custom-headline center-text h3\" ><span>Voir notre portfolio<\/span><\/h3><p style=\"text-align: center;\">Nous avons travaill\u00e9 avec plus de 100 entreprises et individus dans divers domaines et leur avons fourni les outils n\u00e9cessaires pour prosp\u00e9rer en ligne.<\/p>\n<a  class=\"x-btn x-btn-small x-btn-block\" style=\"margin: 0 auto; width: 173px;\" href=\"http:\/\/mondien.com\/fr\/portfolio\/\"     data-options=\"thumbnail: ''\">\n<p>PORTFOLIO<\/p>\n<\/a>[\/vc_column][vc_column width=\u00a0\u00bb1\/4&Prime;]<h3  class=\"h-custom-headline center-text h3\" ><span>Demande de\u00a0devis<\/span><\/h3><p style=\"text-align: center;\">Si ce dont vous avez besoin est une approche personnalis\u00e9e \u00e0 votre projet, n&rsquo;h\u00e9sitez pas \u00e0 nous appeler! Nous allons vous aider \u00e0 atteindre votre objectif \u00e0 notre pleine mesure.<\/p>\n<a  class=\"x-btn x-btn-small x-btn-block\" style=\"margin: 0 auto; width: 173px;\" href=\"http:\/\/mondien.com\/fr\/devis\/\"     data-options=\"thumbnail: ''\">\n<p>DEVIS<\/p>\n<\/a>[\/vc_column][vc_column width=\u00a0\u00bb1\/4&Prime;]<h3  class=\"h-custom-headline center-text h3\" ><span>Nous joindre<\/span><\/h3><p style=\"text-align: center;\">Faites-nous savoir quels sont vos besoins de conception ou marketing en ligne, et nous serons heureux de vous proposer des solutions novatrices.<\/p>\n<a  class=\"x-btn x-btn-small x-btn-block\" style=\"margin: 0 auto; width: 173px;\" href=\"http:\/\/mondien.com\/fr\/contact\/\"     data-options=\"thumbnail: ''\">\n<p>CONTACT<\/p>\n<\/a>[\/vc_column][\/vc_row]\n<\/div>","protected":false},"excerpt":{"rendered":"<p>[vc_row style=\u00a0\u00bbmargin-top: 0;\u00a0\u00bb][vc_column width=\u00a0\u00bb1\/1&Prime;][\/vc_column][\/vc_row][vc_row][vc_column width=\u00a0\u00bb1\/1&Prime;][\/vc_column][\/vc_row][vc_row][vc_column width=\u00a0\u00bb1\/1&Prime;][\/vc_column][\/vc_row][vc_row][vc_column width=\u00a0\u00bb1\/1&Prime;][\/vc_column][\/vc_row][vc_row][vc_column width=\u00a0\u00bb1\/1&Prime;][\/vc_column][\/vc_row][vc_row][vc_column width=\u00a0\u00bb1\/4&Prime;][\/vc_column][vc_column width=\u00a0\u00bb1\/4&Prime;][\/vc_column][vc_column width=\u00a0\u00bb1\/4&Prime;][\/vc_column][vc_column width=\u00a0\u00bb1\/4&Prime;][\/vc_column][\/vc_row]<\/p>\n","protected":false},"author":1,"featured_media":0,"parent":0,"menu_order":1,"comment_status":"closed","ping_status":"closed","template":"template-layout-full-width.php","meta":{"_monsterinsights_skip_tracking":false,"_monsterinsights_sitenote_active":false,"_monsterinsights_sitenote_note":"","_monsterinsights_sitenote_category":0,"footnotes":""},"class_list":["post-7862","page","type-page","status-publish","hentry","no-post-thumbnail"],"yoast_head":"<!-- This site is optimized with the Yoast SEO plugin v25.5 - https:\/\/yoast.com\/wordpress\/plugins\/seo\/ -->\n<title>Conception Web Montreal - Agence Design Sites Web | Mondien<\/title>\n<meta name=\"description\" content=\"Fond\u00e9e \u00e0 Montr\u00e9al, Mondien est une compagnie de conception web, d\u00e9veloppement web, r\u00e9f\u00e9rencement, CPC et marketing des m\u00e9dias sociaux.\" \/>\n<meta name=\"robots\" content=\"index, follow, max-snippet:-1, max-image-preview:large, max-video-preview:-1\" \/>\n<link rel=\"canonical\" href=\"https:\/\/mondien.com\/fr\/\" \/>\n<meta property=\"og:locale\" content=\"fr_FR\" \/>\n<meta property=\"og:type\" content=\"article\" \/>\n<meta property=\"og:title\" content=\"Conception Web Montreal - Agence Design Sites Web | Mondien\" \/>\n<meta property=\"og:description\" content=\"Fond\u00e9e \u00e0 Montr\u00e9al, Mondien est une compagnie de conception web, d\u00e9veloppement web, r\u00e9f\u00e9rencement, CPC et marketing des m\u00e9dias sociaux.\" \/>\n<meta property=\"og:url\" content=\"https:\/\/mondien.com\/fr\/\" \/>\n<meta property=\"og:site_name\" content=\"Mondien\" \/>\n<meta property=\"article:publisher\" content=\"https:\/\/www.facebook.com\/Mondien\" \/>\n<meta property=\"article:modified_time\" content=\"2025-07-04T15:17:40+00:00\" \/>\n<meta property=\"og:image\" content=\"https:\/\/mondien.com\/wp-content\/uploads\/2014\/07\/homeresponsiveicon.png\" \/>\n\t<meta property=\"og:image:width\" content=\"870\" \/>\n\t<meta property=\"og:image:height\" content=\"250\" \/>\n\t<meta property=\"og:image:type\" content=\"image\/png\" \/>\n<meta name=\"twitter:card\" content=\"summary_large_image\" \/>\n<meta name=\"twitter:site\" content=\"@Mondien\" \/>\n<meta name=\"twitter:label1\" content=\"Dur\u00e9e de lecture estim\u00e9e\" \/>\n\t<meta name=\"twitter:data1\" content=\"3 minutes\" \/>\n<script type=\"application\/ld+json\" class=\"yoast-schema-graph\">{\"@context\":\"https:\/\/schema.org\",\"@graph\":[{\"@type\":\"WebPage\",\"@id\":\"https:\/\/mondien.com\/fr\/\",\"url\":\"https:\/\/mondien.com\/fr\/\",\"name\":\"Conception Web Montreal - Agence Design Sites Web | Mondien\",\"isPartOf\":{\"@id\":\"https:\/\/mondien.com\/fr\/#website\"},\"primaryImageOfPage\":{\"@id\":\"https:\/\/mondien.com\/fr\/#primaryimage\"},\"image\":{\"@id\":\"https:\/\/mondien.com\/fr\/#primaryimage\"},\"thumbnailUrl\":\"http:\/\/mondien.com\/wp-content\/uploads\/2014\/07\/homeresponsiveicon.png\",\"datePublished\":\"2014-08-17T13:45:41+00:00\",\"dateModified\":\"2025-07-04T15:17:40+00:00\",\"description\":\"Fond\u00e9e \u00e0 Montr\u00e9al, Mondien est une compagnie de conception web, d\u00e9veloppement web, r\u00e9f\u00e9rencement, CPC et marketing des m\u00e9dias sociaux.\",\"breadcrumb\":{\"@id\":\"https:\/\/mondien.com\/fr\/#breadcrumb\"},\"inLanguage\":\"fr-FR\",\"potentialAction\":[{\"@type\":\"ReadAction\",\"target\":[\"https:\/\/mondien.com\/fr\/\"]}]},{\"@type\":\"ImageObject\",\"inLanguage\":\"fr-FR\",\"@id\":\"https:\/\/mondien.com\/fr\/#primaryimage\",\"url\":\"http:\/\/mondien.com\/wp-content\/uploads\/2014\/07\/homeresponsiveicon.png\",\"contentUrl\":\"http:\/\/mondien.com\/wp-content\/uploads\/2014\/07\/homeresponsiveicon.png\"},{\"@type\":\"BreadcrumbList\",\"@id\":\"https:\/\/mondien.com\/fr\/#breadcrumb\",\"itemListElement\":[{\"@type\":\"ListItem\",\"position\":1,\"name\":\"Home\",\"item\":\"https:\/\/mondien.com\/fr\/\"},{\"@type\":\"ListItem\",\"position\":2,\"name\":\"Accueil\"}]},{\"@type\":\"WebSite\",\"@id\":\"https:\/\/mondien.com\/fr\/#website\",\"url\":\"https:\/\/mondien.com\/fr\/\",\"name\":\"Mondien\",\"description\":\"Montreal Web Design - Website Design Company | Mondien\",\"publisher\":{\"@id\":\"https:\/\/mondien.com\/fr\/#organization\"},\"potentialAction\":[{\"@type\":\"SearchAction\",\"target\":{\"@type\":\"EntryPoint\",\"urlTemplate\":\"https:\/\/mondien.com\/fr\/?s={search_term_string}\"},\"query-input\":{\"@type\":\"PropertyValueSpecification\",\"valueRequired\":true,\"valueName\":\"search_term_string\"}}],\"inLanguage\":\"fr-FR\"},{\"@type\":\"Organization\",\"@id\":\"https:\/\/mondien.com\/fr\/#organization\",\"name\":\"Mondien\",\"url\":\"https:\/\/mondien.com\/fr\/\",\"logo\":{\"@type\":\"ImageObject\",\"inLanguage\":\"fr-FR\",\"@id\":\"https:\/\/mondien.com\/fr\/#\/schema\/logo\/image\/\",\"url\":\"https:\/\/mondien.com\/wp-content\/uploads\/2024\/09\/mondienlogo.jpg\",\"contentUrl\":\"https:\/\/mondien.com\/wp-content\/uploads\/2024\/09\/mondienlogo.jpg\",\"width\":500,\"height\":500,\"caption\":\"Mondien\"},\"image\":{\"@id\":\"https:\/\/mondien.com\/fr\/#\/schema\/logo\/image\/\"},\"sameAs\":[\"https:\/\/www.facebook.com\/Mondien\",\"https:\/\/x.com\/Mondien\",\"http:\/\/www.linkedin.com\/company\/mondien\",\"https:\/\/www.pinterest.com\/mondien\/\"]}]}<\/script>\n<!-- \/ Yoast SEO plugin. -->","yoast_head_json":{"title":"Conception Web Montreal - Agence Design Sites Web | Mondien","description":"Fond\u00e9e \u00e0 Montr\u00e9al, Mondien est une compagnie de conception web, d\u00e9veloppement web, r\u00e9f\u00e9rencement, CPC et marketing des m\u00e9dias sociaux.","robots":{"index":"index","follow":"follow","max-snippet":"max-snippet:-1","max-image-preview":"max-image-preview:large","max-video-preview":"max-video-preview:-1"},"canonical":"https:\/\/mondien.com\/fr\/","og_locale":"fr_FR","og_type":"article","og_title":"Conception Web Montreal - Agence Design Sites Web | Mondien","og_description":"Fond\u00e9e \u00e0 Montr\u00e9al, Mondien est une compagnie de conception web, d\u00e9veloppement web, r\u00e9f\u00e9rencement, CPC et marketing des m\u00e9dias sociaux.","og_url":"https:\/\/mondien.com\/fr\/","og_site_name":"Mondien","article_publisher":"https:\/\/www.facebook.com\/Mondien","article_modified_time":"2025-07-04T15:17:40+00:00","og_image":[{"width":870,"height":250,"url":"https:\/\/mondien.com\/wp-content\/uploads\/2014\/07\/homeresponsiveicon.png","type":"image\/png"}],"twitter_card":"summary_large_image","twitter_site":"@Mondien","twitter_misc":{"Dur\u00e9e de lecture estim\u00e9e":"3 minutes"},"schema":{"@context":"https:\/\/schema.org","@graph":[{"@type":"WebPage","@id":"https:\/\/mondien.com\/fr\/","url":"https:\/\/mondien.com\/fr\/","name":"Conception Web Montreal - Agence Design Sites Web | Mondien","isPartOf":{"@id":"https:\/\/mondien.com\/fr\/#website"},"primaryImageOfPage":{"@id":"https:\/\/mondien.com\/fr\/#primaryimage"},"image":{"@id":"https:\/\/mondien.com\/fr\/#primaryimage"},"thumbnailUrl":"http:\/\/mondien.com\/wp-content\/uploads\/2014\/07\/homeresponsiveicon.png","datePublished":"2014-08-17T13:45:41+00:00","dateModified":"2025-07-04T15:17:40+00:00","description":"Fond\u00e9e \u00e0 Montr\u00e9al, Mondien est une compagnie de conception web, d\u00e9veloppement web, r\u00e9f\u00e9rencement, CPC et marketing des m\u00e9dias sociaux.","breadcrumb":{"@id":"https:\/\/mondien.com\/fr\/#breadcrumb"},"inLanguage":"fr-FR","potentialAction":[{"@type":"ReadAction","target":["https:\/\/mondien.com\/fr\/"]}]},{"@type":"ImageObject","inLanguage":"fr-FR","@id":"https:\/\/mondien.com\/fr\/#primaryimage","url":"http:\/\/mondien.com\/wp-content\/uploads\/2014\/07\/homeresponsiveicon.png","contentUrl":"http:\/\/mondien.com\/wp-content\/uploads\/2014\/07\/homeresponsiveicon.png"},{"@type":"BreadcrumbList","@id":"https:\/\/mondien.com\/fr\/#breadcrumb","itemListElement":[{"@type":"ListItem","position":1,"name":"Home","item":"https:\/\/mondien.com\/fr\/"},{"@type":"ListItem","position":2,"name":"Accueil"}]},{"@type":"WebSite","@id":"https:\/\/mondien.com\/fr\/#website","url":"https:\/\/mondien.com\/fr\/","name":"Mondien","description":"Montreal Web Design - Website Design Company | Mondien","publisher":{"@id":"https:\/\/mondien.com\/fr\/#organization"},"potentialAction":[{"@type":"SearchAction","target":{"@type":"EntryPoint","urlTemplate":"https:\/\/mondien.com\/fr\/?s={search_term_string}"},"query-input":{"@type":"PropertyValueSpecification","valueRequired":true,"valueName":"search_term_string"}}],"inLanguage":"fr-FR"},{"@type":"Organization","@id":"https:\/\/mondien.com\/fr\/#organization","name":"Mondien","url":"https:\/\/mondien.com\/fr\/","logo":{"@type":"ImageObject","inLanguage":"fr-FR","@id":"https:\/\/mondien.com\/fr\/#\/schema\/logo\/image\/","url":"https:\/\/mondien.com\/wp-content\/uploads\/2024\/09\/mondienlogo.jpg","contentUrl":"https:\/\/mondien.com\/wp-content\/uploads\/2024\/09\/mondienlogo.jpg","width":500,"height":500,"caption":"Mondien"},"image":{"@id":"https:\/\/mondien.com\/fr\/#\/schema\/logo\/image\/"},"sameAs":["https:\/\/www.facebook.com\/Mondien","https:\/\/x.com\/Mondien","http:\/\/www.linkedin.com\/company\/mondien","https:\/\/www.pinterest.com\/mondien\/"]}]}},"_links":{"self":[{"href":"https:\/\/mondien.com\/fr\/wp-json\/wp\/v2\/pages\/7862","targetHints":{"allow":["GET"]}}],"collection":[{"href":"https:\/\/mondien.com\/fr\/wp-json\/wp\/v2\/pages"}],"about":[{"href":"https:\/\/mondien.com\/fr\/wp-json\/wp\/v2\/types\/page"}],"author":[{"embeddable":true,"href":"https:\/\/mondien.com\/fr\/wp-json\/wp\/v2\/users\/1"}],"replies":[{"embeddable":true,"href":"https:\/\/mondien.com\/fr\/wp-json\/wp\/v2\/comments?post=7862"}],"version-history":[{"count":5,"href":"https:\/\/mondien.com\/fr\/wp-json\/wp\/v2\/pages\/7862\/revisions"}],"predecessor-version":[{"id":15467,"href":"https:\/\/mondien.com\/fr\/wp-json\/wp\/v2\/pages\/7862\/revisions\/15467"}],"wp:attachment":[{"href":"https:\/\/mondien.com\/fr\/wp-json\/wp\/v2\/media?parent=7862"}],"curies":[{"name":"wp","href":"https:\/\/api.w.org\/{rel}","templated":true}]}}