{"id":7874,"date":"2014-08-17T10:04:40","date_gmt":"2014-08-17T14:04:40","guid":{"rendered":"http:\/\/mondien.com\/?page_id=7874"},"modified":"2014-08-17T20:16:19","modified_gmt":"2014-08-18T00:16:19","slug":"solutions-globales","status":"publish","type":"page","link":"https:\/\/mondien.com\/fr\/a-propos\/solutions-globales\/","title":{"rendered":"Solutions globales"},"content":{"rendered":"<div class=\"wpb-content-wrapper\">[vc_row][vc_column width=\u00a0\u00bb1\/1&Prime;]<h2  class=\"h-custom-headline h2\" ><span>Nos\u00a0solutions globales<\/span><\/h2>[\/vc_column][\/vc_row][vc_row][vc_column width=\u00a0\u00bb1\/1&Prime;]<h3  class=\"h-custom-headline h3\" ><span>Mondien offre ses services \u00e0 quiconque \u00e0 travers le monde.<\/span><\/h3><p>Peu importe o\u00f9 vous vous situez, vous pouvez commander un site web ou tout autre service que nous offrons. Nous fournissons uniquement la meilleure qualit\u00e9 de conception web et notre but est d&rsquo;offrir une satisfaction compl\u00e8te \u00e0 nos clients.<\/p>\n<p>Pour les clients r\u00e9sidant au <strong>Canada<\/strong> \u00e0 l&rsquo;ext\u00e9rieur de la grande r\u00e9gion de Montr\u00e9al ou pour les clients r\u00e9sidant dans <strong>un autre pays<\/strong>, nous offrons une m\u00e9thode de paiement direct sur \u200b\u200bnotre site \u00e0 l&rsquo;aide de PayPal, la mani\u00e8re la plus fiable de payer en ligne. S&rsquo;il vous pla\u00eet permettre 1 \u00e0 3 jours pour que nous vous contacterons par courriel ou par t\u00e9l\u00e9phone pour en savoir plus sur les d\u00e9tails de votre commande. Si vous nous <a href=\"\/mondien\/?page_id=7943\">envoyez un message<\/a> descriptif sur la fa\u00e7on dont vous voulez personnaliser le service que vous avez command\u00e9, vous pouvez grandement acc\u00e9l\u00e9rer votre commande.<\/p>\n<p>Apr\u00e8s toute commande, nous vous contacterons par t\u00e9l\u00e9phone ou courriel entre 9h &#8211; 21h dans votre fuseau horaire respectif. Nous allons ensuite maintenir une correspondance \u00e9troite afin d&rsquo;am\u00e9liorer la qualit\u00e9 de notre service. Apr\u00e8s que votre commande est compl\u00e9t\u00e9e, nous vous ferons parvenir un rapport descriptif du travail effectu\u00e9 \u00e0 vous par courriel ainsi que les r\u00e9sultats du service en question. S&rsquo;il vous pla\u00eet permettre un minimum de deux semaines pour un paquet de conception de site Web avec deux jours suppl\u00e9mentaires pour chaque fonctionnalit\u00e9 suppl\u00e9mentaire.N&rsquo;h\u00e9sitez pas \u00e0 <a href=\"\/mondien\/?page_id=7943\">nous joindre<\/a>, nous allons r\u00e9pondre \u00e0 vos questions et vous offrir l&rsquo;information dont vous avez besoin.<\/p>\n[\/vc_column][\/vc_row]\n<\/div>","protected":false},"excerpt":{"rendered":"<p>[vc_row][vc_column width=\u00a0\u00bb1\/1&Prime;][\/vc_column][\/vc_row][vc_row][vc_column width=\u00a0\u00bb1\/1&Prime;][\/vc_column][\/vc_row]<\/p>\n","protected":false},"author":1,"featured_media":0,"parent":7864,"menu_order":2,"comment_status":"closed","ping_status":"closed","template":"template-layout-full-width.php","meta":{"_monsterinsights_skip_tracking":false,"_monsterinsights_sitenote_active":false,"_monsterinsights_sitenote_note":"","_monsterinsights_sitenote_category":0,"footnotes":""},"class_list":["post-7874","page","type-page","status-publish","hentry","no-post-thumbnail"],"yoast_head":"<!-- This site is optimized with the Yoast SEO plugin v25.5 - https:\/\/yoast.com\/wordpress\/plugins\/seo\/ -->\n<title>Solutions globales - Mondien<\/title>\n<meta name=\"robots\" content=\"index, follow, max-snippet:-1, max-image-preview:large, max-video-preview:-1\" \/>\n<link rel=\"canonical\" href=\"https:\/\/mondien.com\/fr\/a-propos\/solutions-globales\/\" \/>\n<meta property=\"og:locale\" content=\"fr_FR\" \/>\n<meta property=\"og:type\" content=\"article\" \/>\n<meta property=\"og:title\" content=\"Solutions globales - Mondien\" \/>\n<meta property=\"og:description\" content=\"[vc_row][vc_column width=\u00a0\u00bb1\/1&Prime;][\/vc_column][\/vc_row][vc_row][vc_column width=\u00a0\u00bb1\/1&Prime;][\/vc_column][\/vc_row]\" \/>\n<meta property=\"og:url\" content=\"https:\/\/mondien.com\/fr\/a-propos\/solutions-globales\/\" \/>\n<meta property=\"og:site_name\" content=\"Mondien\" \/>\n<meta property=\"article:publisher\" content=\"https:\/\/www.facebook.com\/Mondien\" \/>\n<meta property=\"article:modified_time\" content=\"2014-08-18T00:16:19+00:00\" \/>\n<meta property=\"og:image\" content=\"https:\/\/mondien.com\/wp-content\/uploads\/2024\/09\/mondienlogo.jpg\" \/>\n\t<meta property=\"og:image:width\" content=\"500\" \/>\n\t<meta property=\"og:image:height\" content=\"500\" \/>\n\t<meta property=\"og:image:type\" content=\"image\/jpeg\" \/>\n<meta name=\"twitter:card\" content=\"summary_large_image\" \/>\n<meta name=\"twitter:site\" content=\"@Mondien\" \/>\n<meta name=\"twitter:label1\" content=\"Dur\u00e9e de lecture estim\u00e9e\" \/>\n\t<meta name=\"twitter:data1\" content=\"2 minutes\" \/>\n<script type=\"application\/ld+json\" class=\"yoast-schema-graph\">{\"@context\":\"https:\/\/schema.org\",\"@graph\":[{\"@type\":\"WebPage\",\"@id\":\"https:\/\/mondien.com\/fr\/a-propos\/solutions-globales\/\",\"url\":\"https:\/\/mondien.com\/fr\/a-propos\/solutions-globales\/\",\"name\":\"Solutions globales - Mondien\",\"isPartOf\":{\"@id\":\"https:\/\/mondien.com\/fr\/#website\"},\"datePublished\":\"2014-08-17T14:04:40+00:00\",\"dateModified\":\"2014-08-18T00:16:19+00:00\",\"breadcrumb\":{\"@id\":\"https:\/\/mondien.com\/fr\/a-propos\/solutions-globales\/#breadcrumb\"},\"inLanguage\":\"fr-FR\",\"potentialAction\":[{\"@type\":\"ReadAction\",\"target\":[\"https:\/\/mondien.com\/fr\/a-propos\/solutions-globales\/\"]}]},{\"@type\":\"BreadcrumbList\",\"@id\":\"https:\/\/mondien.com\/fr\/a-propos\/solutions-globales\/#breadcrumb\",\"itemListElement\":[{\"@type\":\"ListItem\",\"position\":1,\"name\":\"Home\",\"item\":\"https:\/\/mondien.com\/fr\/\"},{\"@type\":\"ListItem\",\"position\":2,\"name\":\"\u00c0 propos\",\"item\":\"https:\/\/mondien.com\/fr\/a-propos\/\"},{\"@type\":\"ListItem\",\"position\":3,\"name\":\"Solutions globales\"}]},{\"@type\":\"WebSite\",\"@id\":\"https:\/\/mondien.com\/fr\/#website\",\"url\":\"https:\/\/mondien.com\/fr\/\",\"name\":\"Mondien\",\"description\":\"Montreal Web Design - Website Design Company | Mondien\",\"publisher\":{\"@id\":\"https:\/\/mondien.com\/fr\/#organization\"},\"potentialAction\":[{\"@type\":\"SearchAction\",\"target\":{\"@type\":\"EntryPoint\",\"urlTemplate\":\"https:\/\/mondien.com\/fr\/?s={search_term_string}\"},\"query-input\":{\"@type\":\"PropertyValueSpecification\",\"valueRequired\":true,\"valueName\":\"search_term_string\"}}],\"inLanguage\":\"fr-FR\"},{\"@type\":\"Organization\",\"@id\":\"https:\/\/mondien.com\/fr\/#organization\",\"name\":\"Mondien\",\"url\":\"https:\/\/mondien.com\/fr\/\",\"logo\":{\"@type\":\"ImageObject\",\"inLanguage\":\"fr-FR\",\"@id\":\"https:\/\/mondien.com\/fr\/#\/schema\/logo\/image\/\",\"url\":\"https:\/\/mondien.com\/wp-content\/uploads\/2024\/09\/mondienlogo.jpg\",\"contentUrl\":\"https:\/\/mondien.com\/wp-content\/uploads\/2024\/09\/mondienlogo.jpg\",\"width\":500,\"height\":500,\"caption\":\"Mondien\"},\"image\":{\"@id\":\"https:\/\/mondien.com\/fr\/#\/schema\/logo\/image\/\"},\"sameAs\":[\"https:\/\/www.facebook.com\/Mondien\",\"https:\/\/x.com\/Mondien\",\"http:\/\/www.linkedin.com\/company\/mondien\",\"https:\/\/www.pinterest.com\/mondien\/\"]}]}<\/script>\n<!-- \/ Yoast SEO plugin. -->","yoast_head_json":{"title":"Solutions globales - Mondien","robots":{"index":"index","follow":"follow","max-snippet":"max-snippet:-1","max-image-preview":"max-image-preview:large","max-video-preview":"max-video-preview:-1"},"canonical":"https:\/\/mondien.com\/fr\/a-propos\/solutions-globales\/","og_locale":"fr_FR","og_type":"article","og_title":"Solutions globales - Mondien","og_description":"[vc_row][vc_column width=\u00a0\u00bb1\/1&Prime;][\/vc_column][\/vc_row][vc_row][vc_column width=\u00a0\u00bb1\/1&Prime;][\/vc_column][\/vc_row]","og_url":"https:\/\/mondien.com\/fr\/a-propos\/solutions-globales\/","og_site_name":"Mondien","article_publisher":"https:\/\/www.facebook.com\/Mondien","article_modified_time":"2014-08-18T00:16:19+00:00","og_image":[{"width":500,"height":500,"url":"https:\/\/mondien.com\/wp-content\/uploads\/2024\/09\/mondienlogo.jpg","type":"image\/jpeg"}],"twitter_card":"summary_large_image","twitter_site":"@Mondien","twitter_misc":{"Dur\u00e9e de lecture estim\u00e9e":"2 minutes"},"schema":{"@context":"https:\/\/schema.org","@graph":[{"@type":"WebPage","@id":"https:\/\/mondien.com\/fr\/a-propos\/solutions-globales\/","url":"https:\/\/mondien.com\/fr\/a-propos\/solutions-globales\/","name":"Solutions globales - Mondien","isPartOf":{"@id":"https:\/\/mondien.com\/fr\/#website"},"datePublished":"2014-08-17T14:04:40+00:00","dateModified":"2014-08-18T00:16:19+00:00","breadcrumb":{"@id":"https:\/\/mondien.com\/fr\/a-propos\/solutions-globales\/#breadcrumb"},"inLanguage":"fr-FR","potentialAction":[{"@type":"ReadAction","target":["https:\/\/mondien.com\/fr\/a-propos\/solutions-globales\/"]}]},{"@type":"BreadcrumbList","@id":"https:\/\/mondien.com\/fr\/a-propos\/solutions-globales\/#breadcrumb","itemListElement":[{"@type":"ListItem","position":1,"name":"Home","item":"https:\/\/mondien.com\/fr\/"},{"@type":"ListItem","position":2,"name":"\u00c0 propos","item":"https:\/\/mondien.com\/fr\/a-propos\/"},{"@type":"ListItem","position":3,"name":"Solutions globales"}]},{"@type":"WebSite","@id":"https:\/\/mondien.com\/fr\/#website","url":"https:\/\/mondien.com\/fr\/","name":"Mondien","description":"Montreal Web Design - Website Design Company | Mondien","publisher":{"@id":"https:\/\/mondien.com\/fr\/#organization"},"potentialAction":[{"@type":"SearchAction","target":{"@type":"EntryPoint","urlTemplate":"https:\/\/mondien.com\/fr\/?s={search_term_string}"},"query-input":{"@type":"PropertyValueSpecification","valueRequired":true,"valueName":"search_term_string"}}],"inLanguage":"fr-FR"},{"@type":"Organization","@id":"https:\/\/mondien.com\/fr\/#organization","name":"Mondien","url":"https:\/\/mondien.com\/fr\/","logo":{"@type":"ImageObject","inLanguage":"fr-FR","@id":"https:\/\/mondien.com\/fr\/#\/schema\/logo\/image\/","url":"https:\/\/mondien.com\/wp-content\/uploads\/2024\/09\/mondienlogo.jpg","contentUrl":"https:\/\/mondien.com\/wp-content\/uploads\/2024\/09\/mondienlogo.jpg","width":500,"height":500,"caption":"Mondien"},"image":{"@id":"https:\/\/mondien.com\/fr\/#\/schema\/logo\/image\/"},"sameAs":["https:\/\/www.facebook.com\/Mondien","https:\/\/x.com\/Mondien","http:\/\/www.linkedin.com\/company\/mondien","https:\/\/www.pinterest.com\/mondien\/"]}]}},"_links":{"self":[{"href":"https:\/\/mondien.com\/fr\/wp-json\/wp\/v2\/pages\/7874","targetHints":{"allow":["GET"]}}],"collection":[{"href":"https:\/\/mondien.com\/fr\/wp-json\/wp\/v2\/pages"}],"about":[{"href":"https:\/\/mondien.com\/fr\/wp-json\/wp\/v2\/types\/page"}],"author":[{"embeddable":true,"href":"https:\/\/mondien.com\/fr\/wp-json\/wp\/v2\/users\/1"}],"replies":[{"embeddable":true,"href":"https:\/\/mondien.com\/fr\/wp-json\/wp\/v2\/comments?post=7874"}],"version-history":[{"count":0,"href":"https:\/\/mondien.com\/fr\/wp-json\/wp\/v2\/pages\/7874\/revisions"}],"up":[{"embeddable":true,"href":"https:\/\/mondien.com\/fr\/wp-json\/wp\/v2\/pages\/7864"}],"wp:attachment":[{"href":"https:\/\/mondien.com\/fr\/wp-json\/wp\/v2\/media?parent=7874"}],"curies":[{"name":"wp","href":"https:\/\/api.w.org\/{rel}","templated":true}]}}