{"id":7876,"date":"2014-08-17T10:07:03","date_gmt":"2014-08-17T14:07:03","guid":{"rendered":"http:\/\/mondien.com\/?page_id=7876"},"modified":"2014-08-17T20:23:13","modified_gmt":"2014-08-18T00:23:13","slug":"programme-daffiliation","status":"publish","type":"page","link":"https:\/\/mondien.com\/fr\/a-propos\/programme-daffiliation\/","title":{"rendered":"Programme d&rsquo;affiliation"},"content":{"rendered":"<div class=\"wpb-content-wrapper\">[vc_row][vc_column width=\u00a0\u00bb1\/1&Prime;]<h2  class=\"h-custom-headline h2\" ><span>Notre programe d&rsquo;affiliation<\/span><\/h2>[\/vc_column][\/vc_row][vc_row][vc_column width=\u00a0\u00bb1\/1&Prime;]<h3  class=\"h-custom-headline h3\" ><span>Promouvez Mondien en nous r\u00e9f\u00e9rant des clients et recevez 15% de la valeur finale du contrat sign\u00e9.<\/span><\/h3><p>Mondien offre \u00e0 toute personne qui est int\u00e9ress\u00e9e \u00e0 faire la promotion de conception web une commission de 15% de l&rsquo;ensemble du contrat.<\/p>\n<ul>\n<li>Contactez-nous pour nous informer \u00e0 propos du client que vous r\u00e9f\u00e9rez.<\/li>\n<li>Apr\u00e8s le d\u00e9p\u00f4t initial, nous allons confirmer votre r\u00e9f\u00e9rence avec le client.<\/li>\n<li>Vous recevrez alors votre commission par la m\u00e9thode de paiement de votre choix.<\/li>\n<\/ul>\n<p>Le client doit ensuite nous fournir vos coordonn\u00e9es et nous vous envoyerons votre commission par PayPal, Moneybookers, AlertPay, Interac ou Western Union.<\/p>\n<h3>Recevez jusqu&rsquo;\u00e0 30% avec plus de clients r\u00e9f\u00e9r\u00e9s.<\/h3>\n<p>Apr\u00e8s un r\u00e9f\u00e9rence r\u00e9ussite, la suivante vous fera recevoir <strong>15% plus 1%<\/strong> par r\u00e9f\u00e9rence additionnelle, jusqu&rsquo;\u00e0 <strong>20%<\/strong> du contrat final sign\u00e9, puis chaque r\u00e9f\u00e9rence suppl\u00e9mentaire vous fera recevoir <strong>20% plus 2%<\/strong> par client jusqu&rsquo;\u00e0 <strong>30%<\/strong> du contrat final sign\u00e9, apr\u00e8s que le d\u00e9p\u00f4t initial soit effectu\u00e9 par le client. Nous avons les commissions les plus r\u00e9mun\u00e9rates dans l&rsquo;industrie et nous sommes toujours pr\u00eats \u00e0 \u00e9tablir des partenariats avec des soci\u00e9t\u00e9s affili\u00e9es. Pour une r\u00e9f\u00e9rence de $5000, vous obtenez entre $750 et $1500 sans aucun effort.<\/p>\n<h3>Nous recherchons des partenariats \u00e0 long terme.<\/h3>\n<p>Si vous \u00eates une agence ou le propri\u00e9taire d&rsquo;une soci\u00e9t\u00e9 avec des clients ayant besoin de sites Web, il s&rsquo;agit d&rsquo;une occasion id\u00e9ale pour \u00e9tablir un partenariat \u00e0 long terme nous qui pourra \u00e0 la fois faire profiter Mondien et votre entreprise. Il vous suffit de nous joindre pour en savoir plus et pour commencer \u00e0 gagner aujourd&rsquo;hui.<\/p>\n<a  class=\"x-btn x-btn-square x-btn-small alignleft\"  href=\"http:\/\/mondien.com\/fr\/contact\/\"     data-options=\"thumbnail: ''\">CONTACTEZ-NOUS ET GAGNEZ D\u00c8S AUJOURD&rsquo;HUI<\/a>[\/vc_column][\/vc_row]\n<\/div>","protected":false},"excerpt":{"rendered":"<p>[vc_row][vc_column width=\u00a0\u00bb1\/1&Prime;][\/vc_column][\/vc_row][vc_row][vc_column width=\u00a0\u00bb1\/1&Prime;][\/vc_column][\/vc_row]<\/p>\n","protected":false},"author":1,"featured_media":0,"parent":7864,"menu_order":3,"comment_status":"closed","ping_status":"closed","template":"template-layout-full-width.php","meta":{"_monsterinsights_skip_tracking":false,"_monsterinsights_sitenote_active":false,"_monsterinsights_sitenote_note":"","_monsterinsights_sitenote_category":0,"footnotes":""},"class_list":["post-7876","page","type-page","status-publish","hentry","no-post-thumbnail"],"yoast_head":"<!-- This site is optimized with the Yoast SEO plugin v25.5 - https:\/\/yoast.com\/wordpress\/plugins\/seo\/ -->\n<title>Programme d&#039;affiliation - Mondien<\/title>\n<meta name=\"robots\" content=\"index, follow, max-snippet:-1, max-image-preview:large, max-video-preview:-1\" \/>\n<link rel=\"canonical\" href=\"https:\/\/mondien.com\/fr\/a-propos\/programme-daffiliation\/\" \/>\n<meta property=\"og:locale\" content=\"fr_FR\" \/>\n<meta property=\"og:type\" content=\"article\" \/>\n<meta property=\"og:title\" content=\"Programme d&#039;affiliation - Mondien\" \/>\n<meta property=\"og:description\" content=\"[vc_row][vc_column width=\u00a0\u00bb1\/1&Prime;][\/vc_column][\/vc_row][vc_row][vc_column width=\u00a0\u00bb1\/1&Prime;][\/vc_column][\/vc_row]\" \/>\n<meta property=\"og:url\" content=\"https:\/\/mondien.com\/fr\/a-propos\/programme-daffiliation\/\" \/>\n<meta property=\"og:site_name\" content=\"Mondien\" \/>\n<meta property=\"article:publisher\" content=\"https:\/\/www.facebook.com\/Mondien\" \/>\n<meta property=\"article:modified_time\" content=\"2014-08-18T00:23:13+00:00\" \/>\n<meta property=\"og:image\" content=\"https:\/\/mondien.com\/wp-content\/uploads\/2024\/09\/mondienlogo.jpg\" \/>\n\t<meta property=\"og:image:width\" content=\"500\" \/>\n\t<meta property=\"og:image:height\" content=\"500\" \/>\n\t<meta property=\"og:image:type\" content=\"image\/jpeg\" \/>\n<meta name=\"twitter:card\" content=\"summary_large_image\" \/>\n<meta name=\"twitter:site\" content=\"@Mondien\" \/>\n<meta name=\"twitter:label1\" content=\"Dur\u00e9e de lecture estim\u00e9e\" \/>\n\t<meta name=\"twitter:data1\" content=\"2 minutes\" \/>\n<script type=\"application\/ld+json\" class=\"yoast-schema-graph\">{\"@context\":\"https:\/\/schema.org\",\"@graph\":[{\"@type\":\"WebPage\",\"@id\":\"https:\/\/mondien.com\/fr\/a-propos\/programme-daffiliation\/\",\"url\":\"https:\/\/mondien.com\/fr\/a-propos\/programme-daffiliation\/\",\"name\":\"Programme d'affiliation - Mondien\",\"isPartOf\":{\"@id\":\"https:\/\/mondien.com\/fr\/#website\"},\"datePublished\":\"2014-08-17T14:07:03+00:00\",\"dateModified\":\"2014-08-18T00:23:13+00:00\",\"breadcrumb\":{\"@id\":\"https:\/\/mondien.com\/fr\/a-propos\/programme-daffiliation\/#breadcrumb\"},\"inLanguage\":\"fr-FR\",\"potentialAction\":[{\"@type\":\"ReadAction\",\"target\":[\"https:\/\/mondien.com\/fr\/a-propos\/programme-daffiliation\/\"]}]},{\"@type\":\"BreadcrumbList\",\"@id\":\"https:\/\/mondien.com\/fr\/a-propos\/programme-daffiliation\/#breadcrumb\",\"itemListElement\":[{\"@type\":\"ListItem\",\"position\":1,\"name\":\"Home\",\"item\":\"https:\/\/mondien.com\/fr\/\"},{\"@type\":\"ListItem\",\"position\":2,\"name\":\"\u00c0 propos\",\"item\":\"https:\/\/mondien.com\/fr\/a-propos\/\"},{\"@type\":\"ListItem\",\"position\":3,\"name\":\"Programme d&rsquo;affiliation\"}]},{\"@type\":\"WebSite\",\"@id\":\"https:\/\/mondien.com\/fr\/#website\",\"url\":\"https:\/\/mondien.com\/fr\/\",\"name\":\"Mondien\",\"description\":\"Montreal Web Design - Website Design Company | Mondien\",\"publisher\":{\"@id\":\"https:\/\/mondien.com\/fr\/#organization\"},\"potentialAction\":[{\"@type\":\"SearchAction\",\"target\":{\"@type\":\"EntryPoint\",\"urlTemplate\":\"https:\/\/mondien.com\/fr\/?s={search_term_string}\"},\"query-input\":{\"@type\":\"PropertyValueSpecification\",\"valueRequired\":true,\"valueName\":\"search_term_string\"}}],\"inLanguage\":\"fr-FR\"},{\"@type\":\"Organization\",\"@id\":\"https:\/\/mondien.com\/fr\/#organization\",\"name\":\"Mondien\",\"url\":\"https:\/\/mondien.com\/fr\/\",\"logo\":{\"@type\":\"ImageObject\",\"inLanguage\":\"fr-FR\",\"@id\":\"https:\/\/mondien.com\/fr\/#\/schema\/logo\/image\/\",\"url\":\"https:\/\/mondien.com\/wp-content\/uploads\/2024\/09\/mondienlogo.jpg\",\"contentUrl\":\"https:\/\/mondien.com\/wp-content\/uploads\/2024\/09\/mondienlogo.jpg\",\"width\":500,\"height\":500,\"caption\":\"Mondien\"},\"image\":{\"@id\":\"https:\/\/mondien.com\/fr\/#\/schema\/logo\/image\/\"},\"sameAs\":[\"https:\/\/www.facebook.com\/Mondien\",\"https:\/\/x.com\/Mondien\",\"http:\/\/www.linkedin.com\/company\/mondien\",\"https:\/\/www.pinterest.com\/mondien\/\"]}]}<\/script>\n<!-- \/ Yoast SEO plugin. -->","yoast_head_json":{"title":"Programme d'affiliation - Mondien","robots":{"index":"index","follow":"follow","max-snippet":"max-snippet:-1","max-image-preview":"max-image-preview:large","max-video-preview":"max-video-preview:-1"},"canonical":"https:\/\/mondien.com\/fr\/a-propos\/programme-daffiliation\/","og_locale":"fr_FR","og_type":"article","og_title":"Programme d'affiliation - Mondien","og_description":"[vc_row][vc_column width=\u00a0\u00bb1\/1&Prime;][\/vc_column][\/vc_row][vc_row][vc_column width=\u00a0\u00bb1\/1&Prime;][\/vc_column][\/vc_row]","og_url":"https:\/\/mondien.com\/fr\/a-propos\/programme-daffiliation\/","og_site_name":"Mondien","article_publisher":"https:\/\/www.facebook.com\/Mondien","article_modified_time":"2014-08-18T00:23:13+00:00","og_image":[{"width":500,"height":500,"url":"https:\/\/mondien.com\/wp-content\/uploads\/2024\/09\/mondienlogo.jpg","type":"image\/jpeg"}],"twitter_card":"summary_large_image","twitter_site":"@Mondien","twitter_misc":{"Dur\u00e9e de lecture estim\u00e9e":"2 minutes"},"schema":{"@context":"https:\/\/schema.org","@graph":[{"@type":"WebPage","@id":"https:\/\/mondien.com\/fr\/a-propos\/programme-daffiliation\/","url":"https:\/\/mondien.com\/fr\/a-propos\/programme-daffiliation\/","name":"Programme d'affiliation - Mondien","isPartOf":{"@id":"https:\/\/mondien.com\/fr\/#website"},"datePublished":"2014-08-17T14:07:03+00:00","dateModified":"2014-08-18T00:23:13+00:00","breadcrumb":{"@id":"https:\/\/mondien.com\/fr\/a-propos\/programme-daffiliation\/#breadcrumb"},"inLanguage":"fr-FR","potentialAction":[{"@type":"ReadAction","target":["https:\/\/mondien.com\/fr\/a-propos\/programme-daffiliation\/"]}]},{"@type":"BreadcrumbList","@id":"https:\/\/mondien.com\/fr\/a-propos\/programme-daffiliation\/#breadcrumb","itemListElement":[{"@type":"ListItem","position":1,"name":"Home","item":"https:\/\/mondien.com\/fr\/"},{"@type":"ListItem","position":2,"name":"\u00c0 propos","item":"https:\/\/mondien.com\/fr\/a-propos\/"},{"@type":"ListItem","position":3,"name":"Programme d&rsquo;affiliation"}]},{"@type":"WebSite","@id":"https:\/\/mondien.com\/fr\/#website","url":"https:\/\/mondien.com\/fr\/","name":"Mondien","description":"Montreal Web Design - Website Design Company | Mondien","publisher":{"@id":"https:\/\/mondien.com\/fr\/#organization"},"potentialAction":[{"@type":"SearchAction","target":{"@type":"EntryPoint","urlTemplate":"https:\/\/mondien.com\/fr\/?s={search_term_string}"},"query-input":{"@type":"PropertyValueSpecification","valueRequired":true,"valueName":"search_term_string"}}],"inLanguage":"fr-FR"},{"@type":"Organization","@id":"https:\/\/mondien.com\/fr\/#organization","name":"Mondien","url":"https:\/\/mondien.com\/fr\/","logo":{"@type":"ImageObject","inLanguage":"fr-FR","@id":"https:\/\/mondien.com\/fr\/#\/schema\/logo\/image\/","url":"https:\/\/mondien.com\/wp-content\/uploads\/2024\/09\/mondienlogo.jpg","contentUrl":"https:\/\/mondien.com\/wp-content\/uploads\/2024\/09\/mondienlogo.jpg","width":500,"height":500,"caption":"Mondien"},"image":{"@id":"https:\/\/mondien.com\/fr\/#\/schema\/logo\/image\/"},"sameAs":["https:\/\/www.facebook.com\/Mondien","https:\/\/x.com\/Mondien","http:\/\/www.linkedin.com\/company\/mondien","https:\/\/www.pinterest.com\/mondien\/"]}]}},"_links":{"self":[{"href":"https:\/\/mondien.com\/fr\/wp-json\/wp\/v2\/pages\/7876","targetHints":{"allow":["GET"]}}],"collection":[{"href":"https:\/\/mondien.com\/fr\/wp-json\/wp\/v2\/pages"}],"about":[{"href":"https:\/\/mondien.com\/fr\/wp-json\/wp\/v2\/types\/page"}],"author":[{"embeddable":true,"href":"https:\/\/mondien.com\/fr\/wp-json\/wp\/v2\/users\/1"}],"replies":[{"embeddable":true,"href":"https:\/\/mondien.com\/fr\/wp-json\/wp\/v2\/comments?post=7876"}],"version-history":[{"count":0,"href":"https:\/\/mondien.com\/fr\/wp-json\/wp\/v2\/pages\/7876\/revisions"}],"up":[{"embeddable":true,"href":"https:\/\/mondien.com\/fr\/wp-json\/wp\/v2\/pages\/7864"}],"wp:attachment":[{"href":"https:\/\/mondien.com\/fr\/wp-json\/wp\/v2\/media?parent=7876"}],"curies":[{"name":"wp","href":"https:\/\/api.w.org\/{rel}","templated":true}]}}