{"id":7878,"date":"2014-08-17T10:14:45","date_gmt":"2014-08-17T14:14:45","guid":{"rendered":"http:\/\/mondien.com\/?page_id=7878"},"modified":"2015-09-04T17:24:51","modified_gmt":"2015-09-04T21:24:51","slug":"services","status":"publish","type":"page","link":"https:\/\/mondien.com\/fr\/services\/","title":{"rendered":"Services"},"content":{"rendered":"<div class=\"wpb-content-wrapper\">[vc_row][vc_column width=\u00a0\u00bb1\/1&Prime;]<h1  class=\"h-custom-headline h1\" ><span>\n<p>Tous nos services<\/p>\n<\/span><\/h1>[\/vc_column][\/vc_row][vc_row padding_top=\u00a0\u00bb0px\u00a0\u00bb padding_bottom=\u00a0\u00bb0px\u00a0\u00bb border=\u00a0\u00bbnone\u00a0\u00bb style=\u00a0\u00bbmargin-bottom:0;\u00a0\u00bb][vc_column width=\u00a0\u00bb1\/4&Prime;]<img decoding=\"async\"  class=\"x-img x-img-none none\"  src=\"https:\/\/mondien.com\/wp-content\/uploads\/2014\/07\/webdesign1.png\" ><hr  class=\"x-gap\" style=\"margin: 5% 0 0 0;\"><h3  class=\"h-custom-headline h3\" ><span>\n<p><a href=\"\/mondien\/?page_id=7880\">Conception web<\/a><\/p>\n<\/span><\/h3><p><a href=\"\/mondien\/?page_id=7882\">Site web HTML<\/a><br \/>\n<a href=\"\/mondien\/?page_id=7884\">Site web CMS<\/a><br \/>\n<a href=\"\/mondien\/?page_id=7886\">Site web eCommerce<\/a><br \/>\n<a href=\"\/mondien\/?page_id=7888\">Site web mobiles<\/a><br \/>\n<a href=\"\/mondien\/?page_id=7890\">Site web multilingues<\/a><br \/>\n<a href=\"\/mondien\/?page_id=7892\">H\u00e9bergement web<\/a><br \/>\n<a href=\"\/mondien\/?page_id=7894\">Maintenance web<\/a><\/p>\n[\/vc_column][vc_column width=\u00a0\u00bb1\/4&Prime;]<img decoding=\"async\"  class=\"x-img x-img-none none\"  src=\"https:\/\/mondien.com\/wp-content\/uploads\/2014\/07\/graphicdesign1.png\" ><hr  class=\"x-gap\" style=\"margin: 5% 0 0 0;\"><h3  class=\"h-custom-headline h3\" ><span>\n<p><a href=\"\/mondien\/?page_id=7896\">Design graphique<\/a><\/p>\n<\/span><\/h3><p><a href=\"\/mondien\/?page_id=7898\">Cr\u00e9ation graphique<\/a><br \/>\n<a href=\"\/mondien\/?page_id=7900\">Conception logo<\/a><br \/>\n<a href=\"\/mondien\/?page_id=7902\">Conception cartes d&rsquo;affaires<\/a><br \/>\n<a href=\"\/mondien\/?page_id=7905\">Conception d\u00e9pliants<\/a><br \/>\n<a href=\"\/mondien\/?page_id=7907\">Branding<\/a><\/p>\n[\/vc_column][vc_column width=\u00a0\u00bb1\/4&Prime;]<img decoding=\"async\"  class=\"x-img x-img-none none\"  src=\"https:\/\/mondien.com\/wp-content\/uploads\/2014\/07\/internetmarketing2.png\" ><hr  class=\"x-gap\" style=\"margin: 5% 0 0 0;\"><h3  class=\"h-custom-headline h3\" ><span>\n<p><a href=\"\/mondien\/?page_id=7913\">Marketing web<\/a><\/p>\n<\/span><\/h3><p><a href=\"\/mondien\/?page_id=7915\">Pay-per-click<\/a><br \/>\n<a href=\"\/mondien\/?page_id=7917\">SEO sur site<\/a><br \/>\n<a href=\"\/mondien\/?page_id=7919\">SEO hors site<\/a><br \/>\n<a href=\"\/mondien\/?page_id=7921\">M\u00e9dias Sociaux<\/a><br \/>\n<a href=\"\/mondien\/?page_id=7923\">R\u00e9f\u00e9rencement web<\/a><br \/>\n<a href=\"\/mondien\/?page_id=7925\">Audio &amp; Vid\u00e9o<\/a><br \/>\n<a href=\"\/mondien\/?page_id=7927\">Affili\u00e9s<\/a><\/p>\n[\/vc_column][vc_column width=\u00a0\u00bb1\/4&Prime;]<img decoding=\"async\"  class=\"x-img x-img-none none\"  src=\"https:\/\/mondien.com\/wp-content\/uploads\/2014\/07\/copywriting1.png\" ><hr  class=\"x-gap\" style=\"margin: 5% 0 0 0;\"><h3  class=\"h-custom-headline h3\" ><span>\n<p><a href=\"\/mondien\/?page_id=7929\">Contenu<\/a><\/p>\n<\/span><\/h3><p><a href=\"\/mondien\/?page_id=7931\">Articles<\/a><br \/>\n<a href=\"\/mondien\/?page_id=7933\">Communiqu\u00e9s de presse<\/a><\/p>\n[\/vc_column][\/vc_row][vc_row][vc_column width=\u00a0\u00bb1\/1&Prime;]<hr  class=\"x-hr\" ><h3  class=\"h-custom-headline h3\" ><span>\n<p>Parlons de votre projet web?<\/p>\n<\/span><\/h3><p>Notre approche personnalis\u00e9e de conception Web et de marketing peut vous aider \u00e0 obtenir un important retour sur votre investissement et de red\u00e9finir l&rsquo;identit\u00e9 de votre entreprise afin de gagner de nouveaux clients, d&rsquo;atteindre de nouveaux march\u00e9s et d&rsquo;accomplir vos objectifs. Vous trouverez ci-dessous la liste compl\u00e8te de nos services.<\/p>\n<a  class=\"x-btn x-btn-square x-btn-small alignleft\"  href=\"http:\/\/mondien.com\/fr\/portfolio\/\"     data-options=\"thumbnail: ''\">\n<p>D\u00c9COUVREZ NOTRE PORTFOLIO<\/p>\n<\/a><a  class=\"x-btn x-btn-square x-btn-small alignleft\"  href=\"http:\/\/mondien.com\/fr\/devis\/\"     data-options=\"thumbnail: ''\">\n<p>DEMANDEZ UN DEVIS<\/p>\n<\/a><a  class=\"x-btn x-btn-square x-btn-small alignleft\"  href=\"http:\/\/mondien.com\/fr\/contact\/\"     data-options=\"thumbnail: ''\">\n<p>CONTACTEZ-NOUS<\/p>\n<\/a>[\/vc_column][\/vc_row]\n<\/div>","protected":false},"excerpt":{"rendered":"<p>[vc_row][vc_column width=\u00a0\u00bb1\/1&Prime;][\/vc_column][\/vc_row][vc_row padding_top=\u00a0\u00bb0px\u00a0\u00bb padding_bottom=\u00a0\u00bb0px\u00a0\u00bb border=\u00a0\u00bbnone\u00a0\u00bb style=\u00a0\u00bbmargin-bottom:0;\u00a0\u00bb][vc_column width=\u00a0\u00bb1\/4&Prime;][\/vc_column][vc_column width=\u00a0\u00bb1\/4&Prime;][\/vc_column][vc_column width=\u00a0\u00bb1\/4&Prime;][\/vc_column][vc_column width=\u00a0\u00bb1\/4&Prime;][\/vc_column][\/vc_row][vc_row][vc_column width=\u00a0\u00bb1\/1&Prime;][\/vc_column][\/vc_row]<\/p>\n","protected":false},"author":1,"featured_media":0,"parent":0,"menu_order":3,"comment_status":"closed","ping_status":"closed","template":"template-layout-full-width.php","meta":{"_monsterinsights_skip_tracking":false,"_monsterinsights_sitenote_active":false,"_monsterinsights_sitenote_note":"","_monsterinsights_sitenote_category":0,"footnotes":""},"class_list":["post-7878","page","type-page","status-publish","hentry","no-post-thumbnail"],"yoast_head":"<!-- This site is optimized with the Yoast SEO plugin v25.5 - https:\/\/yoast.com\/wordpress\/plugins\/seo\/ -->\n<title>Services - Mondien<\/title>\n<meta name=\"robots\" content=\"index, follow, max-snippet:-1, max-image-preview:large, max-video-preview:-1\" \/>\n<link rel=\"canonical\" href=\"https:\/\/mondien.com\/fr\/services\/\" \/>\n<meta property=\"og:locale\" content=\"fr_FR\" \/>\n<meta property=\"og:type\" content=\"article\" \/>\n<meta property=\"og:title\" content=\"Services - Mondien\" \/>\n<meta property=\"og:description\" content=\"[vc_row][vc_column width=\u00a0\u00bb1\/1&Prime;][\/vc_column][\/vc_row][vc_row padding_top=\u00a0\u00bb0px\u00a0\u00bb padding_bottom=\u00a0\u00bb0px\u00a0\u00bb border=\u00a0\u00bbnone\u00a0\u00bb style=\u00a0\u00bbmargin-bottom:0;\u00a0\u00bb][vc_column width=\u00a0\u00bb1\/4&Prime;][\/vc_column][vc_column width=\u00a0\u00bb1\/4&Prime;][\/vc_column][vc_column width=\u00a0\u00bb1\/4&Prime;][\/vc_column][vc_column width=\u00a0\u00bb1\/4&Prime;][\/vc_column][\/vc_row][vc_row][vc_column width=\u00a0\u00bb1\/1&Prime;][\/vc_column][\/vc_row]\" \/>\n<meta property=\"og:url\" content=\"https:\/\/mondien.com\/fr\/services\/\" \/>\n<meta property=\"og:site_name\" content=\"Mondien\" \/>\n<meta property=\"article:publisher\" content=\"https:\/\/www.facebook.com\/Mondien\" \/>\n<meta property=\"article:modified_time\" content=\"2015-09-04T21:24:51+00:00\" \/>\n<meta property=\"og:image\" content=\"https:\/\/mondien.com\/wp-content\/uploads\/2024\/09\/mondienlogo.jpg\" \/>\n\t<meta property=\"og:image:width\" content=\"500\" \/>\n\t<meta property=\"og:image:height\" content=\"500\" \/>\n\t<meta property=\"og:image:type\" content=\"image\/jpeg\" \/>\n<meta name=\"twitter:card\" content=\"summary_large_image\" \/>\n<meta name=\"twitter:site\" content=\"@Mondien\" \/>\n<meta name=\"twitter:label1\" content=\"Dur\u00e9e de lecture estim\u00e9e\" \/>\n\t<meta name=\"twitter:data1\" content=\"2 minutes\" \/>\n<script type=\"application\/ld+json\" class=\"yoast-schema-graph\">{\"@context\":\"https:\/\/schema.org\",\"@graph\":[{\"@type\":\"WebPage\",\"@id\":\"https:\/\/mondien.com\/fr\/services\/\",\"url\":\"https:\/\/mondien.com\/fr\/services\/\",\"name\":\"Services - Mondien\",\"isPartOf\":{\"@id\":\"https:\/\/mondien.com\/fr\/#website\"},\"datePublished\":\"2014-08-17T14:14:45+00:00\",\"dateModified\":\"2015-09-04T21:24:51+00:00\",\"breadcrumb\":{\"@id\":\"https:\/\/mondien.com\/fr\/services\/#breadcrumb\"},\"inLanguage\":\"fr-FR\",\"potentialAction\":[{\"@type\":\"ReadAction\",\"target\":[\"https:\/\/mondien.com\/fr\/services\/\"]}]},{\"@type\":\"BreadcrumbList\",\"@id\":\"https:\/\/mondien.com\/fr\/services\/#breadcrumb\",\"itemListElement\":[{\"@type\":\"ListItem\",\"position\":1,\"name\":\"Home\",\"item\":\"https:\/\/mondien.com\/fr\/\"},{\"@type\":\"ListItem\",\"position\":2,\"name\":\"Services\"}]},{\"@type\":\"WebSite\",\"@id\":\"https:\/\/mondien.com\/fr\/#website\",\"url\":\"https:\/\/mondien.com\/fr\/\",\"name\":\"Mondien\",\"description\":\"Montreal Web Design - Website Design Company | Mondien\",\"publisher\":{\"@id\":\"https:\/\/mondien.com\/fr\/#organization\"},\"potentialAction\":[{\"@type\":\"SearchAction\",\"target\":{\"@type\":\"EntryPoint\",\"urlTemplate\":\"https:\/\/mondien.com\/fr\/?s={search_term_string}\"},\"query-input\":{\"@type\":\"PropertyValueSpecification\",\"valueRequired\":true,\"valueName\":\"search_term_string\"}}],\"inLanguage\":\"fr-FR\"},{\"@type\":\"Organization\",\"@id\":\"https:\/\/mondien.com\/fr\/#organization\",\"name\":\"Mondien\",\"url\":\"https:\/\/mondien.com\/fr\/\",\"logo\":{\"@type\":\"ImageObject\",\"inLanguage\":\"fr-FR\",\"@id\":\"https:\/\/mondien.com\/fr\/#\/schema\/logo\/image\/\",\"url\":\"https:\/\/mondien.com\/wp-content\/uploads\/2024\/09\/mondienlogo.jpg\",\"contentUrl\":\"https:\/\/mondien.com\/wp-content\/uploads\/2024\/09\/mondienlogo.jpg\",\"width\":500,\"height\":500,\"caption\":\"Mondien\"},\"image\":{\"@id\":\"https:\/\/mondien.com\/fr\/#\/schema\/logo\/image\/\"},\"sameAs\":[\"https:\/\/www.facebook.com\/Mondien\",\"https:\/\/x.com\/Mondien\",\"http:\/\/www.linkedin.com\/company\/mondien\",\"https:\/\/www.pinterest.com\/mondien\/\"]}]}<\/script>\n<!-- \/ Yoast SEO plugin. -->","yoast_head_json":{"title":"Services - Mondien","robots":{"index":"index","follow":"follow","max-snippet":"max-snippet:-1","max-image-preview":"max-image-preview:large","max-video-preview":"max-video-preview:-1"},"canonical":"https:\/\/mondien.com\/fr\/services\/","og_locale":"fr_FR","og_type":"article","og_title":"Services - Mondien","og_description":"[vc_row][vc_column width=\u00a0\u00bb1\/1&Prime;][\/vc_column][\/vc_row][vc_row padding_top=\u00a0\u00bb0px\u00a0\u00bb padding_bottom=\u00a0\u00bb0px\u00a0\u00bb border=\u00a0\u00bbnone\u00a0\u00bb style=\u00a0\u00bbmargin-bottom:0;\u00a0\u00bb][vc_column width=\u00a0\u00bb1\/4&Prime;][\/vc_column][vc_column width=\u00a0\u00bb1\/4&Prime;][\/vc_column][vc_column width=\u00a0\u00bb1\/4&Prime;][\/vc_column][vc_column width=\u00a0\u00bb1\/4&Prime;][\/vc_column][\/vc_row][vc_row][vc_column width=\u00a0\u00bb1\/1&Prime;][\/vc_column][\/vc_row]","og_url":"https:\/\/mondien.com\/fr\/services\/","og_site_name":"Mondien","article_publisher":"https:\/\/www.facebook.com\/Mondien","article_modified_time":"2015-09-04T21:24:51+00:00","og_image":[{"width":500,"height":500,"url":"https:\/\/mondien.com\/wp-content\/uploads\/2024\/09\/mondienlogo.jpg","type":"image\/jpeg"}],"twitter_card":"summary_large_image","twitter_site":"@Mondien","twitter_misc":{"Dur\u00e9e de lecture estim\u00e9e":"2 minutes"},"schema":{"@context":"https:\/\/schema.org","@graph":[{"@type":"WebPage","@id":"https:\/\/mondien.com\/fr\/services\/","url":"https:\/\/mondien.com\/fr\/services\/","name":"Services - Mondien","isPartOf":{"@id":"https:\/\/mondien.com\/fr\/#website"},"datePublished":"2014-08-17T14:14:45+00:00","dateModified":"2015-09-04T21:24:51+00:00","breadcrumb":{"@id":"https:\/\/mondien.com\/fr\/services\/#breadcrumb"},"inLanguage":"fr-FR","potentialAction":[{"@type":"ReadAction","target":["https:\/\/mondien.com\/fr\/services\/"]}]},{"@type":"BreadcrumbList","@id":"https:\/\/mondien.com\/fr\/services\/#breadcrumb","itemListElement":[{"@type":"ListItem","position":1,"name":"Home","item":"https:\/\/mondien.com\/fr\/"},{"@type":"ListItem","position":2,"name":"Services"}]},{"@type":"WebSite","@id":"https:\/\/mondien.com\/fr\/#website","url":"https:\/\/mondien.com\/fr\/","name":"Mondien","description":"Montreal Web Design - Website Design Company | Mondien","publisher":{"@id":"https:\/\/mondien.com\/fr\/#organization"},"potentialAction":[{"@type":"SearchAction","target":{"@type":"EntryPoint","urlTemplate":"https:\/\/mondien.com\/fr\/?s={search_term_string}"},"query-input":{"@type":"PropertyValueSpecification","valueRequired":true,"valueName":"search_term_string"}}],"inLanguage":"fr-FR"},{"@type":"Organization","@id":"https:\/\/mondien.com\/fr\/#organization","name":"Mondien","url":"https:\/\/mondien.com\/fr\/","logo":{"@type":"ImageObject","inLanguage":"fr-FR","@id":"https:\/\/mondien.com\/fr\/#\/schema\/logo\/image\/","url":"https:\/\/mondien.com\/wp-content\/uploads\/2024\/09\/mondienlogo.jpg","contentUrl":"https:\/\/mondien.com\/wp-content\/uploads\/2024\/09\/mondienlogo.jpg","width":500,"height":500,"caption":"Mondien"},"image":{"@id":"https:\/\/mondien.com\/fr\/#\/schema\/logo\/image\/"},"sameAs":["https:\/\/www.facebook.com\/Mondien","https:\/\/x.com\/Mondien","http:\/\/www.linkedin.com\/company\/mondien","https:\/\/www.pinterest.com\/mondien\/"]}]}},"_links":{"self":[{"href":"https:\/\/mondien.com\/fr\/wp-json\/wp\/v2\/pages\/7878","targetHints":{"allow":["GET"]}}],"collection":[{"href":"https:\/\/mondien.com\/fr\/wp-json\/wp\/v2\/pages"}],"about":[{"href":"https:\/\/mondien.com\/fr\/wp-json\/wp\/v2\/types\/page"}],"author":[{"embeddable":true,"href":"https:\/\/mondien.com\/fr\/wp-json\/wp\/v2\/users\/1"}],"replies":[{"embeddable":true,"href":"https:\/\/mondien.com\/fr\/wp-json\/wp\/v2\/comments?post=7878"}],"version-history":[{"count":0,"href":"https:\/\/mondien.com\/fr\/wp-json\/wp\/v2\/pages\/7878\/revisions"}],"wp:attachment":[{"href":"https:\/\/mondien.com\/fr\/wp-json\/wp\/v2\/media?parent=7878"}],"curies":[{"name":"wp","href":"https:\/\/api.w.org\/{rel}","templated":true}]}}