{"id":7888,"date":"2014-08-17T10:26:20","date_gmt":"2014-08-17T14:26:20","guid":{"rendered":"http:\/\/mondien.com\/?page_id=7888"},"modified":"2015-06-17T20:08:02","modified_gmt":"2015-06-18T00:08:02","slug":"sites-web-mobiles","status":"publish","type":"page","link":"https:\/\/mondien.com\/fr\/services\/conception-web\/sites-web-mobiles\/","title":{"rendered":"Sites web mobiles"},"content":{"rendered":"<div class=\"wpb-content-wrapper\">[vc_row][vc_column width=\u00a0\u00bb1\/1&Prime;]<h2  class=\"h-custom-headline h2\" ><span>Sites adaptifs et applications mobiles int\u00e9ractives.<\/span><\/h2>[\/vc_column][\/vc_row][vc_row][vc_column width=\u00a0\u00bb1\/4&Prime;]<img decoding=\"async\"  class=\"x-img x-img-none none\"  src=\"https:\/\/mondien.com\/wp-content\/uploads\/2014\/07\/responsivemobile.png\" >[\/vc_column][vc_column width=\u00a0\u00bb3\/4&Prime;]<p>Lancez votre entreprise sur le march\u00e9 du mobile avec la construction d&rsquo;un site adaptif, un site web mobile secondaire ou une application mobile multifonctionnelle. Nous construisons des sites mobiles et des applications qui sont compatibles avec tous les t\u00e9l\u00e9phones mobiles.<\/p>\n<h3><a href=\"http:\/\/mondien.com\/wp-content\/uploads\/2014\/07\/responsivemobileicon.png\"><img loading=\"lazy\" decoding=\"async\" class=\"aligncenter size-full wp-image-6866\" src=\"http:\/\/mondien.com\/wp-content\/uploads\/2014\/07\/responsivemobileicon.png\" alt=\"responsivemobileicon\" width=\"500\" height=\"141\" srcset=\"https:\/\/mondien.com\/wp-content\/uploads\/2014\/07\/responsivemobileicon.png 500w, https:\/\/mondien.com\/wp-content\/uploads\/2014\/07\/responsivemobileicon-300x84.png 300w, https:\/\/mondien.com\/wp-content\/uploads\/2014\/07\/responsivemobileicon-100x28.png 100w\" sizes=\"auto, (max-width: 500px) 100vw, 500px\" \/><\/a>Besoin d&rsquo;une application mobile? Nous pouvons vous aider.<\/h3>\n<p>Nous d\u00e9veloppons des applications pour <strong>Windows 8\u2122<\/strong>, <strong>Apple iOS\u2122<\/strong>, <strong>MeeGo\u2122<\/strong>, <strong>Samsung bada\u2122<\/strong>, <strong>Brew MP\u2122<\/strong>, <strong>Google Android\u2122<\/strong>, <strong>Nokia SymbianOS\u2122<\/strong> et <strong>Blackberry\u2122<\/strong> si vous avez besoin de faire appel \u00e0 un march\u00e9 sp\u00e9cifique. Si vous avez besoin d&rsquo;une application mobile, contactez-nous pour un devis et nous vous r\u00e9pondrons dans un d\u00e9lai court.<\/p>\n<h3>Simplifiez la navigation sur les appareils mobiles.<\/h3>\n<p>Nous sommes en mesure de cr\u00e9er des sites adaptifs qui pr\u00e9sentent votre contenu d&rsquo;une mani\u00e8re lisible et bien organis\u00e9e. Tendez la main \u00e0 plus de 150 millions d&rsquo;utilisateurs mobiles et atteignez de nouveaux march\u00e9s.<\/p>\n<a  class=\"x-btn x-btn-square x-btn-small alignleft\"  href=\"http:\/\/mondien.com\/fr\/portfolio\/\"     data-options=\"thumbnail: ''\">D\u00c9COUVREZ NOTRE PORTFOLIO<\/a><a  class=\"x-btn x-btn-square x-btn-small alignleft\"  href=\"http:\/\/mondien.com\/fr\/devis\/\"     data-options=\"thumbnail: ''\">DEMANDEZ UN DEVIS<\/a><a  class=\"x-btn x-btn-square x-btn-small alignleft\"  href=\"http:\/\/mondien.com\/fr\/contact\/\"     data-options=\"thumbnail: ''\">CONTACTEZ-NOUS<\/a>[\/vc_column][\/vc_row]\n<\/div>","protected":false},"excerpt":{"rendered":"<p>[vc_row][vc_column width=\u00a0\u00bb1\/1&Prime;][\/vc_column][\/vc_row][vc_row][vc_column width=\u00a0\u00bb1\/4&Prime;][\/vc_column][vc_column width=\u00a0\u00bb3\/4&Prime;][\/vc_column][\/vc_row]<\/p>\n","protected":false},"author":1,"featured_media":0,"parent":7880,"menu_order":4,"comment_status":"closed","ping_status":"closed","template":"template-layout-full-width.php","meta":{"_monsterinsights_skip_tracking":false,"_monsterinsights_sitenote_active":false,"_monsterinsights_sitenote_note":"","_monsterinsights_sitenote_category":0,"footnotes":""},"class_list":["post-7888","page","type-page","status-publish","hentry","no-post-thumbnail"],"yoast_head":"<!-- This site is optimized with the Yoast SEO plugin v25.5 - https:\/\/yoast.com\/wordpress\/plugins\/seo\/ -->\n<title>Sites web mobiles - Mondien<\/title>\n<meta name=\"robots\" content=\"index, follow, max-snippet:-1, max-image-preview:large, max-video-preview:-1\" \/>\n<link rel=\"canonical\" href=\"https:\/\/mondien.com\/fr\/services\/conception-web\/sites-web-mobiles\/\" \/>\n<meta property=\"og:locale\" content=\"fr_FR\" \/>\n<meta property=\"og:type\" content=\"article\" \/>\n<meta property=\"og:title\" content=\"Sites web mobiles - Mondien\" \/>\n<meta property=\"og:description\" content=\"[vc_row][vc_column width=\u00a0\u00bb1\/1&Prime;][\/vc_column][\/vc_row][vc_row][vc_column width=\u00a0\u00bb1\/4&Prime;][\/vc_column][vc_column width=\u00a0\u00bb3\/4&Prime;][\/vc_column][\/vc_row]\" \/>\n<meta property=\"og:url\" content=\"https:\/\/mondien.com\/fr\/services\/conception-web\/sites-web-mobiles\/\" \/>\n<meta property=\"og:site_name\" content=\"Mondien\" \/>\n<meta property=\"article:publisher\" content=\"https:\/\/www.facebook.com\/Mondien\" \/>\n<meta property=\"article:modified_time\" content=\"2015-06-18T00:08:02+00:00\" \/>\n<meta property=\"og:image\" content=\"http:\/\/mondien.com\/wp-content\/uploads\/2014\/07\/responsivemobileicon.png\" \/>\n<meta name=\"twitter:card\" content=\"summary_large_image\" \/>\n<meta name=\"twitter:site\" content=\"@Mondien\" \/>\n<meta name=\"twitter:label1\" content=\"Dur\u00e9e de lecture estim\u00e9e\" \/>\n\t<meta name=\"twitter:data1\" content=\"1 minute\" \/>\n<script type=\"application\/ld+json\" class=\"yoast-schema-graph\">{\"@context\":\"https:\/\/schema.org\",\"@graph\":[{\"@type\":\"WebPage\",\"@id\":\"https:\/\/mondien.com\/fr\/services\/conception-web\/sites-web-mobiles\/\",\"url\":\"https:\/\/mondien.com\/fr\/services\/conception-web\/sites-web-mobiles\/\",\"name\":\"Sites web mobiles - Mondien\",\"isPartOf\":{\"@id\":\"https:\/\/mondien.com\/fr\/#website\"},\"primaryImageOfPage\":{\"@id\":\"https:\/\/mondien.com\/fr\/services\/conception-web\/sites-web-mobiles\/#primaryimage\"},\"image\":{\"@id\":\"https:\/\/mondien.com\/fr\/services\/conception-web\/sites-web-mobiles\/#primaryimage\"},\"thumbnailUrl\":\"http:\/\/mondien.com\/wp-content\/uploads\/2014\/07\/responsivemobileicon.png\",\"datePublished\":\"2014-08-17T14:26:20+00:00\",\"dateModified\":\"2015-06-18T00:08:02+00:00\",\"breadcrumb\":{\"@id\":\"https:\/\/mondien.com\/fr\/services\/conception-web\/sites-web-mobiles\/#breadcrumb\"},\"inLanguage\":\"fr-FR\",\"potentialAction\":[{\"@type\":\"ReadAction\",\"target\":[\"https:\/\/mondien.com\/fr\/services\/conception-web\/sites-web-mobiles\/\"]}]},{\"@type\":\"ImageObject\",\"inLanguage\":\"fr-FR\",\"@id\":\"https:\/\/mondien.com\/fr\/services\/conception-web\/sites-web-mobiles\/#primaryimage\",\"url\":\"http:\/\/mondien.com\/wp-content\/uploads\/2014\/07\/responsivemobileicon.png\",\"contentUrl\":\"http:\/\/mondien.com\/wp-content\/uploads\/2014\/07\/responsivemobileicon.png\"},{\"@type\":\"BreadcrumbList\",\"@id\":\"https:\/\/mondien.com\/fr\/services\/conception-web\/sites-web-mobiles\/#breadcrumb\",\"itemListElement\":[{\"@type\":\"ListItem\",\"position\":1,\"name\":\"Home\",\"item\":\"https:\/\/mondien.com\/fr\/\"},{\"@type\":\"ListItem\",\"position\":2,\"name\":\"Services\",\"item\":\"https:\/\/mondien.com\/fr\/services\/\"},{\"@type\":\"ListItem\",\"position\":3,\"name\":\"Conception web\",\"item\":\"https:\/\/mondien.com\/fr\/services\/conception-web\/\"},{\"@type\":\"ListItem\",\"position\":4,\"name\":\"Sites web mobiles\"}]},{\"@type\":\"WebSite\",\"@id\":\"https:\/\/mondien.com\/fr\/#website\",\"url\":\"https:\/\/mondien.com\/fr\/\",\"name\":\"Mondien\",\"description\":\"Montreal Web Design - Website Design Company | Mondien\",\"publisher\":{\"@id\":\"https:\/\/mondien.com\/fr\/#organization\"},\"potentialAction\":[{\"@type\":\"SearchAction\",\"target\":{\"@type\":\"EntryPoint\",\"urlTemplate\":\"https:\/\/mondien.com\/fr\/?s={search_term_string}\"},\"query-input\":{\"@type\":\"PropertyValueSpecification\",\"valueRequired\":true,\"valueName\":\"search_term_string\"}}],\"inLanguage\":\"fr-FR\"},{\"@type\":\"Organization\",\"@id\":\"https:\/\/mondien.com\/fr\/#organization\",\"name\":\"Mondien\",\"url\":\"https:\/\/mondien.com\/fr\/\",\"logo\":{\"@type\":\"ImageObject\",\"inLanguage\":\"fr-FR\",\"@id\":\"https:\/\/mondien.com\/fr\/#\/schema\/logo\/image\/\",\"url\":\"https:\/\/mondien.com\/wp-content\/uploads\/2024\/09\/mondienlogo.jpg\",\"contentUrl\":\"https:\/\/mondien.com\/wp-content\/uploads\/2024\/09\/mondienlogo.jpg\",\"width\":500,\"height\":500,\"caption\":\"Mondien\"},\"image\":{\"@id\":\"https:\/\/mondien.com\/fr\/#\/schema\/logo\/image\/\"},\"sameAs\":[\"https:\/\/www.facebook.com\/Mondien\",\"https:\/\/x.com\/Mondien\",\"http:\/\/www.linkedin.com\/company\/mondien\",\"https:\/\/www.pinterest.com\/mondien\/\"]}]}<\/script>\n<!-- \/ Yoast SEO plugin. -->","yoast_head_json":{"title":"Sites web mobiles - Mondien","robots":{"index":"index","follow":"follow","max-snippet":"max-snippet:-1","max-image-preview":"max-image-preview:large","max-video-preview":"max-video-preview:-1"},"canonical":"https:\/\/mondien.com\/fr\/services\/conception-web\/sites-web-mobiles\/","og_locale":"fr_FR","og_type":"article","og_title":"Sites web mobiles - Mondien","og_description":"[vc_row][vc_column width=\u00a0\u00bb1\/1&Prime;][\/vc_column][\/vc_row][vc_row][vc_column width=\u00a0\u00bb1\/4&Prime;][\/vc_column][vc_column width=\u00a0\u00bb3\/4&Prime;][\/vc_column][\/vc_row]","og_url":"https:\/\/mondien.com\/fr\/services\/conception-web\/sites-web-mobiles\/","og_site_name":"Mondien","article_publisher":"https:\/\/www.facebook.com\/Mondien","article_modified_time":"2015-06-18T00:08:02+00:00","og_image":[{"url":"http:\/\/mondien.com\/wp-content\/uploads\/2014\/07\/responsivemobileicon.png","type":"","width":"","height":""}],"twitter_card":"summary_large_image","twitter_site":"@Mondien","twitter_misc":{"Dur\u00e9e de lecture estim\u00e9e":"1 minute"},"schema":{"@context":"https:\/\/schema.org","@graph":[{"@type":"WebPage","@id":"https:\/\/mondien.com\/fr\/services\/conception-web\/sites-web-mobiles\/","url":"https:\/\/mondien.com\/fr\/services\/conception-web\/sites-web-mobiles\/","name":"Sites web mobiles - Mondien","isPartOf":{"@id":"https:\/\/mondien.com\/fr\/#website"},"primaryImageOfPage":{"@id":"https:\/\/mondien.com\/fr\/services\/conception-web\/sites-web-mobiles\/#primaryimage"},"image":{"@id":"https:\/\/mondien.com\/fr\/services\/conception-web\/sites-web-mobiles\/#primaryimage"},"thumbnailUrl":"http:\/\/mondien.com\/wp-content\/uploads\/2014\/07\/responsivemobileicon.png","datePublished":"2014-08-17T14:26:20+00:00","dateModified":"2015-06-18T00:08:02+00:00","breadcrumb":{"@id":"https:\/\/mondien.com\/fr\/services\/conception-web\/sites-web-mobiles\/#breadcrumb"},"inLanguage":"fr-FR","potentialAction":[{"@type":"ReadAction","target":["https:\/\/mondien.com\/fr\/services\/conception-web\/sites-web-mobiles\/"]}]},{"@type":"ImageObject","inLanguage":"fr-FR","@id":"https:\/\/mondien.com\/fr\/services\/conception-web\/sites-web-mobiles\/#primaryimage","url":"http:\/\/mondien.com\/wp-content\/uploads\/2014\/07\/responsivemobileicon.png","contentUrl":"http:\/\/mondien.com\/wp-content\/uploads\/2014\/07\/responsivemobileicon.png"},{"@type":"BreadcrumbList","@id":"https:\/\/mondien.com\/fr\/services\/conception-web\/sites-web-mobiles\/#breadcrumb","itemListElement":[{"@type":"ListItem","position":1,"name":"Home","item":"https:\/\/mondien.com\/fr\/"},{"@type":"ListItem","position":2,"name":"Services","item":"https:\/\/mondien.com\/fr\/services\/"},{"@type":"ListItem","position":3,"name":"Conception web","item":"https:\/\/mondien.com\/fr\/services\/conception-web\/"},{"@type":"ListItem","position":4,"name":"Sites web mobiles"}]},{"@type":"WebSite","@id":"https:\/\/mondien.com\/fr\/#website","url":"https:\/\/mondien.com\/fr\/","name":"Mondien","description":"Montreal Web Design - Website Design Company | Mondien","publisher":{"@id":"https:\/\/mondien.com\/fr\/#organization"},"potentialAction":[{"@type":"SearchAction","target":{"@type":"EntryPoint","urlTemplate":"https:\/\/mondien.com\/fr\/?s={search_term_string}"},"query-input":{"@type":"PropertyValueSpecification","valueRequired":true,"valueName":"search_term_string"}}],"inLanguage":"fr-FR"},{"@type":"Organization","@id":"https:\/\/mondien.com\/fr\/#organization","name":"Mondien","url":"https:\/\/mondien.com\/fr\/","logo":{"@type":"ImageObject","inLanguage":"fr-FR","@id":"https:\/\/mondien.com\/fr\/#\/schema\/logo\/image\/","url":"https:\/\/mondien.com\/wp-content\/uploads\/2024\/09\/mondienlogo.jpg","contentUrl":"https:\/\/mondien.com\/wp-content\/uploads\/2024\/09\/mondienlogo.jpg","width":500,"height":500,"caption":"Mondien"},"image":{"@id":"https:\/\/mondien.com\/fr\/#\/schema\/logo\/image\/"},"sameAs":["https:\/\/www.facebook.com\/Mondien","https:\/\/x.com\/Mondien","http:\/\/www.linkedin.com\/company\/mondien","https:\/\/www.pinterest.com\/mondien\/"]}]}},"_links":{"self":[{"href":"https:\/\/mondien.com\/fr\/wp-json\/wp\/v2\/pages\/7888","targetHints":{"allow":["GET"]}}],"collection":[{"href":"https:\/\/mondien.com\/fr\/wp-json\/wp\/v2\/pages"}],"about":[{"href":"https:\/\/mondien.com\/fr\/wp-json\/wp\/v2\/types\/page"}],"author":[{"embeddable":true,"href":"https:\/\/mondien.com\/fr\/wp-json\/wp\/v2\/users\/1"}],"replies":[{"embeddable":true,"href":"https:\/\/mondien.com\/fr\/wp-json\/wp\/v2\/comments?post=7888"}],"version-history":[{"count":0,"href":"https:\/\/mondien.com\/fr\/wp-json\/wp\/v2\/pages\/7888\/revisions"}],"up":[{"embeddable":true,"href":"https:\/\/mondien.com\/fr\/wp-json\/wp\/v2\/pages\/7880"}],"wp:attachment":[{"href":"https:\/\/mondien.com\/fr\/wp-json\/wp\/v2\/media?parent=7888"}],"curies":[{"name":"wp","href":"https:\/\/api.w.org\/{rel}","templated":true}]}}