{"id":7890,"date":"2014-08-17T10:27:48","date_gmt":"2014-08-17T14:27:48","guid":{"rendered":"http:\/\/mondien.com\/?page_id=7890"},"modified":"2015-06-17T20:11:04","modified_gmt":"2015-06-18T00:11:04","slug":"sites-web-multilingues","status":"publish","type":"page","link":"https:\/\/mondien.com\/fr\/services\/conception-web\/sites-web-multilingues\/","title":{"rendered":"Sites web multilingues"},"content":{"rendered":"<div class=\"wpb-content-wrapper\">[vc_row][vc_column width=\u00a0\u00bb1\/1&Prime;]<h2  class=\"h-custom-headline h2\" ><span>Offrez l&rsquo;information que vos clients puissent comprendre.<\/span><\/h2>[\/vc_column][\/vc_row][vc_row][vc_column width=\u00a0\u00bb1\/4&Prime;]<img decoding=\"async\"  class=\"x-img x-img-none none\"  src=\"https:\/\/mondien.com\/wp-content\/uploads\/2014\/07\/multilingualwebsites.png\" >[\/vc_column][vc_column width=\u00a0\u00bb3\/4&Prime;]<p>La meilleure fa\u00e7on de faire appel \u00e0 un march\u00e9 \u00e9tranger est d&rsquo;avoir un site web multilingue facile \u00e0 naviguer et qui pr\u00e9sente vos produits ou services clairement. Nous concevons sites web multilingue fonctionnels pour les entreprises qui souhaitent s&rsquo;\u00e9tendre \u00e0 l&rsquo;\u00e9chelle internationale.<\/p>\n<p><a href=\"http:\/\/mondien.com\/wp-content\/uploads\/2014\/07\/multilingualwebsitesicon.png\"><img loading=\"lazy\" decoding=\"async\" class=\"aligncenter size-full wp-image-6874\" src=\"http:\/\/mondien.com\/wp-content\/uploads\/2014\/07\/multilingualwebsitesicon.png\" alt=\"multilingualwebsitesicon\" width=\"500\" height=\"141\" srcset=\"https:\/\/mondien.com\/wp-content\/uploads\/2014\/07\/multilingualwebsitesicon.png 500w, https:\/\/mondien.com\/wp-content\/uploads\/2014\/07\/multilingualwebsitesicon-300x84.png 300w, https:\/\/mondien.com\/wp-content\/uploads\/2014\/07\/multilingualwebsitesicon-100x28.png 100w\" sizes=\"auto, (max-width: 500px) 100vw, 500px\" \/><\/a><\/p>\n<h3>Changez facilement la langue sur votre site.<\/h3>\n<p>L&rsquo;ajout de contenu dans une autre langue peut vous aider \u00e0 augmenter vos ventes en permettant \u00e0 votre site d&rsquo;atteindre un rang plus \u00e9lev\u00e9 sur des mots cl\u00e9s locaux. Nous installons un syst\u00e8me de changement de langue facile \u00e0 utiliser qui permettra \u00e0 vos visiteurs de trouver rapidement la version traduite de votre site web.<\/p>\n<h3>Contactez-nous pour obtenir un devis gratuit.<\/h3>\n<a  class=\"x-btn x-btn-square x-btn-small alignleft\"  href=\"http:\/\/mondien.com\/fr\/portfolio\/\"     data-options=\"thumbnail: ''\">D\u00c9COUVREZ NOTRE PORTFOLIO<\/a><a  class=\"x-btn x-btn-square x-btn-small alignleft\"  href=\"http:\/\/mondien.com\/fr\/devis\/\"     data-options=\"thumbnail: ''\">DEMANDEZ UN DEVIS<\/a><a  class=\"x-btn x-btn-square x-btn-small alignleft\"  href=\"http:\/\/mondien.com\/fr\/contact\/\"     data-options=\"thumbnail: ''\">CONTACTEZ-NOUS<\/a>[\/vc_column][\/vc_row]\n<\/div>","protected":false},"excerpt":{"rendered":"<p>[vc_row][vc_column width=\u00a0\u00bb1\/1&Prime;][\/vc_column][\/vc_row][vc_row][vc_column width=\u00a0\u00bb1\/4&Prime;][\/vc_column][vc_column width=\u00a0\u00bb3\/4&Prime;][\/vc_column][\/vc_row]<\/p>\n","protected":false},"author":1,"featured_media":0,"parent":7880,"menu_order":5,"comment_status":"closed","ping_status":"closed","template":"template-layout-full-width.php","meta":{"_monsterinsights_skip_tracking":false,"_monsterinsights_sitenote_active":false,"_monsterinsights_sitenote_note":"","_monsterinsights_sitenote_category":0,"footnotes":""},"class_list":["post-7890","page","type-page","status-publish","hentry","no-post-thumbnail"],"yoast_head":"<!-- This site is optimized with the Yoast SEO plugin v25.5 - https:\/\/yoast.com\/wordpress\/plugins\/seo\/ -->\n<title>Sites web multilingues - Mondien<\/title>\n<meta name=\"robots\" content=\"index, follow, max-snippet:-1, max-image-preview:large, max-video-preview:-1\" \/>\n<link rel=\"canonical\" href=\"https:\/\/mondien.com\/fr\/services\/conception-web\/sites-web-multilingues\/\" \/>\n<meta property=\"og:locale\" content=\"fr_FR\" \/>\n<meta property=\"og:type\" content=\"article\" \/>\n<meta property=\"og:title\" content=\"Sites web multilingues - Mondien\" \/>\n<meta property=\"og:description\" content=\"[vc_row][vc_column width=\u00a0\u00bb1\/1&Prime;][\/vc_column][\/vc_row][vc_row][vc_column width=\u00a0\u00bb1\/4&Prime;][\/vc_column][vc_column width=\u00a0\u00bb3\/4&Prime;][\/vc_column][\/vc_row]\" \/>\n<meta property=\"og:url\" content=\"https:\/\/mondien.com\/fr\/services\/conception-web\/sites-web-multilingues\/\" \/>\n<meta property=\"og:site_name\" content=\"Mondien\" \/>\n<meta property=\"article:publisher\" content=\"https:\/\/www.facebook.com\/Mondien\" \/>\n<meta property=\"article:modified_time\" content=\"2015-06-18T00:11:04+00:00\" \/>\n<meta property=\"og:image\" content=\"http:\/\/mondien.com\/wp-content\/uploads\/2014\/07\/multilingualwebsitesicon.png\" \/>\n<meta name=\"twitter:card\" content=\"summary_large_image\" \/>\n<meta name=\"twitter:site\" content=\"@Mondien\" \/>\n<meta name=\"twitter:label1\" content=\"Dur\u00e9e de lecture estim\u00e9e\" \/>\n\t<meta name=\"twitter:data1\" content=\"1 minute\" \/>\n<script type=\"application\/ld+json\" class=\"yoast-schema-graph\">{\"@context\":\"https:\/\/schema.org\",\"@graph\":[{\"@type\":\"WebPage\",\"@id\":\"https:\/\/mondien.com\/fr\/services\/conception-web\/sites-web-multilingues\/\",\"url\":\"https:\/\/mondien.com\/fr\/services\/conception-web\/sites-web-multilingues\/\",\"name\":\"Sites web multilingues - Mondien\",\"isPartOf\":{\"@id\":\"https:\/\/mondien.com\/fr\/#website\"},\"primaryImageOfPage\":{\"@id\":\"https:\/\/mondien.com\/fr\/services\/conception-web\/sites-web-multilingues\/#primaryimage\"},\"image\":{\"@id\":\"https:\/\/mondien.com\/fr\/services\/conception-web\/sites-web-multilingues\/#primaryimage\"},\"thumbnailUrl\":\"http:\/\/mondien.com\/wp-content\/uploads\/2014\/07\/multilingualwebsitesicon.png\",\"datePublished\":\"2014-08-17T14:27:48+00:00\",\"dateModified\":\"2015-06-18T00:11:04+00:00\",\"breadcrumb\":{\"@id\":\"https:\/\/mondien.com\/fr\/services\/conception-web\/sites-web-multilingues\/#breadcrumb\"},\"inLanguage\":\"fr-FR\",\"potentialAction\":[{\"@type\":\"ReadAction\",\"target\":[\"https:\/\/mondien.com\/fr\/services\/conception-web\/sites-web-multilingues\/\"]}]},{\"@type\":\"ImageObject\",\"inLanguage\":\"fr-FR\",\"@id\":\"https:\/\/mondien.com\/fr\/services\/conception-web\/sites-web-multilingues\/#primaryimage\",\"url\":\"http:\/\/mondien.com\/wp-content\/uploads\/2014\/07\/multilingualwebsitesicon.png\",\"contentUrl\":\"http:\/\/mondien.com\/wp-content\/uploads\/2014\/07\/multilingualwebsitesicon.png\"},{\"@type\":\"BreadcrumbList\",\"@id\":\"https:\/\/mondien.com\/fr\/services\/conception-web\/sites-web-multilingues\/#breadcrumb\",\"itemListElement\":[{\"@type\":\"ListItem\",\"position\":1,\"name\":\"Home\",\"item\":\"https:\/\/mondien.com\/fr\/\"},{\"@type\":\"ListItem\",\"position\":2,\"name\":\"Services\",\"item\":\"https:\/\/mondien.com\/fr\/services\/\"},{\"@type\":\"ListItem\",\"position\":3,\"name\":\"Conception web\",\"item\":\"https:\/\/mondien.com\/fr\/services\/conception-web\/\"},{\"@type\":\"ListItem\",\"position\":4,\"name\":\"Sites web multilingues\"}]},{\"@type\":\"WebSite\",\"@id\":\"https:\/\/mondien.com\/fr\/#website\",\"url\":\"https:\/\/mondien.com\/fr\/\",\"name\":\"Mondien\",\"description\":\"Montreal Web Design - Website Design Company | Mondien\",\"publisher\":{\"@id\":\"https:\/\/mondien.com\/fr\/#organization\"},\"potentialAction\":[{\"@type\":\"SearchAction\",\"target\":{\"@type\":\"EntryPoint\",\"urlTemplate\":\"https:\/\/mondien.com\/fr\/?s={search_term_string}\"},\"query-input\":{\"@type\":\"PropertyValueSpecification\",\"valueRequired\":true,\"valueName\":\"search_term_string\"}}],\"inLanguage\":\"fr-FR\"},{\"@type\":\"Organization\",\"@id\":\"https:\/\/mondien.com\/fr\/#organization\",\"name\":\"Mondien\",\"url\":\"https:\/\/mondien.com\/fr\/\",\"logo\":{\"@type\":\"ImageObject\",\"inLanguage\":\"fr-FR\",\"@id\":\"https:\/\/mondien.com\/fr\/#\/schema\/logo\/image\/\",\"url\":\"https:\/\/mondien.com\/wp-content\/uploads\/2024\/09\/mondienlogo.jpg\",\"contentUrl\":\"https:\/\/mondien.com\/wp-content\/uploads\/2024\/09\/mondienlogo.jpg\",\"width\":500,\"height\":500,\"caption\":\"Mondien\"},\"image\":{\"@id\":\"https:\/\/mondien.com\/fr\/#\/schema\/logo\/image\/\"},\"sameAs\":[\"https:\/\/www.facebook.com\/Mondien\",\"https:\/\/x.com\/Mondien\",\"http:\/\/www.linkedin.com\/company\/mondien\",\"https:\/\/www.pinterest.com\/mondien\/\"]}]}<\/script>\n<!-- \/ Yoast SEO plugin. -->","yoast_head_json":{"title":"Sites web multilingues - Mondien","robots":{"index":"index","follow":"follow","max-snippet":"max-snippet:-1","max-image-preview":"max-image-preview:large","max-video-preview":"max-video-preview:-1"},"canonical":"https:\/\/mondien.com\/fr\/services\/conception-web\/sites-web-multilingues\/","og_locale":"fr_FR","og_type":"article","og_title":"Sites web multilingues - Mondien","og_description":"[vc_row][vc_column width=\u00a0\u00bb1\/1&Prime;][\/vc_column][\/vc_row][vc_row][vc_column width=\u00a0\u00bb1\/4&Prime;][\/vc_column][vc_column width=\u00a0\u00bb3\/4&Prime;][\/vc_column][\/vc_row]","og_url":"https:\/\/mondien.com\/fr\/services\/conception-web\/sites-web-multilingues\/","og_site_name":"Mondien","article_publisher":"https:\/\/www.facebook.com\/Mondien","article_modified_time":"2015-06-18T00:11:04+00:00","og_image":[{"url":"http:\/\/mondien.com\/wp-content\/uploads\/2014\/07\/multilingualwebsitesicon.png","type":"","width":"","height":""}],"twitter_card":"summary_large_image","twitter_site":"@Mondien","twitter_misc":{"Dur\u00e9e de lecture estim\u00e9e":"1 minute"},"schema":{"@context":"https:\/\/schema.org","@graph":[{"@type":"WebPage","@id":"https:\/\/mondien.com\/fr\/services\/conception-web\/sites-web-multilingues\/","url":"https:\/\/mondien.com\/fr\/services\/conception-web\/sites-web-multilingues\/","name":"Sites web multilingues - Mondien","isPartOf":{"@id":"https:\/\/mondien.com\/fr\/#website"},"primaryImageOfPage":{"@id":"https:\/\/mondien.com\/fr\/services\/conception-web\/sites-web-multilingues\/#primaryimage"},"image":{"@id":"https:\/\/mondien.com\/fr\/services\/conception-web\/sites-web-multilingues\/#primaryimage"},"thumbnailUrl":"http:\/\/mondien.com\/wp-content\/uploads\/2014\/07\/multilingualwebsitesicon.png","datePublished":"2014-08-17T14:27:48+00:00","dateModified":"2015-06-18T00:11:04+00:00","breadcrumb":{"@id":"https:\/\/mondien.com\/fr\/services\/conception-web\/sites-web-multilingues\/#breadcrumb"},"inLanguage":"fr-FR","potentialAction":[{"@type":"ReadAction","target":["https:\/\/mondien.com\/fr\/services\/conception-web\/sites-web-multilingues\/"]}]},{"@type":"ImageObject","inLanguage":"fr-FR","@id":"https:\/\/mondien.com\/fr\/services\/conception-web\/sites-web-multilingues\/#primaryimage","url":"http:\/\/mondien.com\/wp-content\/uploads\/2014\/07\/multilingualwebsitesicon.png","contentUrl":"http:\/\/mondien.com\/wp-content\/uploads\/2014\/07\/multilingualwebsitesicon.png"},{"@type":"BreadcrumbList","@id":"https:\/\/mondien.com\/fr\/services\/conception-web\/sites-web-multilingues\/#breadcrumb","itemListElement":[{"@type":"ListItem","position":1,"name":"Home","item":"https:\/\/mondien.com\/fr\/"},{"@type":"ListItem","position":2,"name":"Services","item":"https:\/\/mondien.com\/fr\/services\/"},{"@type":"ListItem","position":3,"name":"Conception web","item":"https:\/\/mondien.com\/fr\/services\/conception-web\/"},{"@type":"ListItem","position":4,"name":"Sites web multilingues"}]},{"@type":"WebSite","@id":"https:\/\/mondien.com\/fr\/#website","url":"https:\/\/mondien.com\/fr\/","name":"Mondien","description":"Montreal Web Design - Website Design Company | Mondien","publisher":{"@id":"https:\/\/mondien.com\/fr\/#organization"},"potentialAction":[{"@type":"SearchAction","target":{"@type":"EntryPoint","urlTemplate":"https:\/\/mondien.com\/fr\/?s={search_term_string}"},"query-input":{"@type":"PropertyValueSpecification","valueRequired":true,"valueName":"search_term_string"}}],"inLanguage":"fr-FR"},{"@type":"Organization","@id":"https:\/\/mondien.com\/fr\/#organization","name":"Mondien","url":"https:\/\/mondien.com\/fr\/","logo":{"@type":"ImageObject","inLanguage":"fr-FR","@id":"https:\/\/mondien.com\/fr\/#\/schema\/logo\/image\/","url":"https:\/\/mondien.com\/wp-content\/uploads\/2024\/09\/mondienlogo.jpg","contentUrl":"https:\/\/mondien.com\/wp-content\/uploads\/2024\/09\/mondienlogo.jpg","width":500,"height":500,"caption":"Mondien"},"image":{"@id":"https:\/\/mondien.com\/fr\/#\/schema\/logo\/image\/"},"sameAs":["https:\/\/www.facebook.com\/Mondien","https:\/\/x.com\/Mondien","http:\/\/www.linkedin.com\/company\/mondien","https:\/\/www.pinterest.com\/mondien\/"]}]}},"_links":{"self":[{"href":"https:\/\/mondien.com\/fr\/wp-json\/wp\/v2\/pages\/7890","targetHints":{"allow":["GET"]}}],"collection":[{"href":"https:\/\/mondien.com\/fr\/wp-json\/wp\/v2\/pages"}],"about":[{"href":"https:\/\/mondien.com\/fr\/wp-json\/wp\/v2\/types\/page"}],"author":[{"embeddable":true,"href":"https:\/\/mondien.com\/fr\/wp-json\/wp\/v2\/users\/1"}],"replies":[{"embeddable":true,"href":"https:\/\/mondien.com\/fr\/wp-json\/wp\/v2\/comments?post=7890"}],"version-history":[{"count":0,"href":"https:\/\/mondien.com\/fr\/wp-json\/wp\/v2\/pages\/7890\/revisions"}],"up":[{"embeddable":true,"href":"https:\/\/mondien.com\/fr\/wp-json\/wp\/v2\/pages\/7880"}],"wp:attachment":[{"href":"https:\/\/mondien.com\/fr\/wp-json\/wp\/v2\/media?parent=7890"}],"curies":[{"name":"wp","href":"https:\/\/api.w.org\/{rel}","templated":true}]}}