{"id":7894,"date":"2014-08-17T10:31:44","date_gmt":"2014-08-17T14:31:44","guid":{"rendered":"http:\/\/mondien.com\/?page_id=7894"},"modified":"2015-06-17T20:17:16","modified_gmt":"2015-06-18T00:17:16","slug":"maintenance-web","status":"publish","type":"page","link":"https:\/\/mondien.com\/fr\/services\/conception-web\/maintenance-web\/","title":{"rendered":"Maintenance web"},"content":{"rendered":"<div class=\"wpb-content-wrapper\">[vc_row][vc_column width=\u00a0\u00bb1\/1&Prime;]<h2  class=\"h-custom-headline h2\" ><span>Fini les inqui\u00e9tudes, laissez votre site en de bonnes mains.<\/span><\/h2>[\/vc_column][\/vc_row][vc_row][vc_column width=\u00a0\u00bb1\/4&Prime;]<img decoding=\"async\"  class=\"x-img x-img-none none\"  src=\"https:\/\/mondien.com\/wp-content\/uploads\/2014\/07\/websitemaintenance.png\" >[\/vc_column][vc_column width=\u00a0\u00bb3\/4&Prime;]<p>Mondien fournit des services d&rsquo;entretien web p\u00e9riodiques de la plus haute qualit\u00e9. Vous pouvez rester assur\u00e9 que le travail sera fait rapidement et de mani\u00e8re professionnelle afin que vous n&rsquo;ayez pas \u00e0 vous soucier de la vitesse et de la fonctionnalit\u00e9 de votre site web.<\/p>\n<p><a href=\"http:\/\/mondien.com\/wp-content\/uploads\/2014\/07\/websitemaintenanceicon.png\"><img loading=\"lazy\" decoding=\"async\" class=\"aligncenter size-full wp-image-6885\" src=\"http:\/\/mondien.com\/wp-content\/uploads\/2014\/07\/websitemaintenanceicon.png\" alt=\"websitemaintenanceicon\" width=\"380\" height=\"116\" srcset=\"https:\/\/mondien.com\/wp-content\/uploads\/2014\/07\/websitemaintenanceicon.png 380w, https:\/\/mondien.com\/wp-content\/uploads\/2014\/07\/websitemaintenanceicon-300x91.png 300w, https:\/\/mondien.com\/wp-content\/uploads\/2014\/07\/websitemaintenanceicon-100x30.png 100w\" sizes=\"auto, (max-width: 380px) 100vw, 380px\" \/><\/a><\/p>\n<h3>Nous offrons une large gamme de services d&rsquo;entretien web.<\/h3>\n<p>Nous offrons de l&rsquo;entretien web de sites existants et de l&rsquo;entretien continu sur les sites que nous avons construits. Voici une courte liste de nos services:<\/p>\n<div style=\"display: inline-block; float: left;\">\n<ul>\n<li>Mise \u00e0 jour d&rsquo;images et vid\u00e9os.<\/li>\n<li>Ajout de nouvelles et \u00e9v\u00e9nements.<\/li>\n<li>Changement de styles visuels.<\/li>\n<li>Structure dynamique de contenu.<\/li>\n<\/ul>\n<\/div>\n<div style=\"display: inline-block; float: left;\">\n<ul>\n<li>R\u00e9paration de probl\u00e8mes de serveur.<\/li>\n<li>R\u00e9vision et nettoyage de code.<\/li>\n<li>Sauvegarde r\u00e9guli\u00e8re de sites.<\/li>\n<li>Additions et modifications de contenu.<\/li>\n<\/ul>\n<\/div>\n<h3 style=\"clear: both; padding-top: 20px;\">Informez-nous sur vos besoins particuliers.<\/h3>\n<p>Si vous avez besoin d&rsquo;aide avec un probl\u00e8me sur votre site, contactez-nous imm\u00e9diatement pour un devis gratuit et nous vous r\u00e9pondrons rapidement. Si votre projet d&rsquo;entretien web n\u00e9cessite une approche personnalis\u00e9e, laissez-nous savoir et nous vous aiderons autant que possible.<\/p>\n<a  class=\"x-btn x-btn-square x-btn-small alignleft\"  href=\"http:\/\/mondien.com\/fr\/portfolio\/\"     data-options=\"thumbnail: ''\">D\u00c9COUVREZ NOTRE PORTFOLIO<\/a><a  class=\"x-btn x-btn-square x-btn-small alignleft\"  href=\"http:\/\/mondien.com\/fr\/devis\/\"     data-options=\"thumbnail: ''\">DEMANDEZ UN DEVIS<\/a><a  class=\"x-btn x-btn-square x-btn-small alignleft\"  href=\"http:\/\/mondien.com\/fr\/contact\/\"     data-options=\"thumbnail: ''\">CONTACTEZ-NOUS<\/a>[\/vc_column][\/vc_row]\n<\/div>","protected":false},"excerpt":{"rendered":"<p>[vc_row][vc_column width=\u00a0\u00bb1\/1&Prime;][\/vc_column][\/vc_row][vc_row][vc_column width=\u00a0\u00bb1\/4&Prime;][\/vc_column][vc_column width=\u00a0\u00bb3\/4&Prime;][\/vc_column][\/vc_row]<\/p>\n","protected":false},"author":1,"featured_media":0,"parent":7880,"menu_order":7,"comment_status":"closed","ping_status":"closed","template":"template-layout-full-width.php","meta":{"_monsterinsights_skip_tracking":false,"_monsterinsights_sitenote_active":false,"_monsterinsights_sitenote_note":"","_monsterinsights_sitenote_category":0,"footnotes":""},"class_list":["post-7894","page","type-page","status-publish","hentry","no-post-thumbnail"],"yoast_head":"<!-- This site is optimized with the Yoast SEO plugin v25.5 - https:\/\/yoast.com\/wordpress\/plugins\/seo\/ -->\n<title>Maintenance web - Mondien<\/title>\n<meta name=\"robots\" content=\"index, follow, max-snippet:-1, max-image-preview:large, max-video-preview:-1\" \/>\n<link rel=\"canonical\" href=\"https:\/\/mondien.com\/fr\/services\/conception-web\/maintenance-web\/\" \/>\n<meta property=\"og:locale\" content=\"fr_FR\" \/>\n<meta property=\"og:type\" content=\"article\" \/>\n<meta property=\"og:title\" content=\"Maintenance web - Mondien\" \/>\n<meta property=\"og:description\" content=\"[vc_row][vc_column width=\u00a0\u00bb1\/1&Prime;][\/vc_column][\/vc_row][vc_row][vc_column width=\u00a0\u00bb1\/4&Prime;][\/vc_column][vc_column width=\u00a0\u00bb3\/4&Prime;][\/vc_column][\/vc_row]\" \/>\n<meta property=\"og:url\" content=\"https:\/\/mondien.com\/fr\/services\/conception-web\/maintenance-web\/\" \/>\n<meta property=\"og:site_name\" content=\"Mondien\" \/>\n<meta property=\"article:publisher\" content=\"https:\/\/www.facebook.com\/Mondien\" \/>\n<meta property=\"article:modified_time\" content=\"2015-06-18T00:17:16+00:00\" \/>\n<meta property=\"og:image\" content=\"http:\/\/mondien.com\/wp-content\/uploads\/2014\/07\/websitemaintenanceicon.png\" \/>\n<meta name=\"twitter:card\" content=\"summary_large_image\" \/>\n<meta name=\"twitter:site\" content=\"@Mondien\" \/>\n<meta name=\"twitter:label1\" content=\"Dur\u00e9e de lecture estim\u00e9e\" \/>\n\t<meta name=\"twitter:data1\" content=\"2 minutes\" \/>\n<script type=\"application\/ld+json\" class=\"yoast-schema-graph\">{\"@context\":\"https:\/\/schema.org\",\"@graph\":[{\"@type\":\"WebPage\",\"@id\":\"https:\/\/mondien.com\/fr\/services\/conception-web\/maintenance-web\/\",\"url\":\"https:\/\/mondien.com\/fr\/services\/conception-web\/maintenance-web\/\",\"name\":\"Maintenance web - Mondien\",\"isPartOf\":{\"@id\":\"https:\/\/mondien.com\/fr\/#website\"},\"primaryImageOfPage\":{\"@id\":\"https:\/\/mondien.com\/fr\/services\/conception-web\/maintenance-web\/#primaryimage\"},\"image\":{\"@id\":\"https:\/\/mondien.com\/fr\/services\/conception-web\/maintenance-web\/#primaryimage\"},\"thumbnailUrl\":\"http:\/\/mondien.com\/wp-content\/uploads\/2014\/07\/websitemaintenanceicon.png\",\"datePublished\":\"2014-08-17T14:31:44+00:00\",\"dateModified\":\"2015-06-18T00:17:16+00:00\",\"breadcrumb\":{\"@id\":\"https:\/\/mondien.com\/fr\/services\/conception-web\/maintenance-web\/#breadcrumb\"},\"inLanguage\":\"fr-FR\",\"potentialAction\":[{\"@type\":\"ReadAction\",\"target\":[\"https:\/\/mondien.com\/fr\/services\/conception-web\/maintenance-web\/\"]}]},{\"@type\":\"ImageObject\",\"inLanguage\":\"fr-FR\",\"@id\":\"https:\/\/mondien.com\/fr\/services\/conception-web\/maintenance-web\/#primaryimage\",\"url\":\"http:\/\/mondien.com\/wp-content\/uploads\/2014\/07\/websitemaintenanceicon.png\",\"contentUrl\":\"http:\/\/mondien.com\/wp-content\/uploads\/2014\/07\/websitemaintenanceicon.png\"},{\"@type\":\"BreadcrumbList\",\"@id\":\"https:\/\/mondien.com\/fr\/services\/conception-web\/maintenance-web\/#breadcrumb\",\"itemListElement\":[{\"@type\":\"ListItem\",\"position\":1,\"name\":\"Home\",\"item\":\"https:\/\/mondien.com\/fr\/\"},{\"@type\":\"ListItem\",\"position\":2,\"name\":\"Services\",\"item\":\"https:\/\/mondien.com\/fr\/services\/\"},{\"@type\":\"ListItem\",\"position\":3,\"name\":\"Conception web\",\"item\":\"https:\/\/mondien.com\/fr\/services\/conception-web\/\"},{\"@type\":\"ListItem\",\"position\":4,\"name\":\"Maintenance web\"}]},{\"@type\":\"WebSite\",\"@id\":\"https:\/\/mondien.com\/fr\/#website\",\"url\":\"https:\/\/mondien.com\/fr\/\",\"name\":\"Mondien\",\"description\":\"Montreal Web Design - Website Design Company | Mondien\",\"publisher\":{\"@id\":\"https:\/\/mondien.com\/fr\/#organization\"},\"potentialAction\":[{\"@type\":\"SearchAction\",\"target\":{\"@type\":\"EntryPoint\",\"urlTemplate\":\"https:\/\/mondien.com\/fr\/?s={search_term_string}\"},\"query-input\":{\"@type\":\"PropertyValueSpecification\",\"valueRequired\":true,\"valueName\":\"search_term_string\"}}],\"inLanguage\":\"fr-FR\"},{\"@type\":\"Organization\",\"@id\":\"https:\/\/mondien.com\/fr\/#organization\",\"name\":\"Mondien\",\"url\":\"https:\/\/mondien.com\/fr\/\",\"logo\":{\"@type\":\"ImageObject\",\"inLanguage\":\"fr-FR\",\"@id\":\"https:\/\/mondien.com\/fr\/#\/schema\/logo\/image\/\",\"url\":\"https:\/\/mondien.com\/wp-content\/uploads\/2024\/09\/mondienlogo.jpg\",\"contentUrl\":\"https:\/\/mondien.com\/wp-content\/uploads\/2024\/09\/mondienlogo.jpg\",\"width\":500,\"height\":500,\"caption\":\"Mondien\"},\"image\":{\"@id\":\"https:\/\/mondien.com\/fr\/#\/schema\/logo\/image\/\"},\"sameAs\":[\"https:\/\/www.facebook.com\/Mondien\",\"https:\/\/x.com\/Mondien\",\"http:\/\/www.linkedin.com\/company\/mondien\",\"https:\/\/www.pinterest.com\/mondien\/\"]}]}<\/script>\n<!-- \/ Yoast SEO plugin. -->","yoast_head_json":{"title":"Maintenance web - Mondien","robots":{"index":"index","follow":"follow","max-snippet":"max-snippet:-1","max-image-preview":"max-image-preview:large","max-video-preview":"max-video-preview:-1"},"canonical":"https:\/\/mondien.com\/fr\/services\/conception-web\/maintenance-web\/","og_locale":"fr_FR","og_type":"article","og_title":"Maintenance web - Mondien","og_description":"[vc_row][vc_column width=\u00a0\u00bb1\/1&Prime;][\/vc_column][\/vc_row][vc_row][vc_column width=\u00a0\u00bb1\/4&Prime;][\/vc_column][vc_column width=\u00a0\u00bb3\/4&Prime;][\/vc_column][\/vc_row]","og_url":"https:\/\/mondien.com\/fr\/services\/conception-web\/maintenance-web\/","og_site_name":"Mondien","article_publisher":"https:\/\/www.facebook.com\/Mondien","article_modified_time":"2015-06-18T00:17:16+00:00","og_image":[{"url":"http:\/\/mondien.com\/wp-content\/uploads\/2014\/07\/websitemaintenanceicon.png","type":"","width":"","height":""}],"twitter_card":"summary_large_image","twitter_site":"@Mondien","twitter_misc":{"Dur\u00e9e de lecture estim\u00e9e":"2 minutes"},"schema":{"@context":"https:\/\/schema.org","@graph":[{"@type":"WebPage","@id":"https:\/\/mondien.com\/fr\/services\/conception-web\/maintenance-web\/","url":"https:\/\/mondien.com\/fr\/services\/conception-web\/maintenance-web\/","name":"Maintenance web - Mondien","isPartOf":{"@id":"https:\/\/mondien.com\/fr\/#website"},"primaryImageOfPage":{"@id":"https:\/\/mondien.com\/fr\/services\/conception-web\/maintenance-web\/#primaryimage"},"image":{"@id":"https:\/\/mondien.com\/fr\/services\/conception-web\/maintenance-web\/#primaryimage"},"thumbnailUrl":"http:\/\/mondien.com\/wp-content\/uploads\/2014\/07\/websitemaintenanceicon.png","datePublished":"2014-08-17T14:31:44+00:00","dateModified":"2015-06-18T00:17:16+00:00","breadcrumb":{"@id":"https:\/\/mondien.com\/fr\/services\/conception-web\/maintenance-web\/#breadcrumb"},"inLanguage":"fr-FR","potentialAction":[{"@type":"ReadAction","target":["https:\/\/mondien.com\/fr\/services\/conception-web\/maintenance-web\/"]}]},{"@type":"ImageObject","inLanguage":"fr-FR","@id":"https:\/\/mondien.com\/fr\/services\/conception-web\/maintenance-web\/#primaryimage","url":"http:\/\/mondien.com\/wp-content\/uploads\/2014\/07\/websitemaintenanceicon.png","contentUrl":"http:\/\/mondien.com\/wp-content\/uploads\/2014\/07\/websitemaintenanceicon.png"},{"@type":"BreadcrumbList","@id":"https:\/\/mondien.com\/fr\/services\/conception-web\/maintenance-web\/#breadcrumb","itemListElement":[{"@type":"ListItem","position":1,"name":"Home","item":"https:\/\/mondien.com\/fr\/"},{"@type":"ListItem","position":2,"name":"Services","item":"https:\/\/mondien.com\/fr\/services\/"},{"@type":"ListItem","position":3,"name":"Conception web","item":"https:\/\/mondien.com\/fr\/services\/conception-web\/"},{"@type":"ListItem","position":4,"name":"Maintenance web"}]},{"@type":"WebSite","@id":"https:\/\/mondien.com\/fr\/#website","url":"https:\/\/mondien.com\/fr\/","name":"Mondien","description":"Montreal Web Design - Website Design Company | Mondien","publisher":{"@id":"https:\/\/mondien.com\/fr\/#organization"},"potentialAction":[{"@type":"SearchAction","target":{"@type":"EntryPoint","urlTemplate":"https:\/\/mondien.com\/fr\/?s={search_term_string}"},"query-input":{"@type":"PropertyValueSpecification","valueRequired":true,"valueName":"search_term_string"}}],"inLanguage":"fr-FR"},{"@type":"Organization","@id":"https:\/\/mondien.com\/fr\/#organization","name":"Mondien","url":"https:\/\/mondien.com\/fr\/","logo":{"@type":"ImageObject","inLanguage":"fr-FR","@id":"https:\/\/mondien.com\/fr\/#\/schema\/logo\/image\/","url":"https:\/\/mondien.com\/wp-content\/uploads\/2024\/09\/mondienlogo.jpg","contentUrl":"https:\/\/mondien.com\/wp-content\/uploads\/2024\/09\/mondienlogo.jpg","width":500,"height":500,"caption":"Mondien"},"image":{"@id":"https:\/\/mondien.com\/fr\/#\/schema\/logo\/image\/"},"sameAs":["https:\/\/www.facebook.com\/Mondien","https:\/\/x.com\/Mondien","http:\/\/www.linkedin.com\/company\/mondien","https:\/\/www.pinterest.com\/mondien\/"]}]}},"_links":{"self":[{"href":"https:\/\/mondien.com\/fr\/wp-json\/wp\/v2\/pages\/7894","targetHints":{"allow":["GET"]}}],"collection":[{"href":"https:\/\/mondien.com\/fr\/wp-json\/wp\/v2\/pages"}],"about":[{"href":"https:\/\/mondien.com\/fr\/wp-json\/wp\/v2\/types\/page"}],"author":[{"embeddable":true,"href":"https:\/\/mondien.com\/fr\/wp-json\/wp\/v2\/users\/1"}],"replies":[{"embeddable":true,"href":"https:\/\/mondien.com\/fr\/wp-json\/wp\/v2\/comments?post=7894"}],"version-history":[{"count":0,"href":"https:\/\/mondien.com\/fr\/wp-json\/wp\/v2\/pages\/7894\/revisions"}],"up":[{"embeddable":true,"href":"https:\/\/mondien.com\/fr\/wp-json\/wp\/v2\/pages\/7880"}],"wp:attachment":[{"href":"https:\/\/mondien.com\/fr\/wp-json\/wp\/v2\/media?parent=7894"}],"curies":[{"name":"wp","href":"https:\/\/api.w.org\/{rel}","templated":true}]}}