{"id":7896,"date":"2014-08-17T10:32:49","date_gmt":"2014-08-17T14:32:49","guid":{"rendered":"http:\/\/mondien.com\/?page_id=7896"},"modified":"2015-09-04T17:11:06","modified_gmt":"2015-09-04T21:11:06","slug":"conception-graphique","status":"publish","type":"page","link":"https:\/\/mondien.com\/fr\/services\/conception-graphique\/","title":{"rendered":"Conception graphique"},"content":{"rendered":"<div class=\"wpb-content-wrapper\">[vc_row padding_top=\u00a0\u00bb0px\u00a0\u00bb padding_bottom=\u00a0\u00bb0px\u00a0\u00bb border=\u00a0\u00bbnone\u00a0\u00bb][vc_column width=\u00a0\u00bb1\/1&Prime;]<h2  class=\"h-custom-headline h2\" ><span>\n<p>Pour tous vos\u00a0besoins de conception graphique<\/p>\n<\/span><\/h2><hr  class=\"x-gap\" style=\"margin: 5% 0 0 0;\">[\/vc_column][\/vc_row][vc_row padding_top=\u00a0\u00bb0px\u00a0\u00bb padding_bottom=\u00a0\u00bb0px\u00a0\u00bb border=\u00a0\u00bbnone\u00a0\u00bb style=\u00a0\u00bbmargin-bottom:0;\u00a0\u00bb][vc_column width=\u00a0\u00bb1\/4&Prime;]<img decoding=\"async\"  class=\"x-img x-img-none none\"  src=\"https:\/\/mondien.com\/wp-content\/uploads\/2014\/07\/graphicdesign1.png\" >[\/vc_column][vc_column width=\u00a0\u00bb3\/4&Prime;]<h3  class=\"h-custom-headline h3\" ><span>\n<p>Cr\u00e9ation\u00a0graphique<\/p>\n<\/span><\/h3><p>Mondien fournit une conception graphique esth\u00e9tique et moderne qui transmet bien l&rsquo;information, engage les clients et repr\u00e9sente fid\u00e8lement votre image de marque. Nous sommes \u00e0 jour avec les nouveaux styles de conception moderne qui nous permettent de donner un look original et incitant \u00e0 votre marque.<\/p>\n<a  class=\"x-btn x-btn-square x-btn-small alignleft\"  href=\"http:\/\/mondien.com\/fr\/services\/conception-graphique\/creation-graphique\/\"     data-options=\"thumbnail: ''\">\n<p>EN SAVOIR PLUS<\/p>\n<\/a>[\/vc_column][\/vc_row][vc_row padding_top=\u00a0\u00bb0px\u00a0\u00bb padding_bottom=\u00a0\u00bb0px\u00a0\u00bb border=\u00a0\u00bbnone\u00a0\u00bb style=\u00a0\u00bbmargin-bottom:0;\u00a0\u00bb][vc_column width=\u00a0\u00bb1\/1&Prime;]<hr  class=\"x-hr\" >[\/vc_column][\/vc_row][vc_row padding_top=\u00a0\u00bb0px\u00a0\u00bb padding_bottom=\u00a0\u00bb0px\u00a0\u00bb border=\u00a0\u00bbnone\u00a0\u00bb style=\u00a0\u00bbmargin-bottom:0;\u00a0\u00bb][vc_column width=\u00a0\u00bb1\/4&Prime;]<img decoding=\"async\"  class=\"x-img x-img-none none\"  src=\"https:\/\/mondien.com\/wp-content\/uploads\/2014\/07\/graphicdesign2.png\" >[\/vc_column][vc_column width=\u00a0\u00bb3\/4&Prime;]<h3  class=\"h-custom-headline h3\" ><span>\n<p>Conception\u00a0logo<\/p>\n<\/span><\/h3><p>L&rsquo;importance d&rsquo;un logo professionnel ne peut pas \u00eatre assez soulign\u00e9e. Un logo bien con\u00e7u vous garantit de donner une bonne impression de votre entreprise. C&rsquo;est la raison pour laquelle nous concevons des logos attirants et modernes qui repr\u00e9sentent votre entreprise de la fa\u00e7on que vous aimeriez la voir.<\/p>\n<a  class=\"x-btn x-btn-square x-btn-small alignleft\"  href=\"http:\/\/mondien.com\/fr\/services\/conception-graphique\/conception-logo\/\"     data-options=\"thumbnail: ''\">\n<p>EN SAVOIR PLUS<\/p>\n<\/a>[\/vc_column][\/vc_row][vc_row padding_top=\u00a0\u00bb0px\u00a0\u00bb padding_bottom=\u00a0\u00bb0px\u00a0\u00bb border=\u00a0\u00bbnone\u00a0\u00bb style=\u00a0\u00bbmargin-bottom:0;\u00a0\u00bb][vc_column width=\u00a0\u00bb1\/1&Prime;]<hr  class=\"x-hr\" >[\/vc_column][\/vc_row][vc_row padding_top=\u00a0\u00bb0px\u00a0\u00bb padding_bottom=\u00a0\u00bb0px\u00a0\u00bb border=\u00a0\u00bbnone\u00a0\u00bb style=\u00a0\u00bbmargin-bottom:0;\u00a0\u00bb][vc_column width=\u00a0\u00bb1\/4&Prime;]<img decoding=\"async\"  class=\"x-img x-img-none none\"  src=\"https:\/\/mondien.com\/wp-content\/uploads\/2014\/07\/graphicdesign3.png\" >[\/vc_column][vc_column width=\u00a0\u00bb3\/4&Prime;]<h3  class=\"h-custom-headline h3\" ><span>\n<p>Conception cartes d&rsquo;affaires<\/p>\n<\/span><\/h3><p>Une carte de visite bien con\u00e7ue fait toujours bonne impression et agit en tant que passeport vers de nouvelles opportunit\u00e9s et connaissances. Nous concevons des cartes d&rsquo;affaires modernes qui se d\u00e9marquent et donnent \u00e0 votre entreprise un aspect professionnel et raffin\u00e9 pour tous les m\u00e9dias.<\/p>\n<a  class=\"x-btn x-btn-square x-btn-small alignleft\"  href=\"http:\/\/mondien.com\/fr\/services\/conception-graphique\/conception-cartes-daffaires\/\"     data-options=\"thumbnail: ''\">\n<p>EN SAVOIR PLUS<\/p>\n<\/a>[\/vc_column][\/vc_row][vc_row padding_top=\u00a0\u00bb0px\u00a0\u00bb padding_bottom=\u00a0\u00bb0px\u00a0\u00bb border=\u00a0\u00bbnone\u00a0\u00bb style=\u00a0\u00bbmargin-bottom:0;\u00a0\u00bb][vc_column width=\u00a0\u00bb1\/1&Prime;]<hr  class=\"x-hr\" >[\/vc_column][\/vc_row][vc_row padding_top=\u00a0\u00bb0px\u00a0\u00bb padding_bottom=\u00a0\u00bb0px\u00a0\u00bb border=\u00a0\u00bbnone\u00a0\u00bb style=\u00a0\u00bbmargin-bottom:0;\u00a0\u00bb][vc_column width=\u00a0\u00bb1\/4&Prime;]<img decoding=\"async\"  class=\"x-img x-img-none none\"  src=\"https:\/\/mondien.com\/wp-content\/uploads\/2014\/07\/graphicdesign4.png\" >[\/vc_column][vc_column width=\u00a0\u00bb3\/4&Prime;]<h3  class=\"h-custom-headline h3\" ><span>\n<p>Conception\u00a0d\u00e9pliants<\/p>\n<\/span><\/h3><p>Faitez passer le mot avec de beaux d\u00e9pliants. Les d\u00e9pliants sont une n\u00e9cessit\u00e9 si vous souhaitez faire de la publicit\u00e9 pour des \u00e9v\u00e9nements publics, pour de nouveaux produits ou promotions, pour des ouvertures de magasins, pour des r\u00e9unions du forum et encore plus.<\/p>\n<a  class=\"x-btn x-btn-square x-btn-small alignleft\"  href=\"http:\/\/mondien.com\/fr\/services\/conception-graphique\/conception-depliants\/\"     data-options=\"thumbnail: ''\">\n<p>EN SAVOIR PLUS<\/p>\n<\/a>[\/vc_column][\/vc_row][vc_row padding_top=\u00a0\u00bb0px\u00a0\u00bb padding_bottom=\u00a0\u00bb0px\u00a0\u00bb border=\u00a0\u00bbnone\u00a0\u00bb style=\u00a0\u00bbmargin-bottom:0;\u00a0\u00bb][vc_column width=\u00a0\u00bb1\/1&Prime;]<hr  class=\"x-hr\" >[\/vc_column][\/vc_row][vc_row padding_top=\u00a0\u00bb0px\u00a0\u00bb padding_bottom=\u00a0\u00bb0px\u00a0\u00bb border=\u00a0\u00bbnone\u00a0\u00bb style=\u00a0\u00bbmargin-bottom:0;\u00a0\u00bb][vc_column width=\u00a0\u00bb1\/4&Prime;]<img decoding=\"async\"  class=\"x-img x-img-none none\"  src=\"https:\/\/mondien.com\/wp-content\/uploads\/2014\/07\/graphicdesign5.png\" >[\/vc_column][vc_column width=\u00a0\u00bb3\/4&Prime;]<h3  class=\"h-custom-headline h3\" ><span>\n<p>Branding<\/p>\n<\/span><\/h3><p>Good branding is the key to successful marketing. A solid branding strategy can help you redefine your brand identity, reinforce your core values and give your clients a concrete mental representation of the organization. With the right tools and our experienced team of designers, we can refresh every aspect of your branding to better reflect your vision of how the company should be.<\/p>\n<a  class=\"x-btn x-btn-square x-btn-small alignleft\"  href=\"http:\/\/mondien.com\/fr\/services\/conception-graphique\/branding\/\"     data-options=\"thumbnail: ''\">\n<p>EN SAVOIR PLUS<\/p>\n<\/a>[\/vc_column][\/vc_row]\n<\/div>","protected":false},"excerpt":{"rendered":"<p>[vc_row padding_top=\u00a0\u00bb0px\u00a0\u00bb padding_bottom=\u00a0\u00bb0px\u00a0\u00bb border=\u00a0\u00bbnone\u00a0\u00bb][vc_column width=\u00a0\u00bb1\/1&Prime;][\/vc_column][\/vc_row][vc_row padding_top=\u00a0\u00bb0px\u00a0\u00bb padding_bottom=\u00a0\u00bb0px\u00a0\u00bb border=\u00a0\u00bbnone\u00a0\u00bb style=\u00a0\u00bbmargin-bottom:0;\u00a0\u00bb][vc_column width=\u00a0\u00bb1\/4&Prime;][\/vc_column][vc_column width=\u00a0\u00bb3\/4&Prime;][\/vc_column][\/vc_row][vc_row padding_top=\u00a0\u00bb0px\u00a0\u00bb padding_bottom=\u00a0\u00bb0px\u00a0\u00bb border=\u00a0\u00bbnone\u00a0\u00bb style=\u00a0\u00bbmargin-bottom:0;\u00a0\u00bb][vc_column width=\u00a0\u00bb1\/1&Prime;][\/vc_column][\/vc_row][vc_row padding_top=\u00a0\u00bb0px\u00a0\u00bb padding_bottom=\u00a0\u00bb0px\u00a0\u00bb border=\u00a0\u00bbnone\u00a0\u00bb style=\u00a0\u00bbmargin-bottom:0;\u00a0\u00bb][vc_column width=\u00a0\u00bb1\/4&Prime;][\/vc_column][vc_column width=\u00a0\u00bb3\/4&Prime;][\/vc_column][\/vc_row][vc_row padding_top=\u00a0\u00bb0px\u00a0\u00bb padding_bottom=\u00a0\u00bb0px\u00a0\u00bb border=\u00a0\u00bbnone\u00a0\u00bb style=\u00a0\u00bbmargin-bottom:0;\u00a0\u00bb][vc_column width=\u00a0\u00bb1\/1&Prime;][\/vc_column][\/vc_row][vc_row padding_top=\u00a0\u00bb0px\u00a0\u00bb padding_bottom=\u00a0\u00bb0px\u00a0\u00bb border=\u00a0\u00bbnone\u00a0\u00bb style=\u00a0\u00bbmargin-bottom:0;\u00a0\u00bb][vc_column width=\u00a0\u00bb1\/4&Prime;][\/vc_column][vc_column width=\u00a0\u00bb3\/4&Prime;][\/vc_column][\/vc_row][vc_row padding_top=\u00a0\u00bb0px\u00a0\u00bb padding_bottom=\u00a0\u00bb0px\u00a0\u00bb border=\u00a0\u00bbnone\u00a0\u00bb style=\u00a0\u00bbmargin-bottom:0;\u00a0\u00bb][vc_column width=\u00a0\u00bb1\/1&Prime;][\/vc_column][\/vc_row][vc_row padding_top=\u00a0\u00bb0px\u00a0\u00bb padding_bottom=\u00a0\u00bb0px\u00a0\u00bb border=\u00a0\u00bbnone\u00a0\u00bb style=\u00a0\u00bbmargin-bottom:0;\u00a0\u00bb][vc_column width=\u00a0\u00bb1\/4&Prime;][\/vc_column][vc_column width=\u00a0\u00bb3\/4&Prime;][\/vc_column][\/vc_row][vc_row padding_top=\u00a0\u00bb0px\u00a0\u00bb padding_bottom=\u00a0\u00bb0px\u00a0\u00bb border=\u00a0\u00bbnone\u00a0\u00bb style=\u00a0\u00bbmargin-bottom:0;\u00a0\u00bb][vc_column width=\u00a0\u00bb1\/1&Prime;][\/vc_column][\/vc_row][vc_row padding_top=\u00a0\u00bb0px\u00a0\u00bb padding_bottom=\u00a0\u00bb0px\u00a0\u00bb border=\u00a0\u00bbnone\u00a0\u00bb style=\u00a0\u00bbmargin-bottom:0;\u00a0\u00bb][vc_column width=\u00a0\u00bb1\/4&Prime;][\/vc_column][vc_column width=\u00a0\u00bb3\/4&Prime;][\/vc_column][\/vc_row]<\/p>\n","protected":false},"author":1,"featured_media":0,"parent":7878,"menu_order":2,"comment_status":"closed","ping_status":"closed","template":"template-layout-full-width.php","meta":{"_monsterinsights_skip_tracking":false,"_monsterinsights_sitenote_active":false,"_monsterinsights_sitenote_note":"","_monsterinsights_sitenote_category":0,"footnotes":""},"class_list":["post-7896","page","type-page","status-publish","hentry","no-post-thumbnail"],"yoast_head":"<!-- This site is optimized with the Yoast SEO plugin v25.5 - https:\/\/yoast.com\/wordpress\/plugins\/seo\/ -->\n<title>Conception graphique - Mondien<\/title>\n<meta name=\"robots\" content=\"index, follow, max-snippet:-1, max-image-preview:large, max-video-preview:-1\" \/>\n<link rel=\"canonical\" href=\"https:\/\/mondien.com\/fr\/services\/conception-graphique\/\" \/>\n<meta property=\"og:locale\" content=\"fr_FR\" \/>\n<meta property=\"og:type\" content=\"article\" \/>\n<meta property=\"og:title\" content=\"Conception graphique - Mondien\" \/>\n<meta property=\"og:description\" content=\"[vc_row padding_top=\u00a0\u00bb0px\u00a0\u00bb padding_bottom=\u00a0\u00bb0px\u00a0\u00bb border=\u00a0\u00bbnone\u00a0\u00bb][vc_column width=\u00a0\u00bb1\/1&Prime;][\/vc_column][\/vc_row][vc_row padding_top=\u00a0\u00bb0px\u00a0\u00bb padding_bottom=\u00a0\u00bb0px\u00a0\u00bb border=\u00a0\u00bbnone\u00a0\u00bb style=\u00a0\u00bbmargin-bottom:0;\u00a0\u00bb][vc_column width=\u00a0\u00bb1\/4&Prime;][\/vc_column][vc_column width=\u00a0\u00bb3\/4&Prime;][\/vc_column][\/vc_row][vc_row padding_top=\u00a0\u00bb0px\u00a0\u00bb padding_bottom=\u00a0\u00bb0px\u00a0\u00bb border=\u00a0\u00bbnone\u00a0\u00bb style=\u00a0\u00bbmargin-bottom:0;\u00a0\u00bb][vc_column width=\u00a0\u00bb1\/1&Prime;][\/vc_column][\/vc_row][vc_row padding_top=\u00a0\u00bb0px\u00a0\u00bb padding_bottom=\u00a0\u00bb0px\u00a0\u00bb border=\u00a0\u00bbnone\u00a0\u00bb style=\u00a0\u00bbmargin-bottom:0;\u00a0\u00bb][vc_column width=\u00a0\u00bb1\/4&Prime;][\/vc_column][vc_column width=\u00a0\u00bb3\/4&Prime;][\/vc_column][\/vc_row][vc_row padding_top=\u00a0\u00bb0px\u00a0\u00bb padding_bottom=\u00a0\u00bb0px\u00a0\u00bb border=\u00a0\u00bbnone\u00a0\u00bb style=\u00a0\u00bbmargin-bottom:0;\u00a0\u00bb][vc_column width=\u00a0\u00bb1\/1&Prime;][\/vc_column][\/vc_row][vc_row padding_top=\u00a0\u00bb0px\u00a0\u00bb padding_bottom=\u00a0\u00bb0px\u00a0\u00bb border=\u00a0\u00bbnone\u00a0\u00bb style=\u00a0\u00bbmargin-bottom:0;\u00a0\u00bb][vc_column width=\u00a0\u00bb1\/4&Prime;][\/vc_column][vc_column width=\u00a0\u00bb3\/4&Prime;][\/vc_column][\/vc_row][vc_row padding_top=\u00a0\u00bb0px\u00a0\u00bb padding_bottom=\u00a0\u00bb0px\u00a0\u00bb border=\u00a0\u00bbnone\u00a0\u00bb style=\u00a0\u00bbmargin-bottom:0;\u00a0\u00bb][vc_column width=\u00a0\u00bb1\/1&Prime;][\/vc_column][\/vc_row][vc_row padding_top=\u00a0\u00bb0px\u00a0\u00bb padding_bottom=\u00a0\u00bb0px\u00a0\u00bb border=\u00a0\u00bbnone\u00a0\u00bb style=\u00a0\u00bbmargin-bottom:0;\u00a0\u00bb][vc_column width=\u00a0\u00bb1\/4&Prime;][\/vc_column][vc_column width=\u00a0\u00bb3\/4&Prime;][\/vc_column][\/vc_row][vc_row padding_top=\u00a0\u00bb0px\u00a0\u00bb padding_bottom=\u00a0\u00bb0px\u00a0\u00bb border=\u00a0\u00bbnone\u00a0\u00bb style=\u00a0\u00bbmargin-bottom:0;\u00a0\u00bb][vc_column width=\u00a0\u00bb1\/1&Prime;][\/vc_column][\/vc_row][vc_row padding_top=\u00a0\u00bb0px\u00a0\u00bb padding_bottom=\u00a0\u00bb0px\u00a0\u00bb border=\u00a0\u00bbnone\u00a0\u00bb style=\u00a0\u00bbmargin-bottom:0;\u00a0\u00bb][vc_column width=\u00a0\u00bb1\/4&Prime;][\/vc_column][vc_column width=\u00a0\u00bb3\/4&Prime;][\/vc_column][\/vc_row]\" \/>\n<meta property=\"og:url\" content=\"https:\/\/mondien.com\/fr\/services\/conception-graphique\/\" \/>\n<meta property=\"og:site_name\" content=\"Mondien\" \/>\n<meta property=\"article:publisher\" content=\"https:\/\/www.facebook.com\/Mondien\" \/>\n<meta property=\"article:modified_time\" content=\"2015-09-04T21:11:06+00:00\" \/>\n<meta property=\"og:image\" content=\"https:\/\/mondien.com\/wp-content\/uploads\/2024\/09\/mondienlogo.jpg\" \/>\n\t<meta property=\"og:image:width\" content=\"500\" \/>\n\t<meta property=\"og:image:height\" content=\"500\" \/>\n\t<meta property=\"og:image:type\" content=\"image\/jpeg\" \/>\n<meta name=\"twitter:card\" content=\"summary_large_image\" \/>\n<meta name=\"twitter:site\" content=\"@Mondien\" \/>\n<meta name=\"twitter:label1\" content=\"Dur\u00e9e de lecture estim\u00e9e\" \/>\n\t<meta name=\"twitter:data1\" content=\"4 minutes\" \/>\n<script type=\"application\/ld+json\" class=\"yoast-schema-graph\">{\"@context\":\"https:\/\/schema.org\",\"@graph\":[{\"@type\":\"WebPage\",\"@id\":\"https:\/\/mondien.com\/fr\/services\/conception-graphique\/\",\"url\":\"https:\/\/mondien.com\/fr\/services\/conception-graphique\/\",\"name\":\"Conception graphique - Mondien\",\"isPartOf\":{\"@id\":\"https:\/\/mondien.com\/fr\/#website\"},\"datePublished\":\"2014-08-17T14:32:49+00:00\",\"dateModified\":\"2015-09-04T21:11:06+00:00\",\"breadcrumb\":{\"@id\":\"https:\/\/mondien.com\/fr\/services\/conception-graphique\/#breadcrumb\"},\"inLanguage\":\"fr-FR\",\"potentialAction\":[{\"@type\":\"ReadAction\",\"target\":[\"https:\/\/mondien.com\/fr\/services\/conception-graphique\/\"]}]},{\"@type\":\"BreadcrumbList\",\"@id\":\"https:\/\/mondien.com\/fr\/services\/conception-graphique\/#breadcrumb\",\"itemListElement\":[{\"@type\":\"ListItem\",\"position\":1,\"name\":\"Home\",\"item\":\"https:\/\/mondien.com\/fr\/\"},{\"@type\":\"ListItem\",\"position\":2,\"name\":\"Services\",\"item\":\"https:\/\/mondien.com\/fr\/services\/\"},{\"@type\":\"ListItem\",\"position\":3,\"name\":\"Conception graphique\"}]},{\"@type\":\"WebSite\",\"@id\":\"https:\/\/mondien.com\/fr\/#website\",\"url\":\"https:\/\/mondien.com\/fr\/\",\"name\":\"Mondien\",\"description\":\"Montreal Web Design - Website Design Company | Mondien\",\"publisher\":{\"@id\":\"https:\/\/mondien.com\/fr\/#organization\"},\"potentialAction\":[{\"@type\":\"SearchAction\",\"target\":{\"@type\":\"EntryPoint\",\"urlTemplate\":\"https:\/\/mondien.com\/fr\/?s={search_term_string}\"},\"query-input\":{\"@type\":\"PropertyValueSpecification\",\"valueRequired\":true,\"valueName\":\"search_term_string\"}}],\"inLanguage\":\"fr-FR\"},{\"@type\":\"Organization\",\"@id\":\"https:\/\/mondien.com\/fr\/#organization\",\"name\":\"Mondien\",\"url\":\"https:\/\/mondien.com\/fr\/\",\"logo\":{\"@type\":\"ImageObject\",\"inLanguage\":\"fr-FR\",\"@id\":\"https:\/\/mondien.com\/fr\/#\/schema\/logo\/image\/\",\"url\":\"https:\/\/mondien.com\/wp-content\/uploads\/2024\/09\/mondienlogo.jpg\",\"contentUrl\":\"https:\/\/mondien.com\/wp-content\/uploads\/2024\/09\/mondienlogo.jpg\",\"width\":500,\"height\":500,\"caption\":\"Mondien\"},\"image\":{\"@id\":\"https:\/\/mondien.com\/fr\/#\/schema\/logo\/image\/\"},\"sameAs\":[\"https:\/\/www.facebook.com\/Mondien\",\"https:\/\/x.com\/Mondien\",\"http:\/\/www.linkedin.com\/company\/mondien\",\"https:\/\/www.pinterest.com\/mondien\/\"]}]}<\/script>\n<!-- \/ Yoast SEO plugin. -->","yoast_head_json":{"title":"Conception graphique - Mondien","robots":{"index":"index","follow":"follow","max-snippet":"max-snippet:-1","max-image-preview":"max-image-preview:large","max-video-preview":"max-video-preview:-1"},"canonical":"https:\/\/mondien.com\/fr\/services\/conception-graphique\/","og_locale":"fr_FR","og_type":"article","og_title":"Conception graphique - Mondien","og_description":"[vc_row padding_top=\u00a0\u00bb0px\u00a0\u00bb padding_bottom=\u00a0\u00bb0px\u00a0\u00bb border=\u00a0\u00bbnone\u00a0\u00bb][vc_column width=\u00a0\u00bb1\/1&Prime;][\/vc_column][\/vc_row][vc_row padding_top=\u00a0\u00bb0px\u00a0\u00bb padding_bottom=\u00a0\u00bb0px\u00a0\u00bb border=\u00a0\u00bbnone\u00a0\u00bb style=\u00a0\u00bbmargin-bottom:0;\u00a0\u00bb][vc_column width=\u00a0\u00bb1\/4&Prime;][\/vc_column][vc_column width=\u00a0\u00bb3\/4&Prime;][\/vc_column][\/vc_row][vc_row padding_top=\u00a0\u00bb0px\u00a0\u00bb padding_bottom=\u00a0\u00bb0px\u00a0\u00bb border=\u00a0\u00bbnone\u00a0\u00bb style=\u00a0\u00bbmargin-bottom:0;\u00a0\u00bb][vc_column width=\u00a0\u00bb1\/1&Prime;][\/vc_column][\/vc_row][vc_row padding_top=\u00a0\u00bb0px\u00a0\u00bb padding_bottom=\u00a0\u00bb0px\u00a0\u00bb border=\u00a0\u00bbnone\u00a0\u00bb style=\u00a0\u00bbmargin-bottom:0;\u00a0\u00bb][vc_column width=\u00a0\u00bb1\/4&Prime;][\/vc_column][vc_column width=\u00a0\u00bb3\/4&Prime;][\/vc_column][\/vc_row][vc_row padding_top=\u00a0\u00bb0px\u00a0\u00bb padding_bottom=\u00a0\u00bb0px\u00a0\u00bb border=\u00a0\u00bbnone\u00a0\u00bb style=\u00a0\u00bbmargin-bottom:0;\u00a0\u00bb][vc_column width=\u00a0\u00bb1\/1&Prime;][\/vc_column][\/vc_row][vc_row padding_top=\u00a0\u00bb0px\u00a0\u00bb padding_bottom=\u00a0\u00bb0px\u00a0\u00bb border=\u00a0\u00bbnone\u00a0\u00bb style=\u00a0\u00bbmargin-bottom:0;\u00a0\u00bb][vc_column width=\u00a0\u00bb1\/4&Prime;][\/vc_column][vc_column width=\u00a0\u00bb3\/4&Prime;][\/vc_column][\/vc_row][vc_row padding_top=\u00a0\u00bb0px\u00a0\u00bb padding_bottom=\u00a0\u00bb0px\u00a0\u00bb border=\u00a0\u00bbnone\u00a0\u00bb style=\u00a0\u00bbmargin-bottom:0;\u00a0\u00bb][vc_column width=\u00a0\u00bb1\/1&Prime;][\/vc_column][\/vc_row][vc_row padding_top=\u00a0\u00bb0px\u00a0\u00bb padding_bottom=\u00a0\u00bb0px\u00a0\u00bb border=\u00a0\u00bbnone\u00a0\u00bb style=\u00a0\u00bbmargin-bottom:0;\u00a0\u00bb][vc_column width=\u00a0\u00bb1\/4&Prime;][\/vc_column][vc_column width=\u00a0\u00bb3\/4&Prime;][\/vc_column][\/vc_row][vc_row padding_top=\u00a0\u00bb0px\u00a0\u00bb padding_bottom=\u00a0\u00bb0px\u00a0\u00bb border=\u00a0\u00bbnone\u00a0\u00bb style=\u00a0\u00bbmargin-bottom:0;\u00a0\u00bb][vc_column width=\u00a0\u00bb1\/1&Prime;][\/vc_column][\/vc_row][vc_row padding_top=\u00a0\u00bb0px\u00a0\u00bb padding_bottom=\u00a0\u00bb0px\u00a0\u00bb border=\u00a0\u00bbnone\u00a0\u00bb style=\u00a0\u00bbmargin-bottom:0;\u00a0\u00bb][vc_column width=\u00a0\u00bb1\/4&Prime;][\/vc_column][vc_column width=\u00a0\u00bb3\/4&Prime;][\/vc_column][\/vc_row]","og_url":"https:\/\/mondien.com\/fr\/services\/conception-graphique\/","og_site_name":"Mondien","article_publisher":"https:\/\/www.facebook.com\/Mondien","article_modified_time":"2015-09-04T21:11:06+00:00","og_image":[{"width":500,"height":500,"url":"https:\/\/mondien.com\/wp-content\/uploads\/2024\/09\/mondienlogo.jpg","type":"image\/jpeg"}],"twitter_card":"summary_large_image","twitter_site":"@Mondien","twitter_misc":{"Dur\u00e9e de lecture estim\u00e9e":"4 minutes"},"schema":{"@context":"https:\/\/schema.org","@graph":[{"@type":"WebPage","@id":"https:\/\/mondien.com\/fr\/services\/conception-graphique\/","url":"https:\/\/mondien.com\/fr\/services\/conception-graphique\/","name":"Conception graphique - Mondien","isPartOf":{"@id":"https:\/\/mondien.com\/fr\/#website"},"datePublished":"2014-08-17T14:32:49+00:00","dateModified":"2015-09-04T21:11:06+00:00","breadcrumb":{"@id":"https:\/\/mondien.com\/fr\/services\/conception-graphique\/#breadcrumb"},"inLanguage":"fr-FR","potentialAction":[{"@type":"ReadAction","target":["https:\/\/mondien.com\/fr\/services\/conception-graphique\/"]}]},{"@type":"BreadcrumbList","@id":"https:\/\/mondien.com\/fr\/services\/conception-graphique\/#breadcrumb","itemListElement":[{"@type":"ListItem","position":1,"name":"Home","item":"https:\/\/mondien.com\/fr\/"},{"@type":"ListItem","position":2,"name":"Services","item":"https:\/\/mondien.com\/fr\/services\/"},{"@type":"ListItem","position":3,"name":"Conception graphique"}]},{"@type":"WebSite","@id":"https:\/\/mondien.com\/fr\/#website","url":"https:\/\/mondien.com\/fr\/","name":"Mondien","description":"Montreal Web Design - Website Design Company | Mondien","publisher":{"@id":"https:\/\/mondien.com\/fr\/#organization"},"potentialAction":[{"@type":"SearchAction","target":{"@type":"EntryPoint","urlTemplate":"https:\/\/mondien.com\/fr\/?s={search_term_string}"},"query-input":{"@type":"PropertyValueSpecification","valueRequired":true,"valueName":"search_term_string"}}],"inLanguage":"fr-FR"},{"@type":"Organization","@id":"https:\/\/mondien.com\/fr\/#organization","name":"Mondien","url":"https:\/\/mondien.com\/fr\/","logo":{"@type":"ImageObject","inLanguage":"fr-FR","@id":"https:\/\/mondien.com\/fr\/#\/schema\/logo\/image\/","url":"https:\/\/mondien.com\/wp-content\/uploads\/2024\/09\/mondienlogo.jpg","contentUrl":"https:\/\/mondien.com\/wp-content\/uploads\/2024\/09\/mondienlogo.jpg","width":500,"height":500,"caption":"Mondien"},"image":{"@id":"https:\/\/mondien.com\/fr\/#\/schema\/logo\/image\/"},"sameAs":["https:\/\/www.facebook.com\/Mondien","https:\/\/x.com\/Mondien","http:\/\/www.linkedin.com\/company\/mondien","https:\/\/www.pinterest.com\/mondien\/"]}]}},"_links":{"self":[{"href":"https:\/\/mondien.com\/fr\/wp-json\/wp\/v2\/pages\/7896","targetHints":{"allow":["GET"]}}],"collection":[{"href":"https:\/\/mondien.com\/fr\/wp-json\/wp\/v2\/pages"}],"about":[{"href":"https:\/\/mondien.com\/fr\/wp-json\/wp\/v2\/types\/page"}],"author":[{"embeddable":true,"href":"https:\/\/mondien.com\/fr\/wp-json\/wp\/v2\/users\/1"}],"replies":[{"embeddable":true,"href":"https:\/\/mondien.com\/fr\/wp-json\/wp\/v2\/comments?post=7896"}],"version-history":[{"count":0,"href":"https:\/\/mondien.com\/fr\/wp-json\/wp\/v2\/pages\/7896\/revisions"}],"up":[{"embeddable":true,"href":"https:\/\/mondien.com\/fr\/wp-json\/wp\/v2\/pages\/7878"}],"wp:attachment":[{"href":"https:\/\/mondien.com\/fr\/wp-json\/wp\/v2\/media?parent=7896"}],"curies":[{"name":"wp","href":"https:\/\/api.w.org\/{rel}","templated":true}]}}