{"id":7898,"date":"2014-08-17T10:36:52","date_gmt":"2014-08-17T14:36:52","guid":{"rendered":"http:\/\/mondien.com\/?page_id=7898"},"modified":"2015-06-17T20:19:33","modified_gmt":"2015-06-18T00:19:33","slug":"creation-graphique","status":"publish","type":"page","link":"https:\/\/mondien.com\/fr\/services\/conception-graphique\/creation-graphique\/","title":{"rendered":"Cr\u00e9ation graphique"},"content":{"rendered":"<div class=\"wpb-content-wrapper\">[vc_row][vc_column width=\u00a0\u00bb1\/1&Prime;]<h2  class=\"h-custom-headline h2\" ><span>Dans une conception qui sait vendre, chaque pixel compte.<\/span><\/h2>[\/vc_column][\/vc_row][vc_row][vc_column width=\u00a0\u00bb1\/4&Prime;]<img decoding=\"async\"  class=\"x-img x-img-none none\"  src=\"https:\/\/mondien.com\/wp-content\/uploads\/2014\/07\/creativedesign.png\" >[\/vc_column][vc_column width=\u00a0\u00bb3\/4&Prime;]<p>Mondien fournit une conception graphique esth\u00e9tique et moderne qui transmet bien l&rsquo;information, engage les clients et repr\u00e9sente fid\u00e8lement votre image de marque. Nous sommes \u00e0 jour avec les nouveaux styles de conception moderne qui nous permettent de donner un look original et incitant \u00e0 votre marque.<\/p>\n<p>Nous utilisons <strong>Adobe Photoshop\u2122<\/strong>, <strong>Illustrator\u2122<\/strong>, <strong>InDesign\u2122<\/strong>, <strong>Gimp\u2122<\/strong> et <strong>Inkscape\u2122<\/strong> pour la conception graphique professionnelle qui vous aide \u00e0 vendre vos produits. Nous pouvons vous offrir notre travail dans une vari\u00e9t\u00e9 de tailles et de formats, pour le web soit pour l&rsquo;imprimerie.<\/p>\n<p><a href=\"http:\/\/mondien.com\/wp-content\/uploads\/2014\/07\/creativedesignicon.png\"><img loading=\"lazy\" decoding=\"async\" class=\"aligncenter size-full wp-image-6889\" src=\"http:\/\/mondien.com\/wp-content\/uploads\/2014\/07\/creativedesignicon.png\" alt=\"creativedesignicon\" width=\"485\" height=\"113\" srcset=\"https:\/\/mondien.com\/wp-content\/uploads\/2014\/07\/creativedesignicon.png 485w, https:\/\/mondien.com\/wp-content\/uploads\/2014\/07\/creativedesignicon-300x69.png 300w, https:\/\/mondien.com\/wp-content\/uploads\/2014\/07\/creativedesignicon-100x23.png 100w\" sizes=\"auto, (max-width: 485px) 100vw, 485px\" \/><\/a><\/p>\n<h3>Conception graphique qui est faite pour vous.<\/h3>\n<p>Notre conception graphique peut s&rsquo;adapter \u00e0 une vari\u00e9t\u00e9 de m\u00e9dias, et nous pouvons vous aider avec tout projet personnalis\u00e9 que vous planifiez. Voici une liste br\u00e8ve de quelques services:<\/p>\n<div style=\"display: inline-block; float: left; width: 45%;\">\n<ul>\n<li>Banni\u00e8res<\/li>\n<li>Affiches<\/li>\n<li>Cartes d&rsquo;affaires<\/li>\n<li>Catalogues<\/li>\n<li>Brochures \/ D\u00e9pliants<\/li>\n<\/ul>\n<\/div>\n<div style=\"display: inline-block; float: left;\">\n<ul>\n<li>Annonces<\/li>\n<li>Conception d&#8217;emballages<\/li>\n<li>Menus de restaurants<\/li>\n<li>Imprim\u00e9s en couleur<\/li>\n<li>D\u00e9calques de voitures<\/li>\n<\/ul>\n<\/div>\n<h3 style=\"clear: both; padding-top: 20px;\">Contactez-nous pour un devis gratuit de graphisme.<\/h3>\n<p>Si votre projet n\u00e9cessite un m\u00e9dia sp\u00e9cial, doit \u00eatre refait \u00e0 plus grande \u00e9chelle ou si vous avez des sp\u00e9cifications personnalis\u00e9es, n&rsquo;h\u00e9sitez pas \u00e0 nous envoyer un message et nous allons vous r\u00e9pondre d\u00e8s que possible avec les options que nous offrons.<\/p>\n<a  class=\"x-btn x-btn-square x-btn-small alignleft\"  href=\"http:\/\/mondien.com\/fr\/devis\/\"     data-options=\"thumbnail: ''\">DEMANDEZ UN DEVIS<\/a><a  class=\"x-btn x-btn-square x-btn-small alignleft\"  href=\"http:\/\/mondien.com\/fr\/contact\/\"     data-options=\"thumbnail: ''\">CONTACTEZ-NOUS<\/a>[\/vc_column][\/vc_row]\n<\/div>","protected":false},"excerpt":{"rendered":"<p>[vc_row][vc_column width=\u00a0\u00bb1\/1&Prime;][\/vc_column][\/vc_row][vc_row][vc_column width=\u00a0\u00bb1\/4&Prime;][\/vc_column][vc_column width=\u00a0\u00bb3\/4&Prime;][\/vc_column][\/vc_row]<\/p>\n","protected":false},"author":1,"featured_media":0,"parent":7896,"menu_order":1,"comment_status":"closed","ping_status":"closed","template":"template-layout-full-width.php","meta":{"_monsterinsights_skip_tracking":false,"_monsterinsights_sitenote_active":false,"_monsterinsights_sitenote_note":"","_monsterinsights_sitenote_category":0,"footnotes":""},"class_list":["post-7898","page","type-page","status-publish","hentry","no-post-thumbnail"],"yoast_head":"<!-- This site is optimized with the Yoast SEO plugin v25.5 - https:\/\/yoast.com\/wordpress\/plugins\/seo\/ -->\n<title>Cr\u00e9ation graphique - Mondien<\/title>\n<meta name=\"robots\" content=\"index, follow, max-snippet:-1, max-image-preview:large, max-video-preview:-1\" \/>\n<link rel=\"canonical\" href=\"https:\/\/mondien.com\/fr\/services\/conception-graphique\/creation-graphique\/\" \/>\n<meta property=\"og:locale\" content=\"fr_FR\" \/>\n<meta property=\"og:type\" content=\"article\" \/>\n<meta property=\"og:title\" content=\"Cr\u00e9ation graphique - Mondien\" \/>\n<meta property=\"og:description\" content=\"[vc_row][vc_column width=\u00a0\u00bb1\/1&Prime;][\/vc_column][\/vc_row][vc_row][vc_column width=\u00a0\u00bb1\/4&Prime;][\/vc_column][vc_column width=\u00a0\u00bb3\/4&Prime;][\/vc_column][\/vc_row]\" \/>\n<meta property=\"og:url\" content=\"https:\/\/mondien.com\/fr\/services\/conception-graphique\/creation-graphique\/\" \/>\n<meta property=\"og:site_name\" content=\"Mondien\" \/>\n<meta property=\"article:publisher\" content=\"https:\/\/www.facebook.com\/Mondien\" \/>\n<meta property=\"article:modified_time\" content=\"2015-06-18T00:19:33+00:00\" \/>\n<meta property=\"og:image\" content=\"http:\/\/mondien.com\/wp-content\/uploads\/2014\/07\/creativedesignicon.png\" \/>\n<meta name=\"twitter:card\" content=\"summary_large_image\" \/>\n<meta name=\"twitter:site\" content=\"@Mondien\" \/>\n<meta name=\"twitter:label1\" content=\"Dur\u00e9e de lecture estim\u00e9e\" \/>\n\t<meta name=\"twitter:data1\" content=\"2 minutes\" \/>\n<script type=\"application\/ld+json\" class=\"yoast-schema-graph\">{\"@context\":\"https:\/\/schema.org\",\"@graph\":[{\"@type\":\"WebPage\",\"@id\":\"https:\/\/mondien.com\/fr\/services\/conception-graphique\/creation-graphique\/\",\"url\":\"https:\/\/mondien.com\/fr\/services\/conception-graphique\/creation-graphique\/\",\"name\":\"Cr\u00e9ation graphique - Mondien\",\"isPartOf\":{\"@id\":\"https:\/\/mondien.com\/fr\/#website\"},\"primaryImageOfPage\":{\"@id\":\"https:\/\/mondien.com\/fr\/services\/conception-graphique\/creation-graphique\/#primaryimage\"},\"image\":{\"@id\":\"https:\/\/mondien.com\/fr\/services\/conception-graphique\/creation-graphique\/#primaryimage\"},\"thumbnailUrl\":\"http:\/\/mondien.com\/wp-content\/uploads\/2014\/07\/creativedesignicon.png\",\"datePublished\":\"2014-08-17T14:36:52+00:00\",\"dateModified\":\"2015-06-18T00:19:33+00:00\",\"breadcrumb\":{\"@id\":\"https:\/\/mondien.com\/fr\/services\/conception-graphique\/creation-graphique\/#breadcrumb\"},\"inLanguage\":\"fr-FR\",\"potentialAction\":[{\"@type\":\"ReadAction\",\"target\":[\"https:\/\/mondien.com\/fr\/services\/conception-graphique\/creation-graphique\/\"]}]},{\"@type\":\"ImageObject\",\"inLanguage\":\"fr-FR\",\"@id\":\"https:\/\/mondien.com\/fr\/services\/conception-graphique\/creation-graphique\/#primaryimage\",\"url\":\"http:\/\/mondien.com\/wp-content\/uploads\/2014\/07\/creativedesignicon.png\",\"contentUrl\":\"http:\/\/mondien.com\/wp-content\/uploads\/2014\/07\/creativedesignicon.png\"},{\"@type\":\"BreadcrumbList\",\"@id\":\"https:\/\/mondien.com\/fr\/services\/conception-graphique\/creation-graphique\/#breadcrumb\",\"itemListElement\":[{\"@type\":\"ListItem\",\"position\":1,\"name\":\"Home\",\"item\":\"https:\/\/mondien.com\/fr\/\"},{\"@type\":\"ListItem\",\"position\":2,\"name\":\"Services\",\"item\":\"https:\/\/mondien.com\/fr\/services\/\"},{\"@type\":\"ListItem\",\"position\":3,\"name\":\"Conception graphique\",\"item\":\"https:\/\/mondien.com\/fr\/services\/conception-graphique\/\"},{\"@type\":\"ListItem\",\"position\":4,\"name\":\"Cr\u00e9ation graphique\"}]},{\"@type\":\"WebSite\",\"@id\":\"https:\/\/mondien.com\/fr\/#website\",\"url\":\"https:\/\/mondien.com\/fr\/\",\"name\":\"Mondien\",\"description\":\"Montreal Web Design - Website Design Company | Mondien\",\"publisher\":{\"@id\":\"https:\/\/mondien.com\/fr\/#organization\"},\"potentialAction\":[{\"@type\":\"SearchAction\",\"target\":{\"@type\":\"EntryPoint\",\"urlTemplate\":\"https:\/\/mondien.com\/fr\/?s={search_term_string}\"},\"query-input\":{\"@type\":\"PropertyValueSpecification\",\"valueRequired\":true,\"valueName\":\"search_term_string\"}}],\"inLanguage\":\"fr-FR\"},{\"@type\":\"Organization\",\"@id\":\"https:\/\/mondien.com\/fr\/#organization\",\"name\":\"Mondien\",\"url\":\"https:\/\/mondien.com\/fr\/\",\"logo\":{\"@type\":\"ImageObject\",\"inLanguage\":\"fr-FR\",\"@id\":\"https:\/\/mondien.com\/fr\/#\/schema\/logo\/image\/\",\"url\":\"https:\/\/mondien.com\/wp-content\/uploads\/2024\/09\/mondienlogo.jpg\",\"contentUrl\":\"https:\/\/mondien.com\/wp-content\/uploads\/2024\/09\/mondienlogo.jpg\",\"width\":500,\"height\":500,\"caption\":\"Mondien\"},\"image\":{\"@id\":\"https:\/\/mondien.com\/fr\/#\/schema\/logo\/image\/\"},\"sameAs\":[\"https:\/\/www.facebook.com\/Mondien\",\"https:\/\/x.com\/Mondien\",\"http:\/\/www.linkedin.com\/company\/mondien\",\"https:\/\/www.pinterest.com\/mondien\/\"]}]}<\/script>\n<!-- \/ Yoast SEO plugin. -->","yoast_head_json":{"title":"Cr\u00e9ation graphique - Mondien","robots":{"index":"index","follow":"follow","max-snippet":"max-snippet:-1","max-image-preview":"max-image-preview:large","max-video-preview":"max-video-preview:-1"},"canonical":"https:\/\/mondien.com\/fr\/services\/conception-graphique\/creation-graphique\/","og_locale":"fr_FR","og_type":"article","og_title":"Cr\u00e9ation graphique - Mondien","og_description":"[vc_row][vc_column width=\u00a0\u00bb1\/1&Prime;][\/vc_column][\/vc_row][vc_row][vc_column width=\u00a0\u00bb1\/4&Prime;][\/vc_column][vc_column width=\u00a0\u00bb3\/4&Prime;][\/vc_column][\/vc_row]","og_url":"https:\/\/mondien.com\/fr\/services\/conception-graphique\/creation-graphique\/","og_site_name":"Mondien","article_publisher":"https:\/\/www.facebook.com\/Mondien","article_modified_time":"2015-06-18T00:19:33+00:00","og_image":[{"url":"http:\/\/mondien.com\/wp-content\/uploads\/2014\/07\/creativedesignicon.png","type":"","width":"","height":""}],"twitter_card":"summary_large_image","twitter_site":"@Mondien","twitter_misc":{"Dur\u00e9e de lecture estim\u00e9e":"2 minutes"},"schema":{"@context":"https:\/\/schema.org","@graph":[{"@type":"WebPage","@id":"https:\/\/mondien.com\/fr\/services\/conception-graphique\/creation-graphique\/","url":"https:\/\/mondien.com\/fr\/services\/conception-graphique\/creation-graphique\/","name":"Cr\u00e9ation graphique - Mondien","isPartOf":{"@id":"https:\/\/mondien.com\/fr\/#website"},"primaryImageOfPage":{"@id":"https:\/\/mondien.com\/fr\/services\/conception-graphique\/creation-graphique\/#primaryimage"},"image":{"@id":"https:\/\/mondien.com\/fr\/services\/conception-graphique\/creation-graphique\/#primaryimage"},"thumbnailUrl":"http:\/\/mondien.com\/wp-content\/uploads\/2014\/07\/creativedesignicon.png","datePublished":"2014-08-17T14:36:52+00:00","dateModified":"2015-06-18T00:19:33+00:00","breadcrumb":{"@id":"https:\/\/mondien.com\/fr\/services\/conception-graphique\/creation-graphique\/#breadcrumb"},"inLanguage":"fr-FR","potentialAction":[{"@type":"ReadAction","target":["https:\/\/mondien.com\/fr\/services\/conception-graphique\/creation-graphique\/"]}]},{"@type":"ImageObject","inLanguage":"fr-FR","@id":"https:\/\/mondien.com\/fr\/services\/conception-graphique\/creation-graphique\/#primaryimage","url":"http:\/\/mondien.com\/wp-content\/uploads\/2014\/07\/creativedesignicon.png","contentUrl":"http:\/\/mondien.com\/wp-content\/uploads\/2014\/07\/creativedesignicon.png"},{"@type":"BreadcrumbList","@id":"https:\/\/mondien.com\/fr\/services\/conception-graphique\/creation-graphique\/#breadcrumb","itemListElement":[{"@type":"ListItem","position":1,"name":"Home","item":"https:\/\/mondien.com\/fr\/"},{"@type":"ListItem","position":2,"name":"Services","item":"https:\/\/mondien.com\/fr\/services\/"},{"@type":"ListItem","position":3,"name":"Conception graphique","item":"https:\/\/mondien.com\/fr\/services\/conception-graphique\/"},{"@type":"ListItem","position":4,"name":"Cr\u00e9ation graphique"}]},{"@type":"WebSite","@id":"https:\/\/mondien.com\/fr\/#website","url":"https:\/\/mondien.com\/fr\/","name":"Mondien","description":"Montreal Web Design - Website Design Company | Mondien","publisher":{"@id":"https:\/\/mondien.com\/fr\/#organization"},"potentialAction":[{"@type":"SearchAction","target":{"@type":"EntryPoint","urlTemplate":"https:\/\/mondien.com\/fr\/?s={search_term_string}"},"query-input":{"@type":"PropertyValueSpecification","valueRequired":true,"valueName":"search_term_string"}}],"inLanguage":"fr-FR"},{"@type":"Organization","@id":"https:\/\/mondien.com\/fr\/#organization","name":"Mondien","url":"https:\/\/mondien.com\/fr\/","logo":{"@type":"ImageObject","inLanguage":"fr-FR","@id":"https:\/\/mondien.com\/fr\/#\/schema\/logo\/image\/","url":"https:\/\/mondien.com\/wp-content\/uploads\/2024\/09\/mondienlogo.jpg","contentUrl":"https:\/\/mondien.com\/wp-content\/uploads\/2024\/09\/mondienlogo.jpg","width":500,"height":500,"caption":"Mondien"},"image":{"@id":"https:\/\/mondien.com\/fr\/#\/schema\/logo\/image\/"},"sameAs":["https:\/\/www.facebook.com\/Mondien","https:\/\/x.com\/Mondien","http:\/\/www.linkedin.com\/company\/mondien","https:\/\/www.pinterest.com\/mondien\/"]}]}},"_links":{"self":[{"href":"https:\/\/mondien.com\/fr\/wp-json\/wp\/v2\/pages\/7898","targetHints":{"allow":["GET"]}}],"collection":[{"href":"https:\/\/mondien.com\/fr\/wp-json\/wp\/v2\/pages"}],"about":[{"href":"https:\/\/mondien.com\/fr\/wp-json\/wp\/v2\/types\/page"}],"author":[{"embeddable":true,"href":"https:\/\/mondien.com\/fr\/wp-json\/wp\/v2\/users\/1"}],"replies":[{"embeddable":true,"href":"https:\/\/mondien.com\/fr\/wp-json\/wp\/v2\/comments?post=7898"}],"version-history":[{"count":0,"href":"https:\/\/mondien.com\/fr\/wp-json\/wp\/v2\/pages\/7898\/revisions"}],"up":[{"embeddable":true,"href":"https:\/\/mondien.com\/fr\/wp-json\/wp\/v2\/pages\/7896"}],"wp:attachment":[{"href":"https:\/\/mondien.com\/fr\/wp-json\/wp\/v2\/media?parent=7898"}],"curies":[{"name":"wp","href":"https:\/\/api.w.org\/{rel}","templated":true}]}}