{"id":7927,"date":"2014-08-17T10:58:50","date_gmt":"2014-08-17T14:58:50","guid":{"rendered":"http:\/\/mondien.com\/?page_id=7927"},"modified":"2015-06-17T20:50:10","modified_gmt":"2015-06-18T00:50:10","slug":"affilies","status":"publish","type":"page","link":"https:\/\/mondien.com\/fr\/services\/marketing-web\/affilies\/","title":{"rendered":"Affili\u00e9s"},"content":{"rendered":"<div class=\"wpb-content-wrapper\">[vc_row][vc_column width=\u00a0\u00bb1\/1&Prime;]<h2  class=\"h-custom-headline h2\" ><span>Incitez vos clients \u00e0 vous apporter encore plus de profit.<\/span><\/h2>[\/vc_column][\/vc_row][vc_row][vc_column width=\u00a0\u00bb1\/4&Prime;]<img decoding=\"async\"  class=\"x-img x-img-none none\"  src=\"https:\/\/mondien.com\/wp-content\/uploads\/2014\/07\/affiliates.png\" >[\/vc_column][vc_column width=\u00a0\u00bb3\/4&Prime;]<p>Mondien peut vous aider \u00e0 mettre en place un programme d&rsquo;affiliation pour votre entreprise afin d&rsquo;automatiser le processus d&rsquo;acquisition de nouveaux clients. Le bouche-\u00e0-oreille est le meilleur type de marketing, et faire en sorte que vos clients r\u00e9commandent votre entreprise est un aspect cl\u00e9 d&rsquo;une campagne de marketing r\u00e9ussie.<\/p>\n<p><a href=\"http:\/\/mondien.com\/wp-content\/uploads\/2014\/07\/affiliatesicon.png\"><img loading=\"lazy\" decoding=\"async\" class=\"aligncenter size-full wp-image-6940\" src=\"http:\/\/mondien.com\/wp-content\/uploads\/2014\/07\/affiliatesicon.png\" alt=\"affiliatesicon\" width=\"300\" height=\"190\" srcset=\"https:\/\/mondien.com\/wp-content\/uploads\/2014\/07\/affiliatesicon.png 300w, https:\/\/mondien.com\/wp-content\/uploads\/2014\/07\/affiliatesicon-100x63.png 100w\" sizes=\"auto, (max-width: 300px) 100vw, 300px\" \/><\/a><\/p>\n<p>Nous fournissons des syst\u00e8mes d&rsquo;affiliation int\u00e9gr\u00e9s \u00e0 votre site web, et sommes en mesure de d\u00e9velopper un programme d&rsquo;affiliation strat\u00e9gique pour votre entreprise qui profitera \u00e0 long terme pour vous et pour vos clients.<\/p>\n<h3>Un client satisfait peut vous apporter encore plus de client\u00e8le, surtout si vous le r\u00e9mun\u00e9rez.<\/h3>\n<p>Pour assurer un flux constant de r\u00e9f\u00e9rences pour votre entreprise, il ne suffit pas de seulement mettre en place une r\u00e9compense. Le maintien d&rsquo;une politique d&rsquo;entreprise et d&rsquo;une bonne attitude envers vos clients existants est essentielle pour qu&rsquo;un programme d&rsquo;affiliation puisse prosp\u00e9rer. Chaque client est une voie vers de nouvelles opportunit\u00e9s d&rsquo;affaires.<\/p>\n<p>Notre objectif est d&rsquo;assurer la prosp\u00e9rit\u00e9 de votre entreprise avec un programme d&rsquo;affiliation solide et strat\u00e9gique qui vous apportera un flux constant de revenus. Contactez-nous pour obtenir un devis pour un programme d&rsquo;affiliation.<\/p>\n<a  class=\"x-btn x-btn-square x-btn-small alignleft\"  href=\"http:\/\/mondien.com\/fr\/devis\/\"     data-options=\"thumbnail: ''\">DEMANDEZ UN DEVIS<\/a><a  class=\"x-btn x-btn-square x-btn-small alignleft\"  href=\"http:\/\/mondien.com\/fr\/contact\/\"     data-options=\"thumbnail: ''\">CONTACTEZ-NOUS<\/a>[\/vc_column][\/vc_row]\n<\/div>","protected":false},"excerpt":{"rendered":"<p>[vc_row][vc_column width=\u00a0\u00bb1\/1&Prime;][\/vc_column][\/vc_row][vc_row][vc_column width=\u00a0\u00bb1\/4&Prime;][\/vc_column][vc_column width=\u00a0\u00bb3\/4&Prime;][\/vc_column][\/vc_row]<\/p>\n","protected":false},"author":1,"featured_media":0,"parent":7913,"menu_order":7,"comment_status":"closed","ping_status":"closed","template":"template-layout-full-width.php","meta":{"_monsterinsights_skip_tracking":false,"_monsterinsights_sitenote_active":false,"_monsterinsights_sitenote_note":"","_monsterinsights_sitenote_category":0,"footnotes":""},"class_list":["post-7927","page","type-page","status-publish","hentry","no-post-thumbnail"],"yoast_head":"<!-- This site is optimized with the Yoast SEO plugin v25.5 - https:\/\/yoast.com\/wordpress\/plugins\/seo\/ -->\n<title>Affili\u00e9s - Mondien<\/title>\n<meta name=\"robots\" content=\"index, follow, max-snippet:-1, max-image-preview:large, max-video-preview:-1\" \/>\n<link rel=\"canonical\" href=\"https:\/\/mondien.com\/fr\/services\/marketing-web\/affilies\/\" \/>\n<meta property=\"og:locale\" content=\"fr_FR\" \/>\n<meta property=\"og:type\" content=\"article\" \/>\n<meta property=\"og:title\" content=\"Affili\u00e9s - Mondien\" \/>\n<meta property=\"og:description\" content=\"[vc_row][vc_column width=\u00a0\u00bb1\/1&Prime;][\/vc_column][\/vc_row][vc_row][vc_column width=\u00a0\u00bb1\/4&Prime;][\/vc_column][vc_column width=\u00a0\u00bb3\/4&Prime;][\/vc_column][\/vc_row]\" \/>\n<meta property=\"og:url\" content=\"https:\/\/mondien.com\/fr\/services\/marketing-web\/affilies\/\" \/>\n<meta property=\"og:site_name\" content=\"Mondien\" \/>\n<meta property=\"article:publisher\" content=\"https:\/\/www.facebook.com\/Mondien\" \/>\n<meta property=\"article:modified_time\" content=\"2015-06-18T00:50:10+00:00\" \/>\n<meta property=\"og:image\" content=\"http:\/\/mondien.com\/wp-content\/uploads\/2014\/07\/affiliatesicon.png\" \/>\n<meta name=\"twitter:card\" content=\"summary_large_image\" \/>\n<meta name=\"twitter:site\" content=\"@Mondien\" \/>\n<meta name=\"twitter:label1\" content=\"Dur\u00e9e de lecture estim\u00e9e\" \/>\n\t<meta name=\"twitter:data1\" content=\"2 minutes\" \/>\n<script type=\"application\/ld+json\" class=\"yoast-schema-graph\">{\"@context\":\"https:\/\/schema.org\",\"@graph\":[{\"@type\":\"WebPage\",\"@id\":\"https:\/\/mondien.com\/fr\/services\/marketing-web\/affilies\/\",\"url\":\"https:\/\/mondien.com\/fr\/services\/marketing-web\/affilies\/\",\"name\":\"Affili\u00e9s - Mondien\",\"isPartOf\":{\"@id\":\"https:\/\/mondien.com\/fr\/#website\"},\"primaryImageOfPage\":{\"@id\":\"https:\/\/mondien.com\/fr\/services\/marketing-web\/affilies\/#primaryimage\"},\"image\":{\"@id\":\"https:\/\/mondien.com\/fr\/services\/marketing-web\/affilies\/#primaryimage\"},\"thumbnailUrl\":\"http:\/\/mondien.com\/wp-content\/uploads\/2014\/07\/affiliatesicon.png\",\"datePublished\":\"2014-08-17T14:58:50+00:00\",\"dateModified\":\"2015-06-18T00:50:10+00:00\",\"breadcrumb\":{\"@id\":\"https:\/\/mondien.com\/fr\/services\/marketing-web\/affilies\/#breadcrumb\"},\"inLanguage\":\"fr-FR\",\"potentialAction\":[{\"@type\":\"ReadAction\",\"target\":[\"https:\/\/mondien.com\/fr\/services\/marketing-web\/affilies\/\"]}]},{\"@type\":\"ImageObject\",\"inLanguage\":\"fr-FR\",\"@id\":\"https:\/\/mondien.com\/fr\/services\/marketing-web\/affilies\/#primaryimage\",\"url\":\"http:\/\/mondien.com\/wp-content\/uploads\/2014\/07\/affiliatesicon.png\",\"contentUrl\":\"http:\/\/mondien.com\/wp-content\/uploads\/2014\/07\/affiliatesicon.png\"},{\"@type\":\"BreadcrumbList\",\"@id\":\"https:\/\/mondien.com\/fr\/services\/marketing-web\/affilies\/#breadcrumb\",\"itemListElement\":[{\"@type\":\"ListItem\",\"position\":1,\"name\":\"Home\",\"item\":\"https:\/\/mondien.com\/fr\/\"},{\"@type\":\"ListItem\",\"position\":2,\"name\":\"Services\",\"item\":\"https:\/\/mondien.com\/fr\/services\/\"},{\"@type\":\"ListItem\",\"position\":3,\"name\":\"Marketing web\",\"item\":\"https:\/\/mondien.com\/fr\/services\/marketing-web\/\"},{\"@type\":\"ListItem\",\"position\":4,\"name\":\"Affili\u00e9s\"}]},{\"@type\":\"WebSite\",\"@id\":\"https:\/\/mondien.com\/fr\/#website\",\"url\":\"https:\/\/mondien.com\/fr\/\",\"name\":\"Mondien\",\"description\":\"Montreal Web Design - Website Design Company | Mondien\",\"publisher\":{\"@id\":\"https:\/\/mondien.com\/fr\/#organization\"},\"potentialAction\":[{\"@type\":\"SearchAction\",\"target\":{\"@type\":\"EntryPoint\",\"urlTemplate\":\"https:\/\/mondien.com\/fr\/?s={search_term_string}\"},\"query-input\":{\"@type\":\"PropertyValueSpecification\",\"valueRequired\":true,\"valueName\":\"search_term_string\"}}],\"inLanguage\":\"fr-FR\"},{\"@type\":\"Organization\",\"@id\":\"https:\/\/mondien.com\/fr\/#organization\",\"name\":\"Mondien\",\"url\":\"https:\/\/mondien.com\/fr\/\",\"logo\":{\"@type\":\"ImageObject\",\"inLanguage\":\"fr-FR\",\"@id\":\"https:\/\/mondien.com\/fr\/#\/schema\/logo\/image\/\",\"url\":\"https:\/\/mondien.com\/wp-content\/uploads\/2024\/09\/mondienlogo.jpg\",\"contentUrl\":\"https:\/\/mondien.com\/wp-content\/uploads\/2024\/09\/mondienlogo.jpg\",\"width\":500,\"height\":500,\"caption\":\"Mondien\"},\"image\":{\"@id\":\"https:\/\/mondien.com\/fr\/#\/schema\/logo\/image\/\"},\"sameAs\":[\"https:\/\/www.facebook.com\/Mondien\",\"https:\/\/x.com\/Mondien\",\"http:\/\/www.linkedin.com\/company\/mondien\",\"https:\/\/www.pinterest.com\/mondien\/\"]}]}<\/script>\n<!-- \/ Yoast SEO plugin. -->","yoast_head_json":{"title":"Affili\u00e9s - Mondien","robots":{"index":"index","follow":"follow","max-snippet":"max-snippet:-1","max-image-preview":"max-image-preview:large","max-video-preview":"max-video-preview:-1"},"canonical":"https:\/\/mondien.com\/fr\/services\/marketing-web\/affilies\/","og_locale":"fr_FR","og_type":"article","og_title":"Affili\u00e9s - Mondien","og_description":"[vc_row][vc_column width=\u00a0\u00bb1\/1&Prime;][\/vc_column][\/vc_row][vc_row][vc_column width=\u00a0\u00bb1\/4&Prime;][\/vc_column][vc_column width=\u00a0\u00bb3\/4&Prime;][\/vc_column][\/vc_row]","og_url":"https:\/\/mondien.com\/fr\/services\/marketing-web\/affilies\/","og_site_name":"Mondien","article_publisher":"https:\/\/www.facebook.com\/Mondien","article_modified_time":"2015-06-18T00:50:10+00:00","og_image":[{"url":"http:\/\/mondien.com\/wp-content\/uploads\/2014\/07\/affiliatesicon.png","type":"","width":"","height":""}],"twitter_card":"summary_large_image","twitter_site":"@Mondien","twitter_misc":{"Dur\u00e9e de lecture estim\u00e9e":"2 minutes"},"schema":{"@context":"https:\/\/schema.org","@graph":[{"@type":"WebPage","@id":"https:\/\/mondien.com\/fr\/services\/marketing-web\/affilies\/","url":"https:\/\/mondien.com\/fr\/services\/marketing-web\/affilies\/","name":"Affili\u00e9s - Mondien","isPartOf":{"@id":"https:\/\/mondien.com\/fr\/#website"},"primaryImageOfPage":{"@id":"https:\/\/mondien.com\/fr\/services\/marketing-web\/affilies\/#primaryimage"},"image":{"@id":"https:\/\/mondien.com\/fr\/services\/marketing-web\/affilies\/#primaryimage"},"thumbnailUrl":"http:\/\/mondien.com\/wp-content\/uploads\/2014\/07\/affiliatesicon.png","datePublished":"2014-08-17T14:58:50+00:00","dateModified":"2015-06-18T00:50:10+00:00","breadcrumb":{"@id":"https:\/\/mondien.com\/fr\/services\/marketing-web\/affilies\/#breadcrumb"},"inLanguage":"fr-FR","potentialAction":[{"@type":"ReadAction","target":["https:\/\/mondien.com\/fr\/services\/marketing-web\/affilies\/"]}]},{"@type":"ImageObject","inLanguage":"fr-FR","@id":"https:\/\/mondien.com\/fr\/services\/marketing-web\/affilies\/#primaryimage","url":"http:\/\/mondien.com\/wp-content\/uploads\/2014\/07\/affiliatesicon.png","contentUrl":"http:\/\/mondien.com\/wp-content\/uploads\/2014\/07\/affiliatesicon.png"},{"@type":"BreadcrumbList","@id":"https:\/\/mondien.com\/fr\/services\/marketing-web\/affilies\/#breadcrumb","itemListElement":[{"@type":"ListItem","position":1,"name":"Home","item":"https:\/\/mondien.com\/fr\/"},{"@type":"ListItem","position":2,"name":"Services","item":"https:\/\/mondien.com\/fr\/services\/"},{"@type":"ListItem","position":3,"name":"Marketing web","item":"https:\/\/mondien.com\/fr\/services\/marketing-web\/"},{"@type":"ListItem","position":4,"name":"Affili\u00e9s"}]},{"@type":"WebSite","@id":"https:\/\/mondien.com\/fr\/#website","url":"https:\/\/mondien.com\/fr\/","name":"Mondien","description":"Montreal Web Design - Website Design Company | Mondien","publisher":{"@id":"https:\/\/mondien.com\/fr\/#organization"},"potentialAction":[{"@type":"SearchAction","target":{"@type":"EntryPoint","urlTemplate":"https:\/\/mondien.com\/fr\/?s={search_term_string}"},"query-input":{"@type":"PropertyValueSpecification","valueRequired":true,"valueName":"search_term_string"}}],"inLanguage":"fr-FR"},{"@type":"Organization","@id":"https:\/\/mondien.com\/fr\/#organization","name":"Mondien","url":"https:\/\/mondien.com\/fr\/","logo":{"@type":"ImageObject","inLanguage":"fr-FR","@id":"https:\/\/mondien.com\/fr\/#\/schema\/logo\/image\/","url":"https:\/\/mondien.com\/wp-content\/uploads\/2024\/09\/mondienlogo.jpg","contentUrl":"https:\/\/mondien.com\/wp-content\/uploads\/2024\/09\/mondienlogo.jpg","width":500,"height":500,"caption":"Mondien"},"image":{"@id":"https:\/\/mondien.com\/fr\/#\/schema\/logo\/image\/"},"sameAs":["https:\/\/www.facebook.com\/Mondien","https:\/\/x.com\/Mondien","http:\/\/www.linkedin.com\/company\/mondien","https:\/\/www.pinterest.com\/mondien\/"]}]}},"_links":{"self":[{"href":"https:\/\/mondien.com\/fr\/wp-json\/wp\/v2\/pages\/7927","targetHints":{"allow":["GET"]}}],"collection":[{"href":"https:\/\/mondien.com\/fr\/wp-json\/wp\/v2\/pages"}],"about":[{"href":"https:\/\/mondien.com\/fr\/wp-json\/wp\/v2\/types\/page"}],"author":[{"embeddable":true,"href":"https:\/\/mondien.com\/fr\/wp-json\/wp\/v2\/users\/1"}],"replies":[{"embeddable":true,"href":"https:\/\/mondien.com\/fr\/wp-json\/wp\/v2\/comments?post=7927"}],"version-history":[{"count":0,"href":"https:\/\/mondien.com\/fr\/wp-json\/wp\/v2\/pages\/7927\/revisions"}],"up":[{"embeddable":true,"href":"https:\/\/mondien.com\/fr\/wp-json\/wp\/v2\/pages\/7913"}],"wp:attachment":[{"href":"https:\/\/mondien.com\/fr\/wp-json\/wp\/v2\/media?parent=7927"}],"curies":[{"name":"wp","href":"https:\/\/api.w.org\/{rel}","templated":true}]}}