{"id":7933,"date":"2014-08-17T11:01:46","date_gmt":"2014-08-17T15:01:46","guid":{"rendered":"http:\/\/mondien.com\/?page_id=7933"},"modified":"2015-06-17T20:52:59","modified_gmt":"2015-06-18T00:52:59","slug":"communiques-de-presse","status":"publish","type":"page","link":"https:\/\/mondien.com\/fr\/services\/contenu\/communiques-de-presse\/","title":{"rendered":"Communiqu\u00e9s de presse"},"content":{"rendered":"<div class=\"wpb-content-wrapper\">[vc_row][vc_column width=\u00a0\u00bb1\/1&Prime;]<h2  class=\"h-custom-headline h2\" ><span>Publiez des communiqu\u00e9s qui font une bonne impression.<\/span><\/h2>[\/vc_column][\/vc_row][vc_row][vc_column width=\u00a0\u00bb1\/4&Prime;]<img decoding=\"async\"  class=\"x-img x-img-none none\"  src=\"https:\/\/mondien.com\/wp-content\/uploads\/2014\/07\/pressreleases.png\" >[\/vc_column][vc_column width=\u00a0\u00bb3\/4&Prime;]<p>Les communiqu\u00e9s de presse servent une entreprise en annon\u00e7ant \u00e0 ses clients de nouveaux produits, services ou politiques d&rsquo;entreprise. Les communiqu\u00e9s de presse bien \u00e9crits sont n\u00e9cessaires pour envoyer les bonnes nouvelles \u00e0 vos clients et pour maintenir des relations publiques saines.<\/p>\n<p><a href=\"http:\/\/mondien.com\/wp-content\/uploads\/2014\/07\/pressreleasesicon.png\"><img loading=\"lazy\" decoding=\"async\" class=\"aligncenter size-full wp-image-6949\" src=\"http:\/\/mondien.com\/wp-content\/uploads\/2014\/07\/pressreleasesicon.png\" alt=\"pressreleasesicon\" width=\"500\" height=\"141\" srcset=\"https:\/\/mondien.com\/wp-content\/uploads\/2014\/07\/pressreleasesicon.png 500w, https:\/\/mondien.com\/wp-content\/uploads\/2014\/07\/pressreleasesicon-300x84.png 300w, https:\/\/mondien.com\/wp-content\/uploads\/2014\/07\/pressreleasesicon-100x28.png 100w\" sizes=\"auto, (max-width: 500px) 100vw, 500px\" \/><\/a><\/p>\n<p>Nous fournissons des communiqu\u00e9s de presse p\u00e9riodiques pour les entreprises et faisons la mise \u00e0 jour des blogs, des pages web de nouvelles et des pages m\u00e9dias sociaux. Nous offrons \u00e9galement des communiqu\u00e9s de presse vid\u00e9o dans lesquels des acteurs peuvent faire la d\u00e9monstration de votre produit ou service.<\/p>\n<h3>Commandez en ligne ou demandez un devis gratuit.<\/h3>\n<p>Apr\u00e8s votre commande, nous vous contacterons pour recueillir des informations sur le sujet de votre communiqu\u00e9 de presse. Apr\u00e8s la r\u00e9daction d&rsquo;une copie initiale, nous allons vous la pr\u00e9senter pour des am\u00e9liorations, la finaliser et vous l&rsquo;envoyer dans un d\u00e9lai raisonnable.<\/p>\n<h3>Publiez un communiqu\u00e9 de presse vid\u00e9o engageant.<\/h3>\n<p>Nous pouvons \u00e9galement vous fournir des pr\u00e9sentations vid\u00e9o de haute qualit\u00e9 pour vos produits ou services, ou des annonces-vid\u00e9o personnalis\u00e9es. Pour obtenir un communiqu\u00e9 de presse vid\u00e9o, il suffit de nous contacter et nous vous r\u00e9pondrons dans les meilleurs d\u00e9lais.<\/p>\n<a  class=\"x-btn x-btn-square x-btn-small alignleft\"  href=\"http:\/\/mondien.com\/fr\/devis\/\"     data-options=\"thumbnail: ''\">DEMANDEZ UN DEVIS<\/a><a  class=\"x-btn x-btn-square x-btn-small alignleft\"  href=\"http:\/\/mondien.com\/fr\/contact\/\"     data-options=\"thumbnail: ''\">CONTACTEZ-NOUS<\/a>[\/vc_column][\/vc_row]\n<\/div>","protected":false},"excerpt":{"rendered":"<p>[vc_row][vc_column width=\u00a0\u00bb1\/1&Prime;][\/vc_column][\/vc_row][vc_row][vc_column width=\u00a0\u00bb1\/4&Prime;][\/vc_column][vc_column width=\u00a0\u00bb3\/4&Prime;][\/vc_column][\/vc_row]<\/p>\n","protected":false},"author":1,"featured_media":0,"parent":7929,"menu_order":2,"comment_status":"closed","ping_status":"closed","template":"template-layout-full-width.php","meta":{"_monsterinsights_skip_tracking":false,"_monsterinsights_sitenote_active":false,"_monsterinsights_sitenote_note":"","_monsterinsights_sitenote_category":0,"footnotes":""},"class_list":["post-7933","page","type-page","status-publish","hentry","no-post-thumbnail"],"yoast_head":"<!-- This site is optimized with the Yoast SEO plugin v25.5 - https:\/\/yoast.com\/wordpress\/plugins\/seo\/ -->\n<title>Communiqu\u00e9s de presse - Mondien<\/title>\n<meta name=\"robots\" content=\"index, follow, max-snippet:-1, max-image-preview:large, max-video-preview:-1\" \/>\n<link rel=\"canonical\" href=\"https:\/\/mondien.com\/fr\/services\/contenu\/communiques-de-presse\/\" \/>\n<meta property=\"og:locale\" content=\"fr_FR\" \/>\n<meta property=\"og:type\" content=\"article\" \/>\n<meta property=\"og:title\" content=\"Communiqu\u00e9s de presse - Mondien\" \/>\n<meta property=\"og:description\" content=\"[vc_row][vc_column width=\u00a0\u00bb1\/1&Prime;][\/vc_column][\/vc_row][vc_row][vc_column width=\u00a0\u00bb1\/4&Prime;][\/vc_column][vc_column width=\u00a0\u00bb3\/4&Prime;][\/vc_column][\/vc_row]\" \/>\n<meta property=\"og:url\" content=\"https:\/\/mondien.com\/fr\/services\/contenu\/communiques-de-presse\/\" \/>\n<meta property=\"og:site_name\" content=\"Mondien\" \/>\n<meta property=\"article:publisher\" content=\"https:\/\/www.facebook.com\/Mondien\" \/>\n<meta property=\"article:modified_time\" content=\"2015-06-18T00:52:59+00:00\" \/>\n<meta property=\"og:image\" content=\"http:\/\/mondien.com\/wp-content\/uploads\/2014\/07\/pressreleasesicon.png\" \/>\n<meta name=\"twitter:card\" content=\"summary_large_image\" \/>\n<meta name=\"twitter:site\" content=\"@Mondien\" \/>\n<meta name=\"twitter:label1\" content=\"Dur\u00e9e de lecture estim\u00e9e\" \/>\n\t<meta name=\"twitter:data1\" content=\"2 minutes\" \/>\n<script type=\"application\/ld+json\" class=\"yoast-schema-graph\">{\"@context\":\"https:\/\/schema.org\",\"@graph\":[{\"@type\":\"WebPage\",\"@id\":\"https:\/\/mondien.com\/fr\/services\/contenu\/communiques-de-presse\/\",\"url\":\"https:\/\/mondien.com\/fr\/services\/contenu\/communiques-de-presse\/\",\"name\":\"Communiqu\u00e9s de presse - Mondien\",\"isPartOf\":{\"@id\":\"https:\/\/mondien.com\/fr\/#website\"},\"primaryImageOfPage\":{\"@id\":\"https:\/\/mondien.com\/fr\/services\/contenu\/communiques-de-presse\/#primaryimage\"},\"image\":{\"@id\":\"https:\/\/mondien.com\/fr\/services\/contenu\/communiques-de-presse\/#primaryimage\"},\"thumbnailUrl\":\"http:\/\/mondien.com\/wp-content\/uploads\/2014\/07\/pressreleasesicon.png\",\"datePublished\":\"2014-08-17T15:01:46+00:00\",\"dateModified\":\"2015-06-18T00:52:59+00:00\",\"breadcrumb\":{\"@id\":\"https:\/\/mondien.com\/fr\/services\/contenu\/communiques-de-presse\/#breadcrumb\"},\"inLanguage\":\"fr-FR\",\"potentialAction\":[{\"@type\":\"ReadAction\",\"target\":[\"https:\/\/mondien.com\/fr\/services\/contenu\/communiques-de-presse\/\"]}]},{\"@type\":\"ImageObject\",\"inLanguage\":\"fr-FR\",\"@id\":\"https:\/\/mondien.com\/fr\/services\/contenu\/communiques-de-presse\/#primaryimage\",\"url\":\"http:\/\/mondien.com\/wp-content\/uploads\/2014\/07\/pressreleasesicon.png\",\"contentUrl\":\"http:\/\/mondien.com\/wp-content\/uploads\/2014\/07\/pressreleasesicon.png\"},{\"@type\":\"BreadcrumbList\",\"@id\":\"https:\/\/mondien.com\/fr\/services\/contenu\/communiques-de-presse\/#breadcrumb\",\"itemListElement\":[{\"@type\":\"ListItem\",\"position\":1,\"name\":\"Home\",\"item\":\"https:\/\/mondien.com\/fr\/\"},{\"@type\":\"ListItem\",\"position\":2,\"name\":\"Services\",\"item\":\"https:\/\/mondien.com\/fr\/services\/\"},{\"@type\":\"ListItem\",\"position\":3,\"name\":\"Contenu\",\"item\":\"https:\/\/mondien.com\/fr\/services\/contenu\/\"},{\"@type\":\"ListItem\",\"position\":4,\"name\":\"Communiqu\u00e9s de presse\"}]},{\"@type\":\"WebSite\",\"@id\":\"https:\/\/mondien.com\/fr\/#website\",\"url\":\"https:\/\/mondien.com\/fr\/\",\"name\":\"Mondien\",\"description\":\"Montreal Web Design - Website Design Company | Mondien\",\"publisher\":{\"@id\":\"https:\/\/mondien.com\/fr\/#organization\"},\"potentialAction\":[{\"@type\":\"SearchAction\",\"target\":{\"@type\":\"EntryPoint\",\"urlTemplate\":\"https:\/\/mondien.com\/fr\/?s={search_term_string}\"},\"query-input\":{\"@type\":\"PropertyValueSpecification\",\"valueRequired\":true,\"valueName\":\"search_term_string\"}}],\"inLanguage\":\"fr-FR\"},{\"@type\":\"Organization\",\"@id\":\"https:\/\/mondien.com\/fr\/#organization\",\"name\":\"Mondien\",\"url\":\"https:\/\/mondien.com\/fr\/\",\"logo\":{\"@type\":\"ImageObject\",\"inLanguage\":\"fr-FR\",\"@id\":\"https:\/\/mondien.com\/fr\/#\/schema\/logo\/image\/\",\"url\":\"https:\/\/mondien.com\/wp-content\/uploads\/2024\/09\/mondienlogo.jpg\",\"contentUrl\":\"https:\/\/mondien.com\/wp-content\/uploads\/2024\/09\/mondienlogo.jpg\",\"width\":500,\"height\":500,\"caption\":\"Mondien\"},\"image\":{\"@id\":\"https:\/\/mondien.com\/fr\/#\/schema\/logo\/image\/\"},\"sameAs\":[\"https:\/\/www.facebook.com\/Mondien\",\"https:\/\/x.com\/Mondien\",\"http:\/\/www.linkedin.com\/company\/mondien\",\"https:\/\/www.pinterest.com\/mondien\/\"]}]}<\/script>\n<!-- \/ Yoast SEO plugin. -->","yoast_head_json":{"title":"Communiqu\u00e9s de presse - Mondien","robots":{"index":"index","follow":"follow","max-snippet":"max-snippet:-1","max-image-preview":"max-image-preview:large","max-video-preview":"max-video-preview:-1"},"canonical":"https:\/\/mondien.com\/fr\/services\/contenu\/communiques-de-presse\/","og_locale":"fr_FR","og_type":"article","og_title":"Communiqu\u00e9s de presse - Mondien","og_description":"[vc_row][vc_column width=\u00a0\u00bb1\/1&Prime;][\/vc_column][\/vc_row][vc_row][vc_column width=\u00a0\u00bb1\/4&Prime;][\/vc_column][vc_column width=\u00a0\u00bb3\/4&Prime;][\/vc_column][\/vc_row]","og_url":"https:\/\/mondien.com\/fr\/services\/contenu\/communiques-de-presse\/","og_site_name":"Mondien","article_publisher":"https:\/\/www.facebook.com\/Mondien","article_modified_time":"2015-06-18T00:52:59+00:00","og_image":[{"url":"http:\/\/mondien.com\/wp-content\/uploads\/2014\/07\/pressreleasesicon.png","type":"","width":"","height":""}],"twitter_card":"summary_large_image","twitter_site":"@Mondien","twitter_misc":{"Dur\u00e9e de lecture estim\u00e9e":"2 minutes"},"schema":{"@context":"https:\/\/schema.org","@graph":[{"@type":"WebPage","@id":"https:\/\/mondien.com\/fr\/services\/contenu\/communiques-de-presse\/","url":"https:\/\/mondien.com\/fr\/services\/contenu\/communiques-de-presse\/","name":"Communiqu\u00e9s de presse - Mondien","isPartOf":{"@id":"https:\/\/mondien.com\/fr\/#website"},"primaryImageOfPage":{"@id":"https:\/\/mondien.com\/fr\/services\/contenu\/communiques-de-presse\/#primaryimage"},"image":{"@id":"https:\/\/mondien.com\/fr\/services\/contenu\/communiques-de-presse\/#primaryimage"},"thumbnailUrl":"http:\/\/mondien.com\/wp-content\/uploads\/2014\/07\/pressreleasesicon.png","datePublished":"2014-08-17T15:01:46+00:00","dateModified":"2015-06-18T00:52:59+00:00","breadcrumb":{"@id":"https:\/\/mondien.com\/fr\/services\/contenu\/communiques-de-presse\/#breadcrumb"},"inLanguage":"fr-FR","potentialAction":[{"@type":"ReadAction","target":["https:\/\/mondien.com\/fr\/services\/contenu\/communiques-de-presse\/"]}]},{"@type":"ImageObject","inLanguage":"fr-FR","@id":"https:\/\/mondien.com\/fr\/services\/contenu\/communiques-de-presse\/#primaryimage","url":"http:\/\/mondien.com\/wp-content\/uploads\/2014\/07\/pressreleasesicon.png","contentUrl":"http:\/\/mondien.com\/wp-content\/uploads\/2014\/07\/pressreleasesicon.png"},{"@type":"BreadcrumbList","@id":"https:\/\/mondien.com\/fr\/services\/contenu\/communiques-de-presse\/#breadcrumb","itemListElement":[{"@type":"ListItem","position":1,"name":"Home","item":"https:\/\/mondien.com\/fr\/"},{"@type":"ListItem","position":2,"name":"Services","item":"https:\/\/mondien.com\/fr\/services\/"},{"@type":"ListItem","position":3,"name":"Contenu","item":"https:\/\/mondien.com\/fr\/services\/contenu\/"},{"@type":"ListItem","position":4,"name":"Communiqu\u00e9s de presse"}]},{"@type":"WebSite","@id":"https:\/\/mondien.com\/fr\/#website","url":"https:\/\/mondien.com\/fr\/","name":"Mondien","description":"Montreal Web Design - Website Design Company | Mondien","publisher":{"@id":"https:\/\/mondien.com\/fr\/#organization"},"potentialAction":[{"@type":"SearchAction","target":{"@type":"EntryPoint","urlTemplate":"https:\/\/mondien.com\/fr\/?s={search_term_string}"},"query-input":{"@type":"PropertyValueSpecification","valueRequired":true,"valueName":"search_term_string"}}],"inLanguage":"fr-FR"},{"@type":"Organization","@id":"https:\/\/mondien.com\/fr\/#organization","name":"Mondien","url":"https:\/\/mondien.com\/fr\/","logo":{"@type":"ImageObject","inLanguage":"fr-FR","@id":"https:\/\/mondien.com\/fr\/#\/schema\/logo\/image\/","url":"https:\/\/mondien.com\/wp-content\/uploads\/2024\/09\/mondienlogo.jpg","contentUrl":"https:\/\/mondien.com\/wp-content\/uploads\/2024\/09\/mondienlogo.jpg","width":500,"height":500,"caption":"Mondien"},"image":{"@id":"https:\/\/mondien.com\/fr\/#\/schema\/logo\/image\/"},"sameAs":["https:\/\/www.facebook.com\/Mondien","https:\/\/x.com\/Mondien","http:\/\/www.linkedin.com\/company\/mondien","https:\/\/www.pinterest.com\/mondien\/"]}]}},"_links":{"self":[{"href":"https:\/\/mondien.com\/fr\/wp-json\/wp\/v2\/pages\/7933","targetHints":{"allow":["GET"]}}],"collection":[{"href":"https:\/\/mondien.com\/fr\/wp-json\/wp\/v2\/pages"}],"about":[{"href":"https:\/\/mondien.com\/fr\/wp-json\/wp\/v2\/types\/page"}],"author":[{"embeddable":true,"href":"https:\/\/mondien.com\/fr\/wp-json\/wp\/v2\/users\/1"}],"replies":[{"embeddable":true,"href":"https:\/\/mondien.com\/fr\/wp-json\/wp\/v2\/comments?post=7933"}],"version-history":[{"count":0,"href":"https:\/\/mondien.com\/fr\/wp-json\/wp\/v2\/pages\/7933\/revisions"}],"up":[{"embeddable":true,"href":"https:\/\/mondien.com\/fr\/wp-json\/wp\/v2\/pages\/7929"}],"wp:attachment":[{"href":"https:\/\/mondien.com\/fr\/wp-json\/wp\/v2\/media?parent=7933"}],"curies":[{"name":"wp","href":"https:\/\/api.w.org\/{rel}","templated":true}]}}