{"id":7949,"date":"2014-08-17T11:16:11","date_gmt":"2014-08-17T15:16:11","guid":{"rendered":"http:\/\/mondien.com\/?page_id=7949"},"modified":"2014-08-17T21:07:29","modified_gmt":"2014-08-18T01:07:29","slug":"termes-et-conditions","status":"publish","type":"page","link":"https:\/\/mondien.com\/fr\/termes-et-conditions\/","title":{"rendered":"Termes et conditions"},"content":{"rendered":"<div class=\"wpb-content-wrapper\">[vc_row][vc_column width=\u00a0\u00bb1\/1&Prime;]<h2  class=\"h-custom-headline h2\" ><span>Nos termes et conditions<\/span><\/h2>[\/vc_column][\/vc_row][vc_row][vc_column width=\u00a0\u00bb1\/1&Prime;]<p><strong>1.L&rsquo;acceptation des termes et conditions de l&rsquo;utilisation de\u00a0Mondien Services Inc.<\/strong><\/p>\n<p>L&rsquo;acc\u00e8s et l&rsquo;utilisation mondien.com sont exclusivement soumises \u00e0 ces termes et conditions. Vous ne pourrez pas utiliser le site web \u00e0 des fins illicites ou interdites par ces termes et conditions. En utilisant le site, vous acceptez enti\u00e8rement les termes, conditions et avertissements contenus dans le pr\u00e9sent avis. Si vous n&rsquo;acceptez pas ces conditions g\u00e9n\u00e9rales, vous devez imm\u00e9diatement cesser d&rsquo;utiliser le site web.<\/p>\n<p><strong>2.D\u00e9tails de carte de cr\u00e9dit<\/strong><\/p>\n<p>Nos passerelles de paiement en ligne sont: Authorize.Net, PayPal, Moneybookers \/ Skrill, Interac et paysafecard.<\/p>\n<p><strong>3.Conseils<\/strong><\/p>\n<p>Le contenu de mondien.com ne constitue pas des conseils et ne doit pas \u00eatre invoqu\u00e9 pour faire ou s&rsquo;abstenir de prendre toute d\u00e9cision.<\/p>\n<p><strong>4.Changement d&rsquo;utilisation<\/strong><\/p>\n<p>Mondien Services Inc. se r\u00e9serve le droit de:<br \/>\n4.1\u00a0modifier ou supprimer (temporairement ou d\u00e9finitivement) le site web ou toute partie de celui-ci sans pr\u00e9avis et vous confirmez que Mondien Services Inc. ne sera pas responsable envers vous pour toute modification ou suppression.<br \/>\n4.2\u00a0modifier ces termes et conditions \u00e0 tout moment, et votre utilisation continue du site Web apr\u00e8s toute modification sera consid\u00e9r\u00e9e comme votre acceptation de ces changements.<\/p>\n<p><strong>5.Liens vers des sites tiers<\/strong><\/p>\n<p>mondien.com\u00a0peut contenir des liens vers des sites Web tiers qui sont contr\u00f4l\u00e9s et g\u00e9r\u00e9s par d&rsquo;autres. Tout lien vers d&rsquo;autres sites ne constitue pas une approbation de ces sites et vous reconnaissez et acceptez que nous ne sommes pas responsables du contenu ou de la disponibilit\u00e9 de ces sites.<\/p>\n<p><strong>6.Droits d&rsquo;auteur<\/strong><\/p>\n<p>6.1\u00a0Tous les droits d&rsquo;auteur, marques de commerce et tous les autres droits de propri\u00e9t\u00e9 intellectuelle du site web et son contenu (y compris, sans s&rsquo;y limiter, la conception du site web, textes, graphiques et tous les codes du logiciel source et en relation avec le site) sont la propri\u00e9t\u00e9 ou sous licence de Mondien Services Inc. ou autrement utilis\u00e9s par Mondien services Inc. dans la mesure permise par la loi.<br \/>\n6.2\u00a0En acc\u00e9dant au site, vous convenez que vous aurez acc\u00e8s \u00e0 du contenu uniquement pour votre usage personnel et non-commercial. Aucune partie du contenu peut \u00eatre t\u00e9l\u00e9charg\u00e9e, copi\u00e9e, reproduite, transmise, stock\u00e9e, vendue ou distribu\u00e9e sans le consentement \u00e9crit pr\u00e9alable du d\u00e9tenteur des droits d&rsquo;auteur. Cela exclut le t\u00e9l\u00e9chargement, la copie et \/ ou l&rsquo;impression de pages du site Web pour une utilisation \u00e0 domicile personnelle et non commerciale seulement.<\/p>\n<p><strong>7.Avertissements et limitations de responsabilit\u00e9<\/strong><\/p>\n<p>7.1\u00a0Le Site est fourni TEL QUEL et SELON LA DISPONIBILIT\u00c9 sans aucune repr\u00e9sentation ou interpr\u00e9tation et sans aucune garantie d&rsquo;aucune sorte tant explicite ou implicite, y compris, mais sans s&rsquo;y limiter, toute garantie implicite de qualit\u00e9 satisfaisante, d&rsquo;ad\u00e9quation \u00e0 un usage particulier, de non-contrefa\u00e7on, de compatibilit\u00e9, de s\u00e9curit\u00e9 et d&rsquo;exactitude.<br \/>\n7.2\u00a0Dans la mesure permise par la loi, Mondien Services Inc. ne sera pas responsable de toute perte ou dommage indirect ou cons\u00e9cutif quel que soit (y compris, sans limitation la perte d&rsquo; affaires, d&rsquo;opportunit\u00e9, de donn\u00e9es, de b\u00e9n\u00e9fices) d\u00e9coulant de ou en relation avec l&rsquo;utilisation du site web.<br \/>\n7.3\u00a0Mondien Services Inc. ne garantit pas que le fonctionnement du site web sera ininterrompu ou sans erreur, que les d\u00e9fauts seront corrig\u00e9s ou que le site web ou le serveur qui le rend disponible sont exempts de virus ou tout autre chose qui peut \u00eatre nuisible ou destructeur.<br \/>\n7.4\u00a0Rien dans ces termes et conditions ne peut \u00eatre interpr\u00e9t\u00e9 de fa\u00e7on \u00e0 exclure ou limiter la responsabilit\u00e9 de Mondien Services Inc. pour la mort ou des blessures \u00e0 la suite de la n\u00e9gligence de Mondien Services Inc. ou de ses employ\u00e9s ou agents.<\/p>\n<p><strong>8.Indemnit\u00e9<\/strong><\/p>\n<p>Vous vous engagez d&rsquo;indemniser Mondien Services Inc. et ses employ\u00e9s et agents de toutes les responsabilit\u00e9s, les frais juridiques, les dommages, les pertes, les co\u00fbts et autres d\u00e9penses li\u00e9es \u00e0 des r\u00e9clamations ou actions intent\u00e9es contre Mondien Services Inc. d\u00e9coulant de toute violation par vous de ces Termes et Conditions ou d&rsquo;autres obligations d\u00e9coulant de votre utilisation de ce site Web.<\/p>\n<p><strong>9.Rupture de termes<\/strong><\/p>\n<p>Si l&rsquo;un de ces termes et conditions devrait \u00eatre jug\u00e9 invalide, ill\u00e9gal ou non ex\u00e9cutoire pour quelque raison que par un tribunal comp\u00e9tent, ladite modalit\u00e9 ou condition sera supprim\u00e9e et les termes et conditions restants survivent et restent en vigueur et en plein effet et continueront \u00e0 \u00eatre obligatoires et ex\u00e9cutoires.<\/p>\n<p><strong>10.Loi applicable<\/strong><\/p>\n<p>Ces Termes et Conditions seront r\u00e9gies et interpr\u00e9t\u00e9es conform\u00e9ment aux lois du Qu\u00e9bec, et du Canada et vous vous soumettez \u00e0 la juridiction exclusive des tribunaux du Qu\u00e9bec.<\/p>\n<p>Pour plus d&rsquo;informations s&rsquo;il vous pla\u00eet \u00e9crivez-nous \u00e0 support@mondien.com, ou contactez-nous en utilisant les informations suivantes:<\/p>\n<p>442 St-Gabriel, Suite 100,<br \/>\nMontr\u00e9al, Qu\u00e9bec,<br \/>\nH2Y 2Z9, Canada<\/p>\n<p>514 MONDIEN (666-3436)<br \/>\n514 909-0110<\/p>\n[\/vc_column][\/vc_row]\n<\/div>","protected":false},"excerpt":{"rendered":"<p>[vc_row][vc_column width=\u00a0\u00bb1\/1&Prime;][\/vc_column][\/vc_row][vc_row][vc_column width=\u00a0\u00bb1\/1&Prime;][\/vc_column][\/vc_row]<\/p>\n","protected":false},"author":1,"featured_media":0,"parent":0,"menu_order":11,"comment_status":"closed","ping_status":"closed","template":"template-layout-full-width.php","meta":{"_monsterinsights_skip_tracking":false,"_monsterinsights_sitenote_active":false,"_monsterinsights_sitenote_note":"","_monsterinsights_sitenote_category":0,"footnotes":""},"class_list":["post-7949","page","type-page","status-publish","hentry","no-post-thumbnail"],"yoast_head":"<!-- This site is optimized with the Yoast SEO plugin v25.5 - https:\/\/yoast.com\/wordpress\/plugins\/seo\/ -->\n<title>Termes et conditions - Mondien<\/title>\n<meta name=\"robots\" content=\"index, follow, max-snippet:-1, max-image-preview:large, max-video-preview:-1\" \/>\n<link rel=\"canonical\" href=\"https:\/\/mondien.com\/fr\/termes-et-conditions\/\" \/>\n<meta property=\"og:locale\" content=\"fr_FR\" \/>\n<meta property=\"og:type\" content=\"article\" \/>\n<meta property=\"og:title\" content=\"Termes et conditions - Mondien\" \/>\n<meta property=\"og:description\" content=\"[vc_row][vc_column width=\u00a0\u00bb1\/1&Prime;][\/vc_column][\/vc_row][vc_row][vc_column width=\u00a0\u00bb1\/1&Prime;][\/vc_column][\/vc_row]\" \/>\n<meta property=\"og:url\" content=\"https:\/\/mondien.com\/fr\/termes-et-conditions\/\" \/>\n<meta property=\"og:site_name\" content=\"Mondien\" \/>\n<meta property=\"article:publisher\" content=\"https:\/\/www.facebook.com\/Mondien\" \/>\n<meta property=\"article:modified_time\" content=\"2014-08-18T01:07:29+00:00\" \/>\n<meta property=\"og:image\" content=\"https:\/\/mondien.com\/wp-content\/uploads\/2024\/09\/mondienlogo.jpg\" \/>\n\t<meta property=\"og:image:width\" content=\"500\" \/>\n\t<meta property=\"og:image:height\" content=\"500\" \/>\n\t<meta property=\"og:image:type\" content=\"image\/jpeg\" \/>\n<meta name=\"twitter:card\" content=\"summary_large_image\" \/>\n<meta name=\"twitter:site\" content=\"@Mondien\" \/>\n<meta name=\"twitter:label1\" content=\"Dur\u00e9e de lecture estim\u00e9e\" \/>\n\t<meta name=\"twitter:data1\" content=\"4 minutes\" \/>\n<script type=\"application\/ld+json\" class=\"yoast-schema-graph\">{\"@context\":\"https:\/\/schema.org\",\"@graph\":[{\"@type\":\"WebPage\",\"@id\":\"https:\/\/mondien.com\/fr\/termes-et-conditions\/\",\"url\":\"https:\/\/mondien.com\/fr\/termes-et-conditions\/\",\"name\":\"Termes et conditions - Mondien\",\"isPartOf\":{\"@id\":\"https:\/\/mondien.com\/fr\/#website\"},\"datePublished\":\"2014-08-17T15:16:11+00:00\",\"dateModified\":\"2014-08-18T01:07:29+00:00\",\"breadcrumb\":{\"@id\":\"https:\/\/mondien.com\/fr\/termes-et-conditions\/#breadcrumb\"},\"inLanguage\":\"fr-FR\",\"potentialAction\":[{\"@type\":\"ReadAction\",\"target\":[\"https:\/\/mondien.com\/fr\/termes-et-conditions\/\"]}]},{\"@type\":\"BreadcrumbList\",\"@id\":\"https:\/\/mondien.com\/fr\/termes-et-conditions\/#breadcrumb\",\"itemListElement\":[{\"@type\":\"ListItem\",\"position\":1,\"name\":\"Home\",\"item\":\"https:\/\/mondien.com\/fr\/\"},{\"@type\":\"ListItem\",\"position\":2,\"name\":\"Termes et conditions\"}]},{\"@type\":\"WebSite\",\"@id\":\"https:\/\/mondien.com\/fr\/#website\",\"url\":\"https:\/\/mondien.com\/fr\/\",\"name\":\"Mondien\",\"description\":\"Montreal Web Design - Website Design Company | Mondien\",\"publisher\":{\"@id\":\"https:\/\/mondien.com\/fr\/#organization\"},\"potentialAction\":[{\"@type\":\"SearchAction\",\"target\":{\"@type\":\"EntryPoint\",\"urlTemplate\":\"https:\/\/mondien.com\/fr\/?s={search_term_string}\"},\"query-input\":{\"@type\":\"PropertyValueSpecification\",\"valueRequired\":true,\"valueName\":\"search_term_string\"}}],\"inLanguage\":\"fr-FR\"},{\"@type\":\"Organization\",\"@id\":\"https:\/\/mondien.com\/fr\/#organization\",\"name\":\"Mondien\",\"url\":\"https:\/\/mondien.com\/fr\/\",\"logo\":{\"@type\":\"ImageObject\",\"inLanguage\":\"fr-FR\",\"@id\":\"https:\/\/mondien.com\/fr\/#\/schema\/logo\/image\/\",\"url\":\"https:\/\/mondien.com\/wp-content\/uploads\/2024\/09\/mondienlogo.jpg\",\"contentUrl\":\"https:\/\/mondien.com\/wp-content\/uploads\/2024\/09\/mondienlogo.jpg\",\"width\":500,\"height\":500,\"caption\":\"Mondien\"},\"image\":{\"@id\":\"https:\/\/mondien.com\/fr\/#\/schema\/logo\/image\/\"},\"sameAs\":[\"https:\/\/www.facebook.com\/Mondien\",\"https:\/\/x.com\/Mondien\",\"http:\/\/www.linkedin.com\/company\/mondien\",\"https:\/\/www.pinterest.com\/mondien\/\"]}]}<\/script>\n<!-- \/ Yoast SEO plugin. -->","yoast_head_json":{"title":"Termes et conditions - Mondien","robots":{"index":"index","follow":"follow","max-snippet":"max-snippet:-1","max-image-preview":"max-image-preview:large","max-video-preview":"max-video-preview:-1"},"canonical":"https:\/\/mondien.com\/fr\/termes-et-conditions\/","og_locale":"fr_FR","og_type":"article","og_title":"Termes et conditions - Mondien","og_description":"[vc_row][vc_column width=\u00a0\u00bb1\/1&Prime;][\/vc_column][\/vc_row][vc_row][vc_column width=\u00a0\u00bb1\/1&Prime;][\/vc_column][\/vc_row]","og_url":"https:\/\/mondien.com\/fr\/termes-et-conditions\/","og_site_name":"Mondien","article_publisher":"https:\/\/www.facebook.com\/Mondien","article_modified_time":"2014-08-18T01:07:29+00:00","og_image":[{"width":500,"height":500,"url":"https:\/\/mondien.com\/wp-content\/uploads\/2024\/09\/mondienlogo.jpg","type":"image\/jpeg"}],"twitter_card":"summary_large_image","twitter_site":"@Mondien","twitter_misc":{"Dur\u00e9e de lecture estim\u00e9e":"4 minutes"},"schema":{"@context":"https:\/\/schema.org","@graph":[{"@type":"WebPage","@id":"https:\/\/mondien.com\/fr\/termes-et-conditions\/","url":"https:\/\/mondien.com\/fr\/termes-et-conditions\/","name":"Termes et conditions - Mondien","isPartOf":{"@id":"https:\/\/mondien.com\/fr\/#website"},"datePublished":"2014-08-17T15:16:11+00:00","dateModified":"2014-08-18T01:07:29+00:00","breadcrumb":{"@id":"https:\/\/mondien.com\/fr\/termes-et-conditions\/#breadcrumb"},"inLanguage":"fr-FR","potentialAction":[{"@type":"ReadAction","target":["https:\/\/mondien.com\/fr\/termes-et-conditions\/"]}]},{"@type":"BreadcrumbList","@id":"https:\/\/mondien.com\/fr\/termes-et-conditions\/#breadcrumb","itemListElement":[{"@type":"ListItem","position":1,"name":"Home","item":"https:\/\/mondien.com\/fr\/"},{"@type":"ListItem","position":2,"name":"Termes et conditions"}]},{"@type":"WebSite","@id":"https:\/\/mondien.com\/fr\/#website","url":"https:\/\/mondien.com\/fr\/","name":"Mondien","description":"Montreal Web Design - Website Design Company | Mondien","publisher":{"@id":"https:\/\/mondien.com\/fr\/#organization"},"potentialAction":[{"@type":"SearchAction","target":{"@type":"EntryPoint","urlTemplate":"https:\/\/mondien.com\/fr\/?s={search_term_string}"},"query-input":{"@type":"PropertyValueSpecification","valueRequired":true,"valueName":"search_term_string"}}],"inLanguage":"fr-FR"},{"@type":"Organization","@id":"https:\/\/mondien.com\/fr\/#organization","name":"Mondien","url":"https:\/\/mondien.com\/fr\/","logo":{"@type":"ImageObject","inLanguage":"fr-FR","@id":"https:\/\/mondien.com\/fr\/#\/schema\/logo\/image\/","url":"https:\/\/mondien.com\/wp-content\/uploads\/2024\/09\/mondienlogo.jpg","contentUrl":"https:\/\/mondien.com\/wp-content\/uploads\/2024\/09\/mondienlogo.jpg","width":500,"height":500,"caption":"Mondien"},"image":{"@id":"https:\/\/mondien.com\/fr\/#\/schema\/logo\/image\/"},"sameAs":["https:\/\/www.facebook.com\/Mondien","https:\/\/x.com\/Mondien","http:\/\/www.linkedin.com\/company\/mondien","https:\/\/www.pinterest.com\/mondien\/"]}]}},"_links":{"self":[{"href":"https:\/\/mondien.com\/fr\/wp-json\/wp\/v2\/pages\/7949","targetHints":{"allow":["GET"]}}],"collection":[{"href":"https:\/\/mondien.com\/fr\/wp-json\/wp\/v2\/pages"}],"about":[{"href":"https:\/\/mondien.com\/fr\/wp-json\/wp\/v2\/types\/page"}],"author":[{"embeddable":true,"href":"https:\/\/mondien.com\/fr\/wp-json\/wp\/v2\/users\/1"}],"replies":[{"embeddable":true,"href":"https:\/\/mondien.com\/fr\/wp-json\/wp\/v2\/comments?post=7949"}],"version-history":[{"count":0,"href":"https:\/\/mondien.com\/fr\/wp-json\/wp\/v2\/pages\/7949\/revisions"}],"wp:attachment":[{"href":"https:\/\/mondien.com\/fr\/wp-json\/wp\/v2\/media?parent=7949"}],"curies":[{"name":"wp","href":"https:\/\/api.w.org\/{rel}","templated":true}]}}